{"id":5654,"date":"2026-03-04T03:56:46","date_gmt":"2026-03-04T03:56:46","guid":{"rendered":"https:\/\/web-uat.b2be.com\/?page_id=5654"},"modified":"2026-04-15T15:50:22","modified_gmt":"2026-04-15T15:50:22","slug":"corporate-governance","status":"publish","type":"page","link":"https:\/\/web-uat.b2be.com\/fr\/corporate-governance\/","title":{"rendered":"Gouvernance d'entreprise"},"content":{"rendered":"<div data-elementor-type=\"wp-page\" data-elementor-id=\"5654\" class=\"elementor elementor-5654\" data-elementor-post-type=\"page\">\n\t\t\t\t<div class=\"elementor-element elementor-element-a340b6b e-flex e-con-boxed e-con e-parent\" data-id=\"a340b6b\" data-element_type=\"container\" data-e-type=\"container\">\t\t\t<div class=\"e-con-inner\">\r\n\t\t<div class=\"elementor-element elementor-element-b47cbfc e-con-full e-flex e-con e-child\" data-id=\"b47cbfc\" data-element_type=\"container\" data-e-type=\"container\">\t\t<div class=\"elementor-element elementor-element-4929841 elementor-widget elementor-widget-heading\" data-id=\"4929841\" data-element_type=\"widget\" data-e-type=\"widget\" data-widget_type=\"heading.default\">\n\t\t\t\t\t<h1 class=\"elementor-heading-title elementor-size-default\">Gouvernance d'entreprise<\/h1>\t\t\t\t<\/div>\n\t\t\t\t<div class=\"elementor-element elementor-element-fe14437 elementor-widget__width-initial elementor-widget elementor-widget-text-editor\" data-id=\"fe14437\" data-element_type=\"widget\" data-e-type=\"widget\" data-widget_type=\"text-editor.default\">\n\t\t\t\t\t\t\t\t\t<p>Les politiques de gouvernance d'entreprise de B2BE garantissent que les principes fondamentaux de responsabilit\u00e9, de transparence, d'\u00e9quit\u00e9 et de diligence sont respect\u00e9s et suivis.<\/p>\t\t\t\t\t\t\t\t<\/div>\n\t\t\t\t<\/div>\r\n\t\t<div class=\"elementor-element elementor-element-bf145f3 e-con-full e-flex e-con e-child\" data-id=\"bf145f3\" data-element_type=\"container\" data-e-type=\"container\"><div class=\"elementor-element elementor-element-a60f4c8 e-con-full e-flex e-con e-child\" data-id=\"a60f4c8\" data-element_type=\"container\" data-e-type=\"container\"><div class=\"elementor-element elementor-element-3f7f5e0 e-con-full e-flex e-con e-child\" data-id=\"3f7f5e0\" data-element_type=\"container\" data-e-type=\"container\">\t\t<div class=\"elementor-element elementor-element-0b7fd62 elementor-widget elementor-widget-heading\" data-id=\"0b7fd62\" data-element_type=\"widget\" data-e-type=\"widget\" data-widget_type=\"heading.default\">\n\t\t\t\t\t<h2 class=\"elementor-heading-title elementor-size-default\">Anti-esclavage<\/h2>\t\t\t\t<\/div>\n\t\t\t\t<\/div>\r\n\t\t<div class=\"elementor-element elementor-element-aae4e6b e-con-full e-flex e-con e-child\" data-id=\"aae4e6b\" data-element_type=\"container\" data-e-type=\"container\">\t\t<div class=\"elementor-element elementor-element-45160b2 elementor-widget elementor-widget-text-editor\" data-id=\"45160b2\" data-element_type=\"widget\" data-e-type=\"widget\" data-widget_type=\"text-editor.default\">\n\t\t\t\t\t\t\t\t\t<p>Le groupe B2BE ne tol\u00e8re aucune forme d'esclavage moderne et s'engage \u00e0 mettre en \u0153uvre et \u00e0 faire appliquer des syst\u00e8mes et contr\u00f4les efficaces pour garantir que cela soit le cas dans le cadre des processus de recrutement du groupe, ainsi que dans le cadre du processus de s\u00e9lection des fournisseurs, partenaires et autres organisations avec lesquelles nous pouvons travailler ou commercer. Pour t\u00e9l\u00e9charger la politique anti-esclavage de B2BE <a href=\"\/wp-content\/uploads\/2026\/03\/Corporate_Governance_Anti_Slavery-Policy.pdf\" target=\"_blank\" rel=\"noopener\">cliquez ici<\/a>.<\/p>\t\t\t\t\t\t\t\t<\/div>\n\t\t\t\t<\/div>\r\n\t\t\t\t<\/div>\r\n\t\t<div class=\"elementor-element elementor-element-b207945 e-con-full e-flex e-con e-child\" data-id=\"b207945\" data-element_type=\"container\" data-e-type=\"container\"><div class=\"elementor-element elementor-element-9e7c15a e-con-full e-flex e-con e-child\" data-id=\"9e7c15a\" data-element_type=\"container\" data-e-type=\"container\">\t\t<div class=\"elementor-element elementor-element-436e0de elementor-widget elementor-widget-heading\" data-id=\"436e0de\" data-element_type=\"widget\" data-e-type=\"widget\" data-widget_type=\"heading.default\">\n\t\t\t\t\t<h2 class=\"elementor-heading-title elementor-size-default\">Code de conduite<\/h2>\t\t\t\t<\/div>\n\t\t\t\t<\/div>\r\n\t\t<div class=\"elementor-element elementor-element-4ae9c09 e-con-full e-flex e-con e-child\" data-id=\"4ae9c09\" data-element_type=\"container\" data-e-type=\"container\">\t\t<div class=\"elementor-element elementor-element-fd1c723 elementor-widget elementor-widget-text-editor\" data-id=\"fd1c723\" data-element_type=\"widget\" data-e-type=\"widget\" data-widget_type=\"text-editor.default\">\n\t\t\t\t\t\t\t\t\t<p>Le Groupe B2BE et ses politiques exigent que ses employ\u00e9s \u00e0 tous les niveaux, ses administrateurs et ses dirigeants observent des normes \u00e9lev\u00e9es d'\u00e9thique commerciale et personnelle dans l'accomplissement de leurs fonctions et responsabilit\u00e9s. Pour t\u00e9l\u00e9charger la politique de code de conduite de B2BE <a href=\"\/wp-content\/uploads\/2026\/03\/Corporate_Governance_Code_of_Conduct_and_Ethics_Policy.pdf\" target=\"_blank\" rel=\"noopener\">cliquez ici<\/a>.<\/p>\t\t\t\t\t\t\t\t<\/div>\n\t\t\t\t<\/div>\r\n\t\t\t\t<\/div>\r\n\t\t<div class=\"elementor-element elementor-element-9bd1c30 e-con-full e-flex e-con e-child\" data-id=\"9bd1c30\" data-element_type=\"container\" data-e-type=\"container\"><div class=\"elementor-element elementor-element-5048225 e-con-full e-flex e-con e-child\" data-id=\"5048225\" data-element_type=\"container\" data-e-type=\"container\">\t\t<div class=\"elementor-element elementor-element-3296845 elementor-widget elementor-widget-heading\" data-id=\"3296845\" data-element_type=\"widget\" data-e-type=\"widget\" data-widget_type=\"heading.default\">\n\t\t\t\t\t<h2 class=\"elementor-heading-title elementor-size-default\">Confidentialit\u00e9<\/h2>\t\t\t\t<\/div>\n\t\t\t\t<\/div>\r\n\t\t<div class=\"elementor-element elementor-element-194d420 e-con-full e-flex e-con e-child\" data-id=\"194d420\" data-element_type=\"container\" data-e-type=\"container\">\t\t<div class=\"elementor-element elementor-element-dd4caff elementor-widget elementor-widget-text-editor\" data-id=\"dd4caff\" data-element_type=\"widget\" data-e-type=\"widget\" data-widget_type=\"text-editor.default\">\n\t\t\t\t\t\t\t\t\t<p>La confidentialit\u00e9 de nos clients nous est ch\u00e8re et cette politique de confidentialit\u00e9 vise \u00e0 aider nos clients \u00e0 comprendre quelles informations nous collectons, pourquoi nous les collectons et comment elles sont utilis\u00e9es. Pour t\u00e9l\u00e9charger la politique de confidentialit\u00e9 de B2BE <a href=\"\/wp-content\/uploads\/2026\/03\/Corporate_Governance_Privacy_Policy.pdf\" target=\"_blank\" rel=\"noopener\">cliquez ici<\/a>.<\/p>\t\t\t\t\t\t\t\t<\/div>\n\t\t\t\t<\/div>\r\n\t\t\t\t<\/div>\r\n\t\t<div class=\"elementor-element elementor-element-b28e2ae e-con-full e-flex e-con e-child\" data-id=\"b28e2ae\" data-element_type=\"container\" data-e-type=\"container\"><div class=\"elementor-element elementor-element-d7742ee e-con-full e-flex e-con e-child\" data-id=\"d7742ee\" data-element_type=\"container\" data-e-type=\"container\">\t\t<div class=\"elementor-element elementor-element-b630cdc elementor-widget elementor-widget-heading\" data-id=\"b630cdc\" data-element_type=\"widget\" data-e-type=\"widget\" data-widget_type=\"heading.default\">\n\t\t\t\t\t<h2 class=\"elementor-heading-title elementor-size-default\">Durabilit\u00e9<\/h2>\t\t\t\t<\/div>\n\t\t\t\t<\/div>\r\n\t\t<div class=\"elementor-element elementor-element-4347ff0 e-con-full e-flex e-con e-child\" data-id=\"4347ff0\" data-element_type=\"container\" data-e-type=\"container\">\t\t<div class=\"elementor-element elementor-element-ab193d5 elementor-widget elementor-widget-text-editor\" data-id=\"ab193d5\" data-element_type=\"widget\" data-e-type=\"widget\" data-widget_type=\"text-editor.default\">\n\t\t\t\t\t\t\t\t\t<p>\u00catre durable signifie comprendre l'impact que notre entreprise et celle de nos clients ont sur le monde qui nous entoure, ainsi que l'impact que le monde qui nous entoure a sur notre entreprise. Pour t\u00e9l\u00e9charger la d\u00e9claration de durabilit\u00e9 de B2BE <a href=\"\/wp-content\/uploads\/2026\/03\/Corporate_Governance_Sustainability_Statement.pdf\" target=\"_blank\" rel=\"noopener\">cliquez ici<\/a>.<\/p>\t\t\t\t\t\t\t\t<\/div>\n\t\t\t\t<\/div>\r\n\t\t\t\t<\/div>\r\n\t\t\t\t<\/div>\r\n\t\t\t\t\t<\/div>\r\n\t\t\t\t<\/div>\r\n\t\t\t\t<\/div>","protected":false},"excerpt":{"rendered":"<p>Corporate Governance B2BE\u2019s corporate governance policies ensures the basic principles of accountability, transparency, fairness, and responsibility are adhered to and followed Anti-Slavery The B2BE Group does not tolerate modern slavery in any form and is committed to implement and enforcing effective systems and controls to ensure this is the case as part of the Group\u2019s [&hellip;]<\/p>\n","protected":false},"author":1,"featured_media":0,"parent":0,"menu_order":0,"comment_status":"closed","ping_status":"closed","template":"","meta":{"footnotes":""},"class_list":["post-5654","page","type-page","status-publish","hentry"],"yoast_head":"<!-- This site is optimized with the Yoast SEO plugin v27.3 - https:\/\/yoast.com\/product\/yoast-seo-wordpress\/ -->\n<title>Corporate Governance | B2BE Policies &amp; Ethics<\/title>\n<meta name=\"description\" content=\"Learn about B2BE&#039;s corporate governance, and our commitment to ethical business practices, transparency, and responsible business operations.\" \/>\n<meta name=\"robots\" content=\"noindex, follow, max-snippet:-1, max-image-preview:large, max-video-preview:-1\" \/>\n<meta property=\"og:locale\" content=\"fr_FR\" \/>\n<meta property=\"og:type\" content=\"article\" \/>\n<meta property=\"og:title\" content=\"Corporate Governance | B2BE Policies &amp; Ethics\" \/>\n<meta property=\"og:description\" content=\"Learn about B2BE&#039;s corporate governance, and our commitment to ethical business practices, transparency, and responsible business operations.\" \/>\n<meta property=\"og:url\" content=\"https:\/\/web-uat.b2be.com\/fr\/corporate-governance\/\" \/>\n<meta property=\"og:site_name\" content=\"B2BE\" \/>\n<meta property=\"article:publisher\" content=\"https:\/\/www.facebook.com\/B2BE-1522220608096071\/\" \/>\n<meta property=\"article:modified_time\" content=\"2026-04-15T15:50:22+00:00\" \/>\n<meta name=\"twitter:card\" content=\"summary_large_image\" \/>\n<meta name=\"twitter:site\" content=\"@B2BeSolutions\" \/>\n<meta name=\"twitter:label1\" content=\"Dur\u00e9e de lecture estim\u00e9e\" \/>\n\t<meta name=\"twitter:data1\" content=\"1 minute\" \/>\n<script type=\"application\/ld+json\" class=\"yoast-schema-graph\">{\"@context\":\"https:\\\/\\\/schema.org\",\"@graph\":[{\"@type\":\"WebPage\",\"@id\":\"https:\\\/\\\/web-uat.b2be.com\\\/corporate-governance\\\/\",\"url\":\"https:\\\/\\\/web-uat.b2be.com\\\/corporate-governance\\\/\",\"name\":\"Corporate Governance | B2BE Policies & Ethics\",\"isPartOf\":{\"@id\":\"https:\\\/\\\/web-uat.b2be.com\\\/#website\"},\"datePublished\":\"2026-03-04T03:56:46+00:00\",\"dateModified\":\"2026-04-15T15:50:22+00:00\",\"description\":\"Learn about B2BE's corporate governance, and our commitment to ethical business practices, transparency, and responsible business operations.\",\"breadcrumb\":{\"@id\":\"https:\\\/\\\/web-uat.b2be.com\\\/corporate-governance\\\/#breadcrumb\"},\"inLanguage\":\"fr-FR\",\"potentialAction\":[{\"@type\":\"ReadAction\",\"target\":[\"https:\\\/\\\/web-uat.b2be.com\\\/corporate-governance\\\/\"]}]},{\"@type\":\"BreadcrumbList\",\"@id\":\"https:\\\/\\\/web-uat.b2be.com\\\/corporate-governance\\\/#breadcrumb\",\"itemListElement\":[{\"@type\":\"ListItem\",\"position\":1,\"name\":\"Home\",\"item\":\"https:\\\/\\\/web-uat.b2be.com\\\/\"},{\"@type\":\"ListItem\",\"position\":2,\"name\":\"Corporate Governance\"}]},{\"@type\":\"WebSite\",\"@id\":\"https:\\\/\\\/web-uat.b2be.com\\\/#website\",\"url\":\"https:\\\/\\\/web-uat.b2be.com\\\/\",\"name\":\"B2BE e-Solutions\",\"description\":\"\",\"publisher\":{\"@id\":\"https:\\\/\\\/web-uat.b2be.com\\\/#organization\"},\"potentialAction\":[{\"@type\":\"SearchAction\",\"target\":{\"@type\":\"EntryPoint\",\"urlTemplate\":\"https:\\\/\\\/web-uat.b2be.com\\\/?s={search_term_string}\"},\"query-input\":{\"@type\":\"PropertyValueSpecification\",\"valueRequired\":true,\"valueName\":\"search_term_string\"}}],\"inLanguage\":\"fr-FR\"},{\"@type\":\"Organization\",\"@id\":\"https:\\\/\\\/web-uat.b2be.com\\\/#organization\",\"name\":\"B2BE Group of Companies\",\"url\":\"https:\\\/\\\/web-uat.b2be.com\\\/\",\"logo\":{\"@type\":\"ImageObject\",\"inLanguage\":\"fr-FR\",\"@id\":\"https:\\\/\\\/web-uat.b2be.com\\\/#\\\/schema\\\/logo\\\/image\\\/\",\"url\":\"https:\\\/\\\/web-uat.b2be.com\\\/wp-content\\\/uploads\\\/2026\\\/01\\\/converted-image.png\",\"contentUrl\":\"https:\\\/\\\/web-uat.b2be.com\\\/wp-content\\\/uploads\\\/2026\\\/01\\\/converted-image.png\",\"width\":600,\"height\":228,\"caption\":\"B2BE Group of Companies\"},\"image\":{\"@id\":\"https:\\\/\\\/web-uat.b2be.com\\\/#\\\/schema\\\/logo\\\/image\\\/\"},\"sameAs\":[\"https:\\\/\\\/www.facebook.com\\\/B2BE-1522220608096071\\\/\",\"https:\\\/\\\/x.com\\\/B2BeSolutions\",\"https:\\\/\\\/www.linkedin.com\\\/company\\\/b2be\"]}]}<\/script>\n<!-- \/ Yoast SEO plugin. -->","yoast_head_json":{"title":"Corporate Governance | B2BE Policies & Ethics","description":"Learn about B2BE's corporate governance, and our commitment to ethical business practices, transparency, and responsible business operations.","robots":{"index":"noindex","follow":"follow","max-snippet":"max-snippet:-1","max-image-preview":"max-image-preview:large","max-video-preview":"max-video-preview:-1"},"og_locale":"fr_FR","og_type":"article","og_title":"Corporate Governance | B2BE Policies & Ethics","og_description":"Learn about B2BE's corporate governance, and our commitment to ethical business practices, transparency, and responsible business operations.","og_url":"https:\/\/web-uat.b2be.com\/fr\/corporate-governance\/","og_site_name":"B2BE","article_publisher":"https:\/\/www.facebook.com\/B2BE-1522220608096071\/","article_modified_time":"2026-04-15T15:50:22+00:00","twitter_card":"summary_large_image","twitter_site":"@B2BeSolutions","twitter_misc":{"Dur\u00e9e de lecture estim\u00e9e":"1 minute"},"schema":{"@context":"https:\/\/schema.org","@graph":[{"@type":"WebPage","@id":"https:\/\/web-uat.b2be.com\/corporate-governance\/","url":"https:\/\/web-uat.b2be.com\/corporate-governance\/","name":"Corporate Governance | B2BE Policies & Ethics","isPartOf":{"@id":"https:\/\/web-uat.b2be.com\/#website"},"datePublished":"2026-03-04T03:56:46+00:00","dateModified":"2026-04-15T15:50:22+00:00","description":"Learn about B2BE's corporate governance, and our commitment to ethical business practices, transparency, and responsible business operations.","breadcrumb":{"@id":"https:\/\/web-uat.b2be.com\/corporate-governance\/#breadcrumb"},"inLanguage":"fr-FR","potentialAction":[{"@type":"ReadAction","target":["https:\/\/web-uat.b2be.com\/corporate-governance\/"]}]},{"@type":"BreadcrumbList","@id":"https:\/\/web-uat.b2be.com\/corporate-governance\/#breadcrumb","itemListElement":[{"@type":"ListItem","position":1,"name":"Home","item":"https:\/\/web-uat.b2be.com\/"},{"@type":"ListItem","position":2,"name":"Corporate Governance"}]},{"@type":"WebSite","@id":"https:\/\/web-uat.b2be.com\/#website","url":"https:\/\/web-uat.b2be.com\/","name":"B2BE e-Solutions","description":"","publisher":{"@id":"https:\/\/web-uat.b2be.com\/#organization"},"potentialAction":[{"@type":"SearchAction","target":{"@type":"EntryPoint","urlTemplate":"https:\/\/web-uat.b2be.com\/?s={search_term_string}"},"query-input":{"@type":"PropertyValueSpecification","valueRequired":true,"valueName":"search_term_string"}}],"inLanguage":"fr-FR"},{"@type":"Organization","@id":"https:\/\/web-uat.b2be.com\/#organization","name":"B2BE Group of Companies","url":"https:\/\/web-uat.b2be.com\/","logo":{"@type":"ImageObject","inLanguage":"fr-FR","@id":"https:\/\/web-uat.b2be.com\/#\/schema\/logo\/image\/","url":"https:\/\/web-uat.b2be.com\/wp-content\/uploads\/2026\/01\/converted-image.png","contentUrl":"https:\/\/web-uat.b2be.com\/wp-content\/uploads\/2026\/01\/converted-image.png","width":600,"height":228,"caption":"B2BE Group of Companies"},"image":{"@id":"https:\/\/web-uat.b2be.com\/#\/schema\/logo\/image\/"},"sameAs":["https:\/\/www.facebook.com\/B2BE-1522220608096071\/","https:\/\/x.com\/B2BeSolutions","https:\/\/www.linkedin.com\/company\/b2be"]}]}},"_links":{"self":[{"href":"https:\/\/web-uat.b2be.com\/fr\/wp-json\/wp\/v2\/pages\/5654","targetHints":{"allow":["GET"]}}],"collection":[{"href":"https:\/\/web-uat.b2be.com\/fr\/wp-json\/wp\/v2\/pages"}],"about":[{"href":"https:\/\/web-uat.b2be.com\/fr\/wp-json\/wp\/v2\/types\/page"}],"author":[{"embeddable":true,"href":"https:\/\/web-uat.b2be.com\/fr\/wp-json\/wp\/v2\/users\/1"}],"replies":[{"embeddable":true,"href":"https:\/\/web-uat.b2be.com\/fr\/wp-json\/wp\/v2\/comments?post=5654"}],"version-history":[{"count":161,"href":"https:\/\/web-uat.b2be.com\/fr\/wp-json\/wp\/v2\/pages\/5654\/revisions"}],"predecessor-version":[{"id":10669,"href":"https:\/\/web-uat.b2be.com\/fr\/wp-json\/wp\/v2\/pages\/5654\/revisions\/10669"}],"wp:attachment":[{"href":"https:\/\/web-uat.b2be.com\/fr\/wp-json\/wp\/v2\/media?parent=5654"}],"curies":[{"name":"wp","href":"https:\/\/api.w.org\/{rel}","templated":true}]}}