{"id":4580,"date":"2026-02-24T08:31:58","date_gmt":"2026-02-24T08:31:58","guid":{"rendered":"https:\/\/web-uat.b2be.com\/?page_id=4580"},"modified":"2026-04-09T07:58:10","modified_gmt":"2026-04-09T07:58:10","slug":"b2be-partners-with-eda","status":"publish","type":"page","link":"https:\/\/web-uat.b2be.com\/fr\/news\/b2be-partners-with-eda\/","title":{"rendered":"B2BE s'associe \u00e0 EDA"},"content":{"rendered":"<div data-elementor-type=\"wp-page\" data-elementor-id=\"4580\" class=\"elementor elementor-4580\" data-elementor-post-type=\"page\">\n\t\t\t\t<div class=\"elementor-element elementor-element-6051966 e-flex e-con-boxed e-con e-parent\" data-id=\"6051966\" data-element_type=\"container\" data-e-type=\"container\">\t\t\t<div class=\"e-con-inner\">\r\n\t\t<div class=\"elementor-element elementor-element-5541ca6 e-con-full e-flex e-con e-child\" data-id=\"5541ca6\" data-element_type=\"container\" data-e-type=\"container\" data-settings=\"{&quot;background_background&quot;:&quot;classic&quot;}\"><div class=\"elementor-element elementor-element-a8d5f04 e-flex e-con-boxed e-con e-child\" data-id=\"a8d5f04\" data-element_type=\"container\" data-e-type=\"container\">\t\t\t<div class=\"e-con-inner\">\r\n\t\t<div class=\"elementor-element elementor-element-5951c2d e-con-full e-flex e-con e-child\" data-id=\"5951c2d\" data-element_type=\"container\" data-e-type=\"container\">\t\t<div class=\"elementor-element elementor-element-97177cc elementor-position-inline-start elementor-view-default elementor-mobile-position-block-start elementor-widget elementor-widget-icon-box\" data-id=\"97177cc\" data-element_type=\"widget\" data-e-type=\"widget\" data-widget_type=\"icon-box.default\">\n\t\t\t\t\t\t\t<div class=\"elementor-icon-box-wrapper\">\n\n\t\t\t\t\t\t<div class=\"elementor-icon-box-icon\">\n\t\t\t\t<a href=\"\/fr\/news\/\" class=\"elementor-icon\" tabindex=\"-1\" aria-label=\"Retour aux actualit\u00e9s\">\n\t\t\t\t<i aria-hidden=\"true\" class=\"far fa-angle-left\"><\/i>\t\t\t\t<\/a>\n\t\t\t<\/div>\n\t\t\t\n\t\t\t\t\t\t<div class=\"elementor-icon-box-content\">\n\n\t\t\t\t\t\t\t\t\t<h3 class=\"elementor-icon-box-title\">\n\t\t\t\t\t\t<a href=\"\/fr\/news\/\" >\n\t\t\t\t\t\t\tRetour aux actualit\u00e9s\t\t\t\t\t\t<\/a>\n\t\t\t\t\t<\/h3>\n\t\t\t\t\n\t\t\t\t\n\t\t\t<\/div>\n\t\t\t\n\t\t<\/div>\n\t\t\t\t\t\t<\/div>\n\t\t\t\t<\/div>\r\n\t\t\t\t<div class=\"elementor-element elementor-element-35bd769 elementor-widget elementor-widget-heading\" data-id=\"35bd769\" data-element_type=\"widget\" data-e-type=\"widget\" data-widget_type=\"heading.default\">\n\t\t\t\t\t<div class=\"elementor-heading-title elementor-size-default\">05\/08\/2022<\/div>\t\t\t\t<\/div>\n\t\t\t\t<div class=\"elementor-element elementor-element-4929841 elementor-widget elementor-widget-heading\" data-id=\"4929841\" data-element_type=\"widget\" data-e-type=\"widget\" data-widget_type=\"heading.default\">\n\t\t\t\t\t<h1 class=\"elementor-heading-title elementor-size-default\">B2BE s'associe \u00e0 EDA<\/h1>\t\t\t\t<\/div>\n\t\t<div class=\"elementor-element elementor-element-474dff6 e-con-full e-flex e-con e-child\" data-id=\"474dff6\" data-element_type=\"container\" data-e-type=\"container\">\t\t<div class=\"elementor-element elementor-element-bdcc39f elementor-widget elementor-widget-image\" data-id=\"bdcc39f\" data-element_type=\"widget\" data-e-type=\"widget\" data-widget_type=\"image.default\">\n\t\t\t\t\t\t\t\t\t\t\t\t\t\t\t<img fetchpriority=\"high\" decoding=\"async\" width=\"1024\" height=\"308\" src=\"https:\/\/web-uat.b2be.com\/wp-content\/uploads\/2026\/02\/EDA-logo-1024x308.webp\" class=\"attachment-large size-large wp-image-4719\" alt=\"\" srcset=\"https:\/\/web-uat.b2be.com\/wp-content\/uploads\/2026\/02\/EDA-logo-1024x308.webp 1024w, https:\/\/web-uat.b2be.com\/wp-content\/uploads\/2026\/02\/EDA-logo-300x90.webp 300w, https:\/\/web-uat.b2be.com\/wp-content\/uploads\/2026\/02\/EDA-logo-768x231.webp 768w, https:\/\/web-uat.b2be.com\/wp-content\/uploads\/2026\/02\/EDA-logo-600x181.webp 600w, https:\/\/web-uat.b2be.com\/wp-content\/uploads\/2026\/02\/EDA-logo.webp 1030w\" sizes=\"(max-width: 1024px) 100vw, 1024px\" \/>\t\t\t\t\t\t\t\t\t\t\t\t\t\t\t<\/div>\n\t\t\t\t<\/div>\r\n\t\t<div class=\"elementor-element elementor-element-6fa5a58 e-con-full e-flex e-con e-child\" data-id=\"6fa5a58\" data-element_type=\"container\" data-e-type=\"container\">\t\t<div class=\"elementor-element elementor-element-51d1329 elementor-widget elementor-widget-text-editor\" data-id=\"51d1329\" data-element_type=\"widget\" data-e-type=\"widget\" data-widget_type=\"text-editor.default\">\n\t\t\t\t\t\t\t\t\t<p>B2BE est ravie d'annoncer son partenariat avec\u00a0<a href=\"https:\/\/www.eda.org.uk\/\" target=\"_blank\" rel=\"noopener\"><em>Association des distributeurs d'\u00e9lectricit\u00e9 (EDA)<\/em><\/a>. L'EDA est l'association professionnelle au Royaume-Uni pour les grossistes et distributeurs en \u00e9lectricit\u00e9. Elle croit \u00e0 la mise en \u00e9vidence du lien important entre les distributeurs de produits \u00e9lectrotechniques, les fabricants, les \u00e9lectriciens et les entrepreneurs en \u00e9lectricit\u00e9. Les membres de l'EDA sont constitu\u00e9s de grossistes britanniques. Des adh\u00e9sions affili\u00e9es sont \u00e9galement disponibles pour les fabricants, ainsi que pour les fournisseurs de solutions et de services.<\/p><p>Un article de Joe Pettit, directeur de l'exploitation de B2BE pour l'Europe et l'Am\u00e9rique du Nord, sur l'avenir de l'industrie \u00e9lectrique et la num\u00e9risation donnera son opinion sur l'\u00e9tat de l'industrie dans leur publication associ\u00e9e.,\u00a0<a href=\"https:\/\/wed-mag.co.uk\/\" target=\"_blank\" rel=\"noopener\"><em>Grossiste et distributeur en mat\u00e9riel \u00e9lectrique (G&amp;DME)<\/em><\/a>. W&amp;ED publie quatre fois par an. Il traite d'une vari\u00e9t\u00e9 de nouvelles, d'opinions, d'articles et d'informations sur les produits, ainsi que de nouvelles id\u00e9es de grossistes, ce qui en fait une lecture essentielle pour toute personne impliqu\u00e9e dans ce secteur passionnant.<\/p><p>En juin,\u00a0<a href=\"https:\/\/webuat.b2be.com\/blog\/digital-transformation-and-the-electrical-sector\/\" target=\"_blank\" rel=\"noopener\">Joe a pris la parole lors du Forum r\u00e9gional des entreprises de l'EDA \u00e0 Manchester<\/a>\u00a0o\u00f9 il a discut\u00e9 de ces sujets. Lors de cette pr\u00e9sentation, il a abord\u00e9 trois grandes questions : Mon entreprise doit-elle s'inqui\u00e9ter de ce changement ? Quelles tendances du march\u00e9 post-COVID vont affecter mon entreprise ? Que devrait faire mon entreprise et quand devrions-nous le faire ?<\/p>\t\t\t\t\t\t\t\t<\/div>\n\t\t\t\t<\/div>\r\n\t\t<div class=\"elementor-element elementor-element-9db4eb9 e-con-full e-flex e-con e-child\" data-id=\"9db4eb9\" data-element_type=\"container\" data-e-type=\"container\">\t\t<\/div>\r\n\t\t\t\t\t<\/div>\r\n\t\t\t\t<\/div>\r\n\t\t\t\t<\/div>\r\n\t\t\t\t\t<\/div>\r\n\t\t\t\t<\/div>\r\n\t\t\t\t<\/div>","protected":false},"excerpt":{"rendered":"<p>Back to news 05\/08\/2022 B2BE partners with EDA B2BE are excited to announce that we have partnered with the\u00a0Electrical Distributors Association (EDA). The EDA is the trade association in the UK for electrical wholesalers and distributors. They believe in highlighting the important link between distributors of electrotechnical products, manufacturers, electricians, and electrical contractors. The EDA\u2019s [&hellip;]<\/p>\n","protected":false},"author":1,"featured_media":0,"parent":3831,"menu_order":0,"comment_status":"closed","ping_status":"closed","template":"","meta":{"footnotes":""},"class_list":["post-4580","page","type-page","status-publish","hentry"],"yoast_head":"<!-- This site is optimized with the Yoast SEO plugin v27.3 - https:\/\/yoast.com\/product\/yoast-seo-wordpress\/ -->\n<title>B2BE partners with EDA - B2BE<\/title>\n<meta name=\"robots\" content=\"noindex, follow, max-snippet:-1, max-image-preview:large, max-video-preview:-1\" \/>\n<meta property=\"og:locale\" content=\"fr_FR\" \/>\n<meta property=\"og:type\" content=\"article\" \/>\n<meta property=\"og:title\" content=\"B2BE partners with EDA - B2BE\" \/>\n<meta property=\"og:description\" content=\"Back to news 05\/08\/2022 B2BE partners with EDA B2BE are excited to announce that we have partnered with the\u00a0Electrical Distributors Association (EDA). The EDA is the trade association in the UK for electrical wholesalers and distributors. They believe in highlighting the important link between distributors of electrotechnical products, manufacturers, electricians, and electrical contractors. The EDA\u2019s [&hellip;]\" \/>\n<meta property=\"og:url\" content=\"https:\/\/web-uat.b2be.com\/fr\/news\/b2be-partners-with-eda\/\" \/>\n<meta property=\"og:site_name\" content=\"B2BE\" \/>\n<meta property=\"article:publisher\" content=\"https:\/\/www.facebook.com\/B2BE-1522220608096071\/\" \/>\n<meta property=\"article:modified_time\" content=\"2026-04-09T07:58:10+00:00\" \/>\n<meta property=\"og:image\" content=\"https:\/\/web-uat.b2be.com\/wp-content\/uploads\/2026\/02\/EDA-logo.webp\" \/>\n\t<meta property=\"og:image:width\" content=\"1030\" \/>\n\t<meta property=\"og:image:height\" content=\"310\" \/>\n\t<meta property=\"og:image:type\" content=\"image\/webp\" \/>\n<meta name=\"twitter:card\" content=\"summary_large_image\" \/>\n<meta name=\"twitter:site\" content=\"@B2BeSolutions\" \/>\n<meta name=\"twitter:label1\" content=\"Dur\u00e9e de lecture estim\u00e9e\" \/>\n\t<meta name=\"twitter:data1\" content=\"1 minute\" \/>\n<script type=\"application\/ld+json\" class=\"yoast-schema-graph\">{\"@context\":\"https:\\\/\\\/schema.org\",\"@graph\":[{\"@type\":\"WebPage\",\"@id\":\"https:\\\/\\\/web-uat.b2be.com\\\/news\\\/b2be-partners-with-eda\\\/\",\"url\":\"https:\\\/\\\/web-uat.b2be.com\\\/news\\\/b2be-partners-with-eda\\\/\",\"name\":\"B2BE partners with EDA - B2BE\",\"isPartOf\":{\"@id\":\"https:\\\/\\\/web-uat.b2be.com\\\/#website\"},\"primaryImageOfPage\":{\"@id\":\"https:\\\/\\\/web-uat.b2be.com\\\/news\\\/b2be-partners-with-eda\\\/#primaryimage\"},\"image\":{\"@id\":\"https:\\\/\\\/web-uat.b2be.com\\\/news\\\/b2be-partners-with-eda\\\/#primaryimage\"},\"thumbnailUrl\":\"https:\\\/\\\/web-uat.b2be.com\\\/wp-content\\\/uploads\\\/2026\\\/02\\\/EDA-logo-1024x308.webp\",\"datePublished\":\"2026-02-24T08:31:58+00:00\",\"dateModified\":\"2026-04-09T07:58:10+00:00\",\"breadcrumb\":{\"@id\":\"https:\\\/\\\/web-uat.b2be.com\\\/news\\\/b2be-partners-with-eda\\\/#breadcrumb\"},\"inLanguage\":\"fr-FR\",\"potentialAction\":[{\"@type\":\"ReadAction\",\"target\":[\"https:\\\/\\\/web-uat.b2be.com\\\/news\\\/b2be-partners-with-eda\\\/\"]}]},{\"@type\":\"ImageObject\",\"inLanguage\":\"fr-FR\",\"@id\":\"https:\\\/\\\/web-uat.b2be.com\\\/news\\\/b2be-partners-with-eda\\\/#primaryimage\",\"url\":\"https:\\\/\\\/web-uat.b2be.com\\\/wp-content\\\/uploads\\\/2026\\\/02\\\/EDA-logo-1024x308.webp\",\"contentUrl\":\"https:\\\/\\\/web-uat.b2be.com\\\/wp-content\\\/uploads\\\/2026\\\/02\\\/EDA-logo-1024x308.webp\"},{\"@type\":\"BreadcrumbList\",\"@id\":\"https:\\\/\\\/web-uat.b2be.com\\\/news\\\/b2be-partners-with-eda\\\/#breadcrumb\",\"itemListElement\":[{\"@type\":\"ListItem\",\"position\":1,\"name\":\"Home\",\"item\":\"https:\\\/\\\/web-uat.b2be.com\\\/\"},{\"@type\":\"ListItem\",\"position\":2,\"name\":\"News\",\"item\":\"https:\\\/\\\/web-uat.b2be.com\\\/news\\\/\"},{\"@type\":\"ListItem\",\"position\":3,\"name\":\"B2BE partners with EDA\"}]},{\"@type\":\"WebSite\",\"@id\":\"https:\\\/\\\/web-uat.b2be.com\\\/#website\",\"url\":\"https:\\\/\\\/web-uat.b2be.com\\\/\",\"name\":\"B2BE e-Solutions\",\"description\":\"\",\"publisher\":{\"@id\":\"https:\\\/\\\/web-uat.b2be.com\\\/#organization\"},\"potentialAction\":[{\"@type\":\"SearchAction\",\"target\":{\"@type\":\"EntryPoint\",\"urlTemplate\":\"https:\\\/\\\/web-uat.b2be.com\\\/?s={search_term_string}\"},\"query-input\":{\"@type\":\"PropertyValueSpecification\",\"valueRequired\":true,\"valueName\":\"search_term_string\"}}],\"inLanguage\":\"fr-FR\"},{\"@type\":\"Organization\",\"@id\":\"https:\\\/\\\/web-uat.b2be.com\\\/#organization\",\"name\":\"B2BE Group of Companies\",\"url\":\"https:\\\/\\\/web-uat.b2be.com\\\/\",\"logo\":{\"@type\":\"ImageObject\",\"inLanguage\":\"fr-FR\",\"@id\":\"https:\\\/\\\/web-uat.b2be.com\\\/#\\\/schema\\\/logo\\\/image\\\/\",\"url\":\"https:\\\/\\\/web-uat.b2be.com\\\/wp-content\\\/uploads\\\/2026\\\/01\\\/converted-image.png\",\"contentUrl\":\"https:\\\/\\\/web-uat.b2be.com\\\/wp-content\\\/uploads\\\/2026\\\/01\\\/converted-image.png\",\"width\":600,\"height\":228,\"caption\":\"B2BE Group of Companies\"},\"image\":{\"@id\":\"https:\\\/\\\/web-uat.b2be.com\\\/#\\\/schema\\\/logo\\\/image\\\/\"},\"sameAs\":[\"https:\\\/\\\/www.facebook.com\\\/B2BE-1522220608096071\\\/\",\"https:\\\/\\\/x.com\\\/B2BeSolutions\",\"https:\\\/\\\/www.linkedin.com\\\/company\\\/b2be\"]}]}<\/script>\n<!-- \/ Yoast SEO plugin. -->","yoast_head_json":{"title":"B2BE partners with EDA - B2BE","robots":{"index":"noindex","follow":"follow","max-snippet":"max-snippet:-1","max-image-preview":"max-image-preview:large","max-video-preview":"max-video-preview:-1"},"og_locale":"fr_FR","og_type":"article","og_title":"B2BE partners with EDA - B2BE","og_description":"Back to news 05\/08\/2022 B2BE partners with EDA B2BE are excited to announce that we have partnered with the\u00a0Electrical Distributors Association (EDA). The EDA is the trade association in the UK for electrical wholesalers and distributors. They believe in highlighting the important link between distributors of electrotechnical products, manufacturers, electricians, and electrical contractors. The EDA\u2019s [&hellip;]","og_url":"https:\/\/web-uat.b2be.com\/fr\/news\/b2be-partners-with-eda\/","og_site_name":"B2BE","article_publisher":"https:\/\/www.facebook.com\/B2BE-1522220608096071\/","article_modified_time":"2026-04-09T07:58:10+00:00","og_image":[{"width":1030,"height":310,"url":"https:\/\/web-uat.b2be.com\/wp-content\/uploads\/2026\/02\/EDA-logo.webp","type":"image\/webp"}],"twitter_card":"summary_large_image","twitter_site":"@B2BeSolutions","twitter_misc":{"Dur\u00e9e de lecture estim\u00e9e":"1 minute"},"schema":{"@context":"https:\/\/schema.org","@graph":[{"@type":"WebPage","@id":"https:\/\/web-uat.b2be.com\/news\/b2be-partners-with-eda\/","url":"https:\/\/web-uat.b2be.com\/news\/b2be-partners-with-eda\/","name":"B2BE partners with EDA - B2BE","isPartOf":{"@id":"https:\/\/web-uat.b2be.com\/#website"},"primaryImageOfPage":{"@id":"https:\/\/web-uat.b2be.com\/news\/b2be-partners-with-eda\/#primaryimage"},"image":{"@id":"https:\/\/web-uat.b2be.com\/news\/b2be-partners-with-eda\/#primaryimage"},"thumbnailUrl":"https:\/\/web-uat.b2be.com\/wp-content\/uploads\/2026\/02\/EDA-logo-1024x308.webp","datePublished":"2026-02-24T08:31:58+00:00","dateModified":"2026-04-09T07:58:10+00:00","breadcrumb":{"@id":"https:\/\/web-uat.b2be.com\/news\/b2be-partners-with-eda\/#breadcrumb"},"inLanguage":"fr-FR","potentialAction":[{"@type":"ReadAction","target":["https:\/\/web-uat.b2be.com\/news\/b2be-partners-with-eda\/"]}]},{"@type":"ImageObject","inLanguage":"fr-FR","@id":"https:\/\/web-uat.b2be.com\/news\/b2be-partners-with-eda\/#primaryimage","url":"https:\/\/web-uat.b2be.com\/wp-content\/uploads\/2026\/02\/EDA-logo-1024x308.webp","contentUrl":"https:\/\/web-uat.b2be.com\/wp-content\/uploads\/2026\/02\/EDA-logo-1024x308.webp"},{"@type":"BreadcrumbList","@id":"https:\/\/web-uat.b2be.com\/news\/b2be-partners-with-eda\/#breadcrumb","itemListElement":[{"@type":"ListItem","position":1,"name":"Home","item":"https:\/\/web-uat.b2be.com\/"},{"@type":"ListItem","position":2,"name":"News","item":"https:\/\/web-uat.b2be.com\/news\/"},{"@type":"ListItem","position":3,"name":"B2BE partners with EDA"}]},{"@type":"WebSite","@id":"https:\/\/web-uat.b2be.com\/#website","url":"https:\/\/web-uat.b2be.com\/","name":"B2BE e-Solutions","description":"","publisher":{"@id":"https:\/\/web-uat.b2be.com\/#organization"},"potentialAction":[{"@type":"SearchAction","target":{"@type":"EntryPoint","urlTemplate":"https:\/\/web-uat.b2be.com\/?s={search_term_string}"},"query-input":{"@type":"PropertyValueSpecification","valueRequired":true,"valueName":"search_term_string"}}],"inLanguage":"fr-FR"},{"@type":"Organization","@id":"https:\/\/web-uat.b2be.com\/#organization","name":"B2BE Group of Companies","url":"https:\/\/web-uat.b2be.com\/","logo":{"@type":"ImageObject","inLanguage":"fr-FR","@id":"https:\/\/web-uat.b2be.com\/#\/schema\/logo\/image\/","url":"https:\/\/web-uat.b2be.com\/wp-content\/uploads\/2026\/01\/converted-image.png","contentUrl":"https:\/\/web-uat.b2be.com\/wp-content\/uploads\/2026\/01\/converted-image.png","width":600,"height":228,"caption":"B2BE Group of Companies"},"image":{"@id":"https:\/\/web-uat.b2be.com\/#\/schema\/logo\/image\/"},"sameAs":["https:\/\/www.facebook.com\/B2BE-1522220608096071\/","https:\/\/x.com\/B2BeSolutions","https:\/\/www.linkedin.com\/company\/b2be"]}]}},"_links":{"self":[{"href":"https:\/\/web-uat.b2be.com\/fr\/wp-json\/wp\/v2\/pages\/4580","targetHints":{"allow":["GET"]}}],"collection":[{"href":"https:\/\/web-uat.b2be.com\/fr\/wp-json\/wp\/v2\/pages"}],"about":[{"href":"https:\/\/web-uat.b2be.com\/fr\/wp-json\/wp\/v2\/types\/page"}],"author":[{"embeddable":true,"href":"https:\/\/web-uat.b2be.com\/fr\/wp-json\/wp\/v2\/users\/1"}],"replies":[{"embeddable":true,"href":"https:\/\/web-uat.b2be.com\/fr\/wp-json\/wp\/v2\/comments?post=4580"}],"version-history":[{"count":17,"href":"https:\/\/web-uat.b2be.com\/fr\/wp-json\/wp\/v2\/pages\/4580\/revisions"}],"predecessor-version":[{"id":9399,"href":"https:\/\/web-uat.b2be.com\/fr\/wp-json\/wp\/v2\/pages\/4580\/revisions\/9399"}],"up":[{"embeddable":true,"href":"https:\/\/web-uat.b2be.com\/fr\/wp-json\/wp\/v2\/pages\/3831"}],"wp:attachment":[{"href":"https:\/\/web-uat.b2be.com\/fr\/wp-json\/wp\/v2\/media?parent=4580"}],"curies":[{"name":"wp","href":"https:\/\/api.w.org\/{rel}","templated":true}]}}