{"id":4578,"date":"2026-02-24T08:24:35","date_gmt":"2026-02-24T08:24:35","guid":{"rendered":"https:\/\/web-uat.b2be.com\/?page_id=4578"},"modified":"2026-04-09T07:59:05","modified_gmt":"2026-04-09T07:59:05","slug":"announcing-the-release-of-b2bes-dynamic-discounting","status":"publish","type":"page","link":"https:\/\/web-uat.b2be.com\/fr\/news\/announcing-the-release-of-b2bes-dynamic-discounting\/","title":{"rendered":"Annonce de la sortie du Remise dynamique de B2BE"},"content":{"rendered":"<div data-elementor-type=\"wp-page\" data-elementor-id=\"4578\" class=\"elementor elementor-4578\" data-elementor-post-type=\"page\">\n\t\t\t\t<div class=\"elementor-element elementor-element-6051966 e-flex e-con-boxed e-con e-parent\" data-id=\"6051966\" data-element_type=\"container\" data-e-type=\"container\">\t\t\t<div class=\"e-con-inner\">\r\n\t\t<div class=\"elementor-element elementor-element-5541ca6 e-con-full e-flex e-con e-child\" data-id=\"5541ca6\" data-element_type=\"container\" data-e-type=\"container\" data-settings=\"{&quot;background_background&quot;:&quot;classic&quot;}\"><div class=\"elementor-element elementor-element-a8d5f04 e-flex e-con-boxed e-con e-child\" data-id=\"a8d5f04\" data-element_type=\"container\" data-e-type=\"container\">\t\t\t<div class=\"e-con-inner\">\r\n\t\t<div class=\"elementor-element elementor-element-5951c2d e-con-full e-flex e-con e-child\" data-id=\"5951c2d\" data-element_type=\"container\" data-e-type=\"container\">\t\t<div class=\"elementor-element elementor-element-97177cc elementor-position-inline-start elementor-view-default elementor-mobile-position-block-start elementor-widget elementor-widget-icon-box\" data-id=\"97177cc\" data-element_type=\"widget\" data-e-type=\"widget\" data-widget_type=\"icon-box.default\">\n\t\t\t\t\t\t\t<div class=\"elementor-icon-box-wrapper\">\n\n\t\t\t\t\t\t<div class=\"elementor-icon-box-icon\">\n\t\t\t\t<a href=\"\/fr\/news\/\" class=\"elementor-icon\" tabindex=\"-1\" aria-label=\"Retour aux actualit\u00e9s\">\n\t\t\t\t<i aria-hidden=\"true\" class=\"far fa-angle-left\"><\/i>\t\t\t\t<\/a>\n\t\t\t<\/div>\n\t\t\t\n\t\t\t\t\t\t<div class=\"elementor-icon-box-content\">\n\n\t\t\t\t\t\t\t\t\t<h3 class=\"elementor-icon-box-title\">\n\t\t\t\t\t\t<a href=\"\/fr\/news\/\" >\n\t\t\t\t\t\t\tRetour aux actualit\u00e9s\t\t\t\t\t\t<\/a>\n\t\t\t\t\t<\/h3>\n\t\t\t\t\n\t\t\t\t\n\t\t\t<\/div>\n\t\t\t\n\t\t<\/div>\n\t\t\t\t\t\t<\/div>\n\t\t\t\t<\/div>\r\n\t\t\t\t<div class=\"elementor-element elementor-element-35bd769 elementor-widget elementor-widget-heading\" data-id=\"35bd769\" data-element_type=\"widget\" data-e-type=\"widget\" data-widget_type=\"heading.default\">\n\t\t\t\t\t<div class=\"elementor-heading-title elementor-size-default\">14\/07\/2023<\/div>\t\t\t\t<\/div>\n\t\t\t\t<div class=\"elementor-element elementor-element-4929841 elementor-widget elementor-widget-heading\" data-id=\"4929841\" data-element_type=\"widget\" data-e-type=\"widget\" data-widget_type=\"heading.default\">\n\t\t\t\t\t<h1 class=\"elementor-heading-title elementor-size-default\">Annonce de la sortie du Remise dynamique de B2BE<\/h1>\t\t\t\t<\/div>\n\t\t<div class=\"elementor-element elementor-element-474dff6 e-con-full e-flex e-con e-child\" data-id=\"474dff6\" data-element_type=\"container\" data-e-type=\"container\">\t\t<div class=\"elementor-element elementor-element-257020e elementor-widget elementor-widget-video\" data-id=\"257020e\" data-element_type=\"widget\" data-e-type=\"widget\" data-settings=\"{&quot;youtube_url&quot;:&quot;https:\\\/\\\/www.youtube.com\\\/watch?v=3HR5Hbua8nw&quot;,&quot;video_type&quot;:&quot;youtube&quot;,&quot;controls&quot;:&quot;yes&quot;}\" data-widget_type=\"video.default\">\n\t\t\t\t\t\t\t<div class=\"elementor-wrapper elementor-open-inline\">\n\t\t\t<div class=\"elementor-video\"><\/div>\t\t<\/div>\n\t\t\t\t\t\t<\/div>\n\t\t\t\t<\/div>\r\n\t\t<div class=\"elementor-element elementor-element-6fa5a58 e-con-full e-flex e-con e-child\" data-id=\"6fa5a58\" data-element_type=\"container\" data-e-type=\"container\">\t\t<div class=\"elementor-element elementor-element-51d1329 elementor-widget elementor-widget-text-editor\" data-id=\"51d1329\" data-element_type=\"widget\" data-e-type=\"widget\" data-widget_type=\"text-editor.default\">\n\t\t\t\t\t\t\t\t\t<p>Excellente nouvelle pour les entreprises cherchant \u00e0 am\u00e9liorer leur gestion de tr\u00e9sorerie ! Nous sommes ravis d'annoncer la sortie de notre derni\u00e8re solution, la Remise Dynamique. Avec cette nouvelle offre, acheteurs et fournisseurs peuvent profiter de remises pour paiement anticip\u00e9 et d'un traitement des factures am\u00e9lior\u00e9.<\/p><p>La remise dynamique est la solution parfaite pour les entreprises de toutes tailles qui souhaitent optimiser leur fonds de roulement et rationaliser leurs processus de paiement. Notre plateforme offre un moyen rapide, flexible et s\u00e9curis\u00e9 d'acc\u00e9der aux remises pour paiement anticip\u00e9, tout en permettant aux fournisseurs d'\u00eatre pay\u00e9s plus rapidement et d'am\u00e9liorer leur tr\u00e9sorerie.<\/p><p>Pour en savoir plus sur la remise dynamique et sur la mani\u00e8re dont elle peut b\u00e9n\u00e9ficier \u00e0 votre entreprise, visitez notre page de solution. Nous avons \u00e9galement des livres blancs disponibles pour les acheteurs et les fournisseurs qui fournissent un aper\u00e7u plus d\u00e9taill\u00e9 des avantages et des fonctionnalit\u00e9s de notre plateforme.<\/p><p>Pour les acheteurs, notre livre blanc explique comment la remise dynamique peut vous aider \u00e0 r\u00e9duire vos co\u00fbts et \u00e0 am\u00e9liorer vos relations avec les fournisseurs. Pour les fournisseurs, notre livre blanc d\u00e9taille comment la plateforme peut vous aider \u00e0 \u00eatre pay\u00e9 plus rapidement et \u00e0 am\u00e9liorer votre tr\u00e9sorerie.<\/p><p>Et si vous souhaitez voir le d\u00e9scomptage dynamique en action, assurez-vous de regarder la courte vid\u00e9o ci-dessous. Elle offre un aper\u00e7u rapide et informatif du fonctionnement de la plateforme et de ce qu'elle peut faire pour votre entreprise.<\/p><p>Alors n'attendez plus \u2013 commencez d\u00e8s aujourd'hui \u00e0 optimiser votre gestion de tr\u00e9sorerie avec la Remise Dynamique de B2BE.<\/p>\t\t\t\t\t\t\t\t<\/div>\n\t\t\t\t<\/div>\r\n\t\t<div class=\"elementor-element elementor-element-93ce25d e-con-full e-flex e-con e-child\" data-id=\"93ce25d\" data-element_type=\"container\" data-e-type=\"container\">\t\t<div class=\"elementor-element elementor-element-3cebb58 elementor-align-left elementor-widget elementor-widget-pxl_button\" data-id=\"3cebb58\" data-element_type=\"widget\" data-e-type=\"widget\" data-widget_type=\"pxl_button.default\">\n\t\t\t\t<div class=\"elementor-widget-container\">\n\t\t\t\t\t<div id=\"pxl-pxl_button-3cebb58-2862\" class=\"pxl-button pxl-atc-link\" data-wow-delay=\"ms\">\r\n    <a href=\"\/fr\/purchase-to-pay\/finex\/dynamic-discounting\/\" class=\"btn pxl-icon-active btn-block-inline  btn-default pxl-icon--left\">\r\n                <span class=\"pxl--btn-text\" data-text=\"Learn more\">\r\n            Apprendre encore plus        <\/span>\r\n    <\/a>\r\n<\/div>\t\t\t\t<\/div>\n\t\t\t\t<\/div>\n\t\t\t\t<\/div>\r\n\t\t<div class=\"elementor-element elementor-element-9db4eb9 e-con-full e-flex e-con e-child\" data-id=\"9db4eb9\" data-element_type=\"container\" data-e-type=\"container\">\t\t<\/div>\r\n\t\t\t\t\t<\/div>\r\n\t\t\t\t<\/div>\r\n\t\t\t\t<\/div>\r\n\t\t\t\t\t<\/div>\r\n\t\t\t\t<\/div>\r\n\t\t\t\t<\/div>","protected":false},"excerpt":{"rendered":"<p>Back to news 14\/07\/2023 Announcing the release of B2BE\u2019s Dynamic Discounting https:\/\/www.youtube.com\/watch?v=3HR5Hbua8nw Exciting news for businesses looking to improve their cash flow management! We&#8217;re thrilled to announce the release of our latest solution, Dynamic Discounting. With this new offering, buyers and suppliers alike can take advantage of early payment discounts and improved invoice processing. Dynamic [&hellip;]<\/p>\n","protected":false},"author":1,"featured_media":0,"parent":3831,"menu_order":0,"comment_status":"closed","ping_status":"closed","template":"","meta":{"footnotes":""},"class_list":["post-4578","page","type-page","status-publish","hentry"],"yoast_head":"<!-- This site is optimized with the Yoast SEO plugin v27.3 - https:\/\/yoast.com\/product\/yoast-seo-wordpress\/ -->\n<title>Announcing the release of B2BE\u2019s Dynamic Discounting - B2BE<\/title>\n<meta name=\"robots\" content=\"noindex, follow, max-snippet:-1, max-image-preview:large, max-video-preview:-1\" \/>\n<meta property=\"og:locale\" content=\"fr_FR\" \/>\n<meta property=\"og:type\" content=\"article\" \/>\n<meta property=\"og:title\" content=\"Announcing the release of B2BE\u2019s Dynamic Discounting - B2BE\" \/>\n<meta property=\"og:description\" content=\"Back to news 14\/07\/2023 Announcing the release of B2BE\u2019s Dynamic Discounting https:\/\/www.youtube.com\/watch?v=3HR5Hbua8nw Exciting news for businesses looking to improve their cash flow management! We&#8217;re thrilled to announce the release of our latest solution, Dynamic Discounting. With this new offering, buyers and suppliers alike can take advantage of early payment discounts and improved invoice processing. Dynamic [&hellip;]\" \/>\n<meta property=\"og:url\" content=\"https:\/\/web-uat.b2be.com\/fr\/news\/announcing-the-release-of-b2bes-dynamic-discounting\/\" \/>\n<meta property=\"og:site_name\" content=\"B2BE\" \/>\n<meta property=\"article:publisher\" content=\"https:\/\/www.facebook.com\/B2BE-1522220608096071\/\" \/>\n<meta property=\"article:modified_time\" content=\"2026-04-09T07:59:05+00:00\" \/>\n<meta name=\"twitter:card\" content=\"summary_large_image\" \/>\n<meta name=\"twitter:site\" content=\"@B2BeSolutions\" \/>\n<meta name=\"twitter:label1\" content=\"Dur\u00e9e de lecture estim\u00e9e\" \/>\n\t<meta name=\"twitter:data1\" content=\"1 minute\" \/>\n<script type=\"application\/ld+json\" class=\"yoast-schema-graph\">{\"@context\":\"https:\\\/\\\/schema.org\",\"@graph\":[{\"@type\":\"WebPage\",\"@id\":\"https:\\\/\\\/web-uat.b2be.com\\\/news\\\/announcing-the-release-of-b2bes-dynamic-discounting\\\/\",\"url\":\"https:\\\/\\\/web-uat.b2be.com\\\/news\\\/announcing-the-release-of-b2bes-dynamic-discounting\\\/\",\"name\":\"Announcing the release of B2BE\u2019s Dynamic Discounting - B2BE\",\"isPartOf\":{\"@id\":\"https:\\\/\\\/web-uat.b2be.com\\\/#website\"},\"datePublished\":\"2026-02-24T08:24:35+00:00\",\"dateModified\":\"2026-04-09T07:59:05+00:00\",\"breadcrumb\":{\"@id\":\"https:\\\/\\\/web-uat.b2be.com\\\/news\\\/announcing-the-release-of-b2bes-dynamic-discounting\\\/#breadcrumb\"},\"inLanguage\":\"fr-FR\",\"potentialAction\":[{\"@type\":\"ReadAction\",\"target\":[\"https:\\\/\\\/web-uat.b2be.com\\\/news\\\/announcing-the-release-of-b2bes-dynamic-discounting\\\/\"]}]},{\"@type\":\"BreadcrumbList\",\"@id\":\"https:\\\/\\\/web-uat.b2be.com\\\/news\\\/announcing-the-release-of-b2bes-dynamic-discounting\\\/#breadcrumb\",\"itemListElement\":[{\"@type\":\"ListItem\",\"position\":1,\"name\":\"Home\",\"item\":\"https:\\\/\\\/web-uat.b2be.com\\\/\"},{\"@type\":\"ListItem\",\"position\":2,\"name\":\"News\",\"item\":\"https:\\\/\\\/web-uat.b2be.com\\\/news\\\/\"},{\"@type\":\"ListItem\",\"position\":3,\"name\":\"Announcing the release of B2BE\u2019s Dynamic Discounting\"}]},{\"@type\":\"WebSite\",\"@id\":\"https:\\\/\\\/web-uat.b2be.com\\\/#website\",\"url\":\"https:\\\/\\\/web-uat.b2be.com\\\/\",\"name\":\"B2BE e-Solutions\",\"description\":\"\",\"publisher\":{\"@id\":\"https:\\\/\\\/web-uat.b2be.com\\\/#organization\"},\"potentialAction\":[{\"@type\":\"SearchAction\",\"target\":{\"@type\":\"EntryPoint\",\"urlTemplate\":\"https:\\\/\\\/web-uat.b2be.com\\\/?s={search_term_string}\"},\"query-input\":{\"@type\":\"PropertyValueSpecification\",\"valueRequired\":true,\"valueName\":\"search_term_string\"}}],\"inLanguage\":\"fr-FR\"},{\"@type\":\"Organization\",\"@id\":\"https:\\\/\\\/web-uat.b2be.com\\\/#organization\",\"name\":\"B2BE Group of Companies\",\"url\":\"https:\\\/\\\/web-uat.b2be.com\\\/\",\"logo\":{\"@type\":\"ImageObject\",\"inLanguage\":\"fr-FR\",\"@id\":\"https:\\\/\\\/web-uat.b2be.com\\\/#\\\/schema\\\/logo\\\/image\\\/\",\"url\":\"https:\\\/\\\/web-uat.b2be.com\\\/wp-content\\\/uploads\\\/2026\\\/01\\\/converted-image.png\",\"contentUrl\":\"https:\\\/\\\/web-uat.b2be.com\\\/wp-content\\\/uploads\\\/2026\\\/01\\\/converted-image.png\",\"width\":600,\"height\":228,\"caption\":\"B2BE Group of Companies\"},\"image\":{\"@id\":\"https:\\\/\\\/web-uat.b2be.com\\\/#\\\/schema\\\/logo\\\/image\\\/\"},\"sameAs\":[\"https:\\\/\\\/www.facebook.com\\\/B2BE-1522220608096071\\\/\",\"https:\\\/\\\/x.com\\\/B2BeSolutions\",\"https:\\\/\\\/www.linkedin.com\\\/company\\\/b2be\"]}]}<\/script>\n<!-- \/ Yoast SEO plugin. -->","yoast_head_json":{"title":"Announcing the release of B2BE\u2019s Dynamic Discounting - B2BE","robots":{"index":"noindex","follow":"follow","max-snippet":"max-snippet:-1","max-image-preview":"max-image-preview:large","max-video-preview":"max-video-preview:-1"},"og_locale":"fr_FR","og_type":"article","og_title":"Announcing the release of B2BE\u2019s Dynamic Discounting - B2BE","og_description":"Back to news 14\/07\/2023 Announcing the release of B2BE\u2019s Dynamic Discounting https:\/\/www.youtube.com\/watch?v=3HR5Hbua8nw Exciting news for businesses looking to improve their cash flow management! We&#8217;re thrilled to announce the release of our latest solution, Dynamic Discounting. With this new offering, buyers and suppliers alike can take advantage of early payment discounts and improved invoice processing. Dynamic [&hellip;]","og_url":"https:\/\/web-uat.b2be.com\/fr\/news\/announcing-the-release-of-b2bes-dynamic-discounting\/","og_site_name":"B2BE","article_publisher":"https:\/\/www.facebook.com\/B2BE-1522220608096071\/","article_modified_time":"2026-04-09T07:59:05+00:00","twitter_card":"summary_large_image","twitter_site":"@B2BeSolutions","twitter_misc":{"Dur\u00e9e de lecture estim\u00e9e":"1 minute"},"schema":{"@context":"https:\/\/schema.org","@graph":[{"@type":"WebPage","@id":"https:\/\/web-uat.b2be.com\/news\/announcing-the-release-of-b2bes-dynamic-discounting\/","url":"https:\/\/web-uat.b2be.com\/news\/announcing-the-release-of-b2bes-dynamic-discounting\/","name":"Announcing the release of B2BE\u2019s Dynamic Discounting - B2BE","isPartOf":{"@id":"https:\/\/web-uat.b2be.com\/#website"},"datePublished":"2026-02-24T08:24:35+00:00","dateModified":"2026-04-09T07:59:05+00:00","breadcrumb":{"@id":"https:\/\/web-uat.b2be.com\/news\/announcing-the-release-of-b2bes-dynamic-discounting\/#breadcrumb"},"inLanguage":"fr-FR","potentialAction":[{"@type":"ReadAction","target":["https:\/\/web-uat.b2be.com\/news\/announcing-the-release-of-b2bes-dynamic-discounting\/"]}]},{"@type":"BreadcrumbList","@id":"https:\/\/web-uat.b2be.com\/news\/announcing-the-release-of-b2bes-dynamic-discounting\/#breadcrumb","itemListElement":[{"@type":"ListItem","position":1,"name":"Home","item":"https:\/\/web-uat.b2be.com\/"},{"@type":"ListItem","position":2,"name":"News","item":"https:\/\/web-uat.b2be.com\/news\/"},{"@type":"ListItem","position":3,"name":"Announcing the release of B2BE\u2019s Dynamic Discounting"}]},{"@type":"WebSite","@id":"https:\/\/web-uat.b2be.com\/#website","url":"https:\/\/web-uat.b2be.com\/","name":"B2BE e-Solutions","description":"","publisher":{"@id":"https:\/\/web-uat.b2be.com\/#organization"},"potentialAction":[{"@type":"SearchAction","target":{"@type":"EntryPoint","urlTemplate":"https:\/\/web-uat.b2be.com\/?s={search_term_string}"},"query-input":{"@type":"PropertyValueSpecification","valueRequired":true,"valueName":"search_term_string"}}],"inLanguage":"fr-FR"},{"@type":"Organization","@id":"https:\/\/web-uat.b2be.com\/#organization","name":"B2BE Group of Companies","url":"https:\/\/web-uat.b2be.com\/","logo":{"@type":"ImageObject","inLanguage":"fr-FR","@id":"https:\/\/web-uat.b2be.com\/#\/schema\/logo\/image\/","url":"https:\/\/web-uat.b2be.com\/wp-content\/uploads\/2026\/01\/converted-image.png","contentUrl":"https:\/\/web-uat.b2be.com\/wp-content\/uploads\/2026\/01\/converted-image.png","width":600,"height":228,"caption":"B2BE Group of Companies"},"image":{"@id":"https:\/\/web-uat.b2be.com\/#\/schema\/logo\/image\/"},"sameAs":["https:\/\/www.facebook.com\/B2BE-1522220608096071\/","https:\/\/x.com\/B2BeSolutions","https:\/\/www.linkedin.com\/company\/b2be"]}]}},"_links":{"self":[{"href":"https:\/\/web-uat.b2be.com\/fr\/wp-json\/wp\/v2\/pages\/4578","targetHints":{"allow":["GET"]}}],"collection":[{"href":"https:\/\/web-uat.b2be.com\/fr\/wp-json\/wp\/v2\/pages"}],"about":[{"href":"https:\/\/web-uat.b2be.com\/fr\/wp-json\/wp\/v2\/types\/page"}],"author":[{"embeddable":true,"href":"https:\/\/web-uat.b2be.com\/fr\/wp-json\/wp\/v2\/users\/1"}],"replies":[{"embeddable":true,"href":"https:\/\/web-uat.b2be.com\/fr\/wp-json\/wp\/v2\/comments?post=4578"}],"version-history":[{"count":10,"href":"https:\/\/web-uat.b2be.com\/fr\/wp-json\/wp\/v2\/pages\/4578\/revisions"}],"predecessor-version":[{"id":9405,"href":"https:\/\/web-uat.b2be.com\/fr\/wp-json\/wp\/v2\/pages\/4578\/revisions\/9405"}],"up":[{"embeddable":true,"href":"https:\/\/web-uat.b2be.com\/fr\/wp-json\/wp\/v2\/pages\/3831"}],"wp:attachment":[{"href":"https:\/\/web-uat.b2be.com\/fr\/wp-json\/wp\/v2\/media?parent=4578"}],"curies":[{"name":"wp","href":"https:\/\/api.w.org\/{rel}","templated":true}]}}