{"id":4577,"date":"2026-02-24T08:13:52","date_gmt":"2026-02-24T08:13:52","guid":{"rendered":"https:\/\/web-uat.b2be.com\/?page_id=4577"},"modified":"2026-04-09T06:40:20","modified_gmt":"2026-04-09T06:40:20","slug":"employee-b2be-cyber-security-incident-update","status":"publish","type":"page","link":"https:\/\/web-uat.b2be.com\/fr\/news\/employee-b2be-cyber-security-incident-update\/","title":{"rendered":"Mise \u00e0 jour sur l'incident de s\u00e9curit\u00e9 informatique de l'employ\u00e9 B2BE"},"content":{"rendered":"<div data-elementor-type=\"wp-page\" data-elementor-id=\"4577\" class=\"elementor elementor-4577\" data-elementor-post-type=\"page\">\n\t\t\t\t<div class=\"elementor-element elementor-element-6051966 e-flex e-con-boxed e-con e-parent\" data-id=\"6051966\" data-element_type=\"container\" data-e-type=\"container\">\t\t\t<div class=\"e-con-inner\">\r\n\t\t<div class=\"elementor-element elementor-element-5541ca6 e-con-full e-flex e-con e-child\" data-id=\"5541ca6\" data-element_type=\"container\" data-e-type=\"container\" data-settings=\"{&quot;background_background&quot;:&quot;classic&quot;}\"><div class=\"elementor-element elementor-element-a8d5f04 e-flex e-con-boxed e-con e-child\" data-id=\"a8d5f04\" data-element_type=\"container\" data-e-type=\"container\">\t\t\t<div class=\"e-con-inner\">\r\n\t\t<div class=\"elementor-element elementor-element-5951c2d e-con-full e-flex e-con e-child\" data-id=\"5951c2d\" data-element_type=\"container\" data-e-type=\"container\">\t\t<div class=\"elementor-element elementor-element-97177cc elementor-position-inline-start elementor-view-default elementor-mobile-position-block-start elementor-widget elementor-widget-icon-box\" data-id=\"97177cc\" data-element_type=\"widget\" data-e-type=\"widget\" data-widget_type=\"icon-box.default\">\n\t\t\t\t\t\t\t<div class=\"elementor-icon-box-wrapper\">\n\n\t\t\t\t\t\t<div class=\"elementor-icon-box-icon\">\n\t\t\t\t<a href=\"\/fr\/news\/\" class=\"elementor-icon\" tabindex=\"-1\" aria-label=\"Retour aux actualit\u00e9s\">\n\t\t\t\t<i aria-hidden=\"true\" class=\"far fa-angle-left\"><\/i>\t\t\t\t<\/a>\n\t\t\t<\/div>\n\t\t\t\n\t\t\t\t\t\t<div class=\"elementor-icon-box-content\">\n\n\t\t\t\t\t\t\t\t\t<h3 class=\"elementor-icon-box-title\">\n\t\t\t\t\t\t<a href=\"\/fr\/news\/\" >\n\t\t\t\t\t\t\tRetour aux actualit\u00e9s\t\t\t\t\t\t<\/a>\n\t\t\t\t\t<\/h3>\n\t\t\t\t\n\t\t\t\t\n\t\t\t<\/div>\n\t\t\t\n\t\t<\/div>\n\t\t\t\t\t\t<\/div>\n\t\t\t\t<\/div>\r\n\t\t\t\t<div class=\"elementor-element elementor-element-35bd769 elementor-widget elementor-widget-heading\" data-id=\"35bd769\" data-element_type=\"widget\" data-e-type=\"widget\" data-widget_type=\"heading.default\">\n\t\t\t\t\t<div class=\"elementor-heading-title elementor-size-default\">17\/12\/2025<\/div>\t\t\t\t<\/div>\n\t\t\t\t<div class=\"elementor-element elementor-element-4929841 elementor-widget elementor-widget-heading\" data-id=\"4929841\" data-element_type=\"widget\" data-e-type=\"widget\" data-widget_type=\"heading.default\">\n\t\t\t\t\t<h1 class=\"elementor-heading-title elementor-size-default\">Mise \u00e0 jour sur l'incident de s\u00e9curit\u00e9 informatique de l'employ\u00e9 B2BE<\/h1>\t\t\t\t<\/div>\n\t\t<div class=\"elementor-element elementor-element-6fa5a58 e-con-full e-flex e-con e-child\" data-id=\"6fa5a58\" data-element_type=\"container\" data-e-type=\"container\">\t\t<div class=\"elementor-element elementor-element-51d1329 elementor-widget elementor-widget-text-editor\" data-id=\"51d1329\" data-element_type=\"widget\" data-e-type=\"widget\" data-widget_type=\"text-editor.default\">\n\t\t\t\t\t\t\t\t\t<div class=\"elementor-element elementor-element-8103ff6 elementor-widget elementor-widget-text-editor\" data-id=\"8103ff6\" data-element_type=\"widget\" data-widget_type=\"text-editor.default\"><div class=\"elementor-widget-container\"><p class=\"x_MsoNormal\">B2BE fournit une mise \u00e0 jour sur un r\u00e9cent incident de cybers\u00e9curit\u00e9 impliquant un acc\u00e8s non autoris\u00e9 \u00e0 certains syst\u00e8mes internes.<\/p><p class=\"x_MsoNormal\">Le 9 d\u00e9cembre 2025, nous avons d\u00e9tect\u00e9 un logiciel malveillant d\u00e9ploy\u00e9 par un acteur malveillant sur l'un de nos serveurs internes. Nous avons imm\u00e9diatement activ\u00e9 nos protocoles d'intervention en cas d'incident, isol\u00e9 les syst\u00e8mes affect\u00e9s et emp\u00each\u00e9 tout autre acc\u00e8s non autoris\u00e9.<\/p><p class=\"x_MsoNormal\">Nous avons fait appel \u00e0 des experts ind\u00e9pendants en cybers\u00e9curit\u00e9 et en droit pour soutenir nos efforts d'enqu\u00eate et de rem\u00e9diation. Nous estimons que l'incident est d\u00e9sormais enti\u00e8rement contenu et stabilis\u00e9, sans aucune preuve de menace persistante ni de compromission suppl\u00e9mentaire. Tous les syst\u00e8mes affect\u00e9s sont isol\u00e9s en toute s\u00e9curit\u00e9 et sous surveillance continue. \u00c0 ce jour, nous n'avons re\u00e7u aucun rapport d'utilisation abusive des donn\u00e9es consult\u00e9es.<\/p><p class=\"x_MsoNormal\">B2BE s'est conform\u00e9e \u00e0 toutes les obligations pertinentes en vertu des diverses lois sur la protection des donn\u00e9es dans chaque r\u00e9gion, y compris la notification aux autorit\u00e9s gouvernementales comp\u00e9tentes si n\u00e9cessaire, et nous coop\u00e9rons pleinement avec ces autorit\u00e9s.<\/p><p class=\"x_MsoNormal\">Bien que le risque d'utilisation abusive soit jug\u00e9 tr\u00e8s faible, nous encourageons nos employ\u00e9s \u00e0 rester vigilants face aux tentatives de hame\u00e7onnage, aux appels frauduleux, aux messages suspects ou \u00e0 toute autre activit\u00e9 frauduleuse.<\/p><p class=\"x_MsoNormal\">Par mesure de pr\u00e9caution, nous recommandons\u00a0:<\/p><\/div><\/div><div class=\"elementor-element elementor-element-d1d97b7 elementor-widget elementor-widget-text-editor\" data-id=\"d1d97b7\" data-element_type=\"widget\" data-widget_type=\"text-editor.default\"><div class=\"elementor-widget-container\"><ul><li><span role=\"presentation\">Changement des mots de passe pour la messagerie professionnelle et les syst\u00e8mes, et activation de l'authentification \u00e0 deux facteurs dans la mesure du possible.<\/span><\/li><li><span role=\"presentation\">\u00c9viter de cliquer sur des liens ou d'ouvrir des pi\u00e8ces jointes provenant de sources inconnues ou suspectes.<\/span><\/li><li><span role=\"presentation\">Ne pas partager d'informations personnelles avec des tiers non autoris\u00e9s.<\/span><\/li><li><span role=\"presentation\">Si vous remarquez une activit\u00e9 suspecte ou si vous avez des pr\u00e9occupations, veuillez nous contacter imm\u00e9diatement afin que nous puissions enqu\u00eater et vous aider.<\/span><\/li><\/ul><\/div><\/div><div class=\"elementor-element elementor-element-2360ad7 elementor-widget elementor-widget-text-editor\" data-id=\"2360ad7\" data-element_type=\"widget\" data-widget_type=\"text-editor.default\"><div class=\"elementor-widget-container\"><p class=\"x_MsoNormal\">Si vous remarquez quelque chose de suspect ou si vous avez des pr\u00e9occupations, veuillez nous contacter imm\u00e9diatement, et nous prendrons toutes les mesures n\u00e9cessaires pour enqu\u00eater, rem\u00e9dier et prot\u00e9ger vos donn\u00e9es personnelles.\u00a0<\/p><p class=\"x_MsoNormal\">Pour toute question ou assistance, veuillez contacter notre D\u00e9l\u00e9gu\u00e9 \u00e0 la Protection des Donn\u00e9es :<\/p><\/div><\/div>\t\t\t\t\t\t\t\t<\/div>\n\t\t\t\t<\/div>\r\n\t\t<div class=\"elementor-element elementor-element-e8a03ac e-con-full e-flex e-con e-child\" data-id=\"e8a03ac\" data-element_type=\"container\" data-e-type=\"container\">\t\t<div class=\"elementor-element elementor-element-f871ac8 elementor-widget elementor-widget-html\" data-id=\"f871ac8\" data-element_type=\"widget\" data-e-type=\"widget\" data-widget_type=\"html.default\">\n\t\t\t\t\t<style>\n.custom-table {\n    border-collapse: collapse;\n    width: 100%;\n}\n\n.custom-table,\n.custom-table td,\n.custom-table th {\n    border: 1px solid #202020;\n}\n\n.custom-table td {\n    padding: 12px;\n    vertical-align: top;\n}\n<\/style>\n\n<table class=\"custom-table\">\n  <tbody>\n    <tr>\n      <td><strong>Contact B2BE<\/strong><\/td>\n      <td>\n        Ye Tsun Wong<br>\n        D\u00e9l\u00e9gu\u00e9 \u00e0 la protection des donn\u00e9es\n      <\/td>\n    <\/tr>\n    <tr>\n      <td><strong>Adresse de courrier \u00e9lectronique (par entit\u00e9)<\/strong><\/td>\n      <td>\n        B2BE Pty Ltd : 93 Palmerston Crescent, South Melbourne, VIC 3205<br><br>\n        B2BE Canada Ltd : 205 Placer Ct. Unit 203, North York, ON M2H 0A9<br><br>\n        B2BE CN Ltd : 205, 2\u00e8me \u00e9tage, B\u00e2timent 2, Parc Shangfeng, Baijatuan, P\u00e9kin 100000<br><br>\n        B2BE France SAS : 19 boulevard Malesherbes, 75008 Paris<br><br>\n        B2BE Germany GmbH : Alfred-Herrhausen-Allee 3\u20135, 65760 Eschborn<br><br>\n        B2BE Hong Kong Ltd : 5\/F 180 Hennessy Road, Wan Chai, Hong Kong<br><br>\n        B2BE.com India Private Ltd : Spaces Olympia, Olympia Technology Park, 10\u00e8me \u00e9tage Bloc Citius, 1-SIDCO Industrial Estate, Guindy, Chennai 600032<br><br>\n        PT B2BE Solutions Indon\u00e9sie : Business Park Kebon Jeruk, Blok H1-H2, Jl. Raya Meruya Ilir N\u00b0 88, Jakarta Barat 116220<br><br>\n        B2BE Japan Ltd : Ueuchi Bldg. 2A, 1-20-9, Nakajo, Musashino-shi, Tokyo 180-0006<br><br>\n        B2BE Malaysia SDN. BHD : Suite A809, Jalan 16\/11, Phileo Damansara 1, Off Jalan Damansara, 46350 Petaling Jaya, Selangor Darul Ehsan<br><br>\n        B2BE GSS (Mauritius) Ltd: LOT T06, Troisi\u00e8me \u00c9tage, Centre Commercial Coeur de Ville Grand Bay, Route La Salette, Grand Bay<br><br>\n        B2BE B.V. : 4\u00e8me \u00e9tage, Savannahweg 17, 3542AW Utrecht<br><br>\n        B2BE NZ Pty Ltd : Suite 7.02, Niveau 7, B\u00e2timent 5, Central Park Corporate Centre, 666 Great South Road, Ellerslie, Auckland 1051<br><br>\n        B2BE.com Philippines Inc. : Unit\u00e9 302 Rufino VAR Building, 6784 Ayala Avenue Coin V.A. Rufino Street, Makati City 1200<br><br>\n        B2BE Asia Pte Ltd : 120 Lower Delta Road #12-02, Cendex Centre, 169208<br><br>\n        B2BE SARL : Europaallee 41, 80212 Zurich<br><br>\n        B2BE Ltd: Lyndon House, 62 Hagley Road, Birmingham, B16 8PE<br><br>\n        B2BE LLC : 1005 Congress Avenue, Suite 925, Austin 78701<br><br>\n        B2BE GSS (Vietnam) Co Ltd\u00a0: 4\u00e8me \u00e9tage Loyal Building, n\u00b0 151\u2013151 Bis rue Vo Thi Sau, quartier Xuan Hoa, H\u00f4-Chi-Minh-Ville\n      <\/td>\n    <\/tr>\n    <tr>\n      <td><strong>Adresse e-mail<\/strong><\/td>\n      <td>\n        <a href=\"mailto:privacy@b2be.com\">privacy@b2be.com<\/a>\n      <\/td>\n    <\/tr>\n  <\/tbody>\n<\/table>\n\t\t\t\t<\/div>\n\t\t\t\t<\/div>\r\n\t\t<div class=\"elementor-element elementor-element-4f2ad40 e-con-full e-flex e-con e-child\" data-id=\"4f2ad40\" data-element_type=\"container\" data-e-type=\"container\">\t\t<div class=\"elementor-element elementor-element-0557482 elementor-widget elementor-widget-text-editor\" data-id=\"0557482\" data-element_type=\"widget\" data-e-type=\"widget\" data-widget_type=\"text-editor.default\">\n\t\t\t\t\t\t\t\t\t<div class=\"elementor-element elementor-element-db01310 elementor-widget elementor-widget-text-editor\" data-id=\"db01310\" data-element_type=\"widget\" data-widget_type=\"text-editor.default\"><div class=\"elementor-widget-container\"><p class=\"x_MsoNormal\">Nous restons d\u00e9termin\u00e9s \u00e0 fournir des mises \u00e0 jour pertinentes de mani\u00e8re transparente et responsable, en pleine conformit\u00e9 avec les exigences l\u00e9gales en vertu des r\u00e9glementations mondiales pertinentes en mati\u00e8re de protection des donn\u00e9es.\u00a0<\/p><p class=\"x_MsoNormal\">B2BE prend la s\u00e9curit\u00e9 et la confidentialit\u00e9 des donn\u00e9es personnelles tr\u00e8s au s\u00e9rieux. Nous nous engageons \u00e0 une surveillance continue, \u00e0 des am\u00e9liorations de nos syst\u00e8mes et \u00e0 la pr\u00e9vention d'incidents futurs. Nous fournirons de nouvelles mises \u00e0 jour si de nouvelles informations mat\u00e9rielles deviennent disponibles.<\/p><p class=\"x_MsoNormal\">Merci de votre confiance continue envers B2BE.<\/p><p class=\"x_MsoNormal\">Ye Tsun Wong<br \/><b>D\u00e9l\u00e9gu\u00e9 \u00e0 la protection des donn\u00e9es\u00a0<br \/><\/b>B2BE<\/p><\/div><\/div>\t\t\t\t\t\t\t\t<\/div>\n\t\t\t\t<\/div>\r\n\t\t<div class=\"elementor-element elementor-element-9db4eb9 e-con-full e-flex e-con e-child\" data-id=\"9db4eb9\" data-element_type=\"container\" data-e-type=\"container\">\t\t<\/div>\r\n\t\t\t\t\t<\/div>\r\n\t\t\t\t<\/div>\r\n\t\t\t\t<\/div>\r\n\t\t\t\t\t<\/div>\r\n\t\t\t\t<\/div>\r\n\t\t\t\t<\/div>","protected":false},"excerpt":{"rendered":"<p>Back to News 17\/12\/2025 Employee B2BE Cyber Security Incident Update B2BE is providing an update on a recent cybersecurity incident involving unauthorised access to certain internal systems. On 9 December 2025, we detected malware deployed by a malicious actor on one of our internal servers. We immediately activated our incident response protocols, isolated the affected [&hellip;]<\/p>\n","protected":false},"author":1,"featured_media":0,"parent":3831,"menu_order":0,"comment_status":"closed","ping_status":"closed","template":"","meta":{"footnotes":""},"class_list":["post-4577","page","type-page","status-publish","hentry"],"yoast_head":"<!-- This site is optimized with the Yoast SEO plugin v27.3 - https:\/\/yoast.com\/product\/yoast-seo-wordpress\/ -->\n<title>Employee B2BE Cyber Security Incident Update - B2BE<\/title>\n<meta name=\"robots\" content=\"noindex, follow, max-snippet:-1, max-image-preview:large, max-video-preview:-1\" \/>\n<meta property=\"og:locale\" content=\"fr_FR\" \/>\n<meta property=\"og:type\" content=\"article\" \/>\n<meta property=\"og:title\" content=\"Employee B2BE Cyber Security Incident Update - B2BE\" \/>\n<meta property=\"og:description\" content=\"Back to News 17\/12\/2025 Employee B2BE Cyber Security Incident Update B2BE is providing an update on a recent cybersecurity incident involving unauthorised access to certain internal systems. On 9 December 2025, we detected malware deployed by a malicious actor on one of our internal servers. We immediately activated our incident response protocols, isolated the affected [&hellip;]\" \/>\n<meta property=\"og:url\" content=\"https:\/\/web-uat.b2be.com\/fr\/news\/employee-b2be-cyber-security-incident-update\/\" \/>\n<meta property=\"og:site_name\" content=\"B2BE\" \/>\n<meta property=\"article:publisher\" content=\"https:\/\/www.facebook.com\/B2BE-1522220608096071\/\" \/>\n<meta property=\"article:modified_time\" content=\"2026-04-09T06:40:20+00:00\" \/>\n<meta name=\"twitter:card\" content=\"summary_large_image\" \/>\n<meta name=\"twitter:site\" content=\"@B2BeSolutions\" \/>\n<meta name=\"twitter:label1\" content=\"Dur\u00e9e de lecture estim\u00e9e\" \/>\n\t<meta name=\"twitter:data1\" content=\"3 minutes\" \/>\n<script type=\"application\/ld+json\" class=\"yoast-schema-graph\">{\"@context\":\"https:\\\/\\\/schema.org\",\"@graph\":[{\"@type\":\"WebPage\",\"@id\":\"https:\\\/\\\/web-uat.b2be.com\\\/news\\\/employee-b2be-cyber-security-incident-update\\\/\",\"url\":\"https:\\\/\\\/web-uat.b2be.com\\\/news\\\/employee-b2be-cyber-security-incident-update\\\/\",\"name\":\"Employee B2BE Cyber Security Incident Update - B2BE\",\"isPartOf\":{\"@id\":\"https:\\\/\\\/web-uat.b2be.com\\\/#website\"},\"datePublished\":\"2026-02-24T08:13:52+00:00\",\"dateModified\":\"2026-04-09T06:40:20+00:00\",\"breadcrumb\":{\"@id\":\"https:\\\/\\\/web-uat.b2be.com\\\/news\\\/employee-b2be-cyber-security-incident-update\\\/#breadcrumb\"},\"inLanguage\":\"fr-FR\",\"potentialAction\":[{\"@type\":\"ReadAction\",\"target\":[\"https:\\\/\\\/web-uat.b2be.com\\\/news\\\/employee-b2be-cyber-security-incident-update\\\/\"]}]},{\"@type\":\"BreadcrumbList\",\"@id\":\"https:\\\/\\\/web-uat.b2be.com\\\/news\\\/employee-b2be-cyber-security-incident-update\\\/#breadcrumb\",\"itemListElement\":[{\"@type\":\"ListItem\",\"position\":1,\"name\":\"Home\",\"item\":\"https:\\\/\\\/web-uat.b2be.com\\\/\"},{\"@type\":\"ListItem\",\"position\":2,\"name\":\"News\",\"item\":\"https:\\\/\\\/web-uat.b2be.com\\\/news\\\/\"},{\"@type\":\"ListItem\",\"position\":3,\"name\":\"Employee B2BE Cyber Security Incident Update\"}]},{\"@type\":\"WebSite\",\"@id\":\"https:\\\/\\\/web-uat.b2be.com\\\/#website\",\"url\":\"https:\\\/\\\/web-uat.b2be.com\\\/\",\"name\":\"B2BE e-Solutions\",\"description\":\"\",\"publisher\":{\"@id\":\"https:\\\/\\\/web-uat.b2be.com\\\/#organization\"},\"potentialAction\":[{\"@type\":\"SearchAction\",\"target\":{\"@type\":\"EntryPoint\",\"urlTemplate\":\"https:\\\/\\\/web-uat.b2be.com\\\/?s={search_term_string}\"},\"query-input\":{\"@type\":\"PropertyValueSpecification\",\"valueRequired\":true,\"valueName\":\"search_term_string\"}}],\"inLanguage\":\"fr-FR\"},{\"@type\":\"Organization\",\"@id\":\"https:\\\/\\\/web-uat.b2be.com\\\/#organization\",\"name\":\"B2BE Group of Companies\",\"url\":\"https:\\\/\\\/web-uat.b2be.com\\\/\",\"logo\":{\"@type\":\"ImageObject\",\"inLanguage\":\"fr-FR\",\"@id\":\"https:\\\/\\\/web-uat.b2be.com\\\/#\\\/schema\\\/logo\\\/image\\\/\",\"url\":\"https:\\\/\\\/web-uat.b2be.com\\\/wp-content\\\/uploads\\\/2026\\\/01\\\/converted-image.png\",\"contentUrl\":\"https:\\\/\\\/web-uat.b2be.com\\\/wp-content\\\/uploads\\\/2026\\\/01\\\/converted-image.png\",\"width\":600,\"height\":228,\"caption\":\"B2BE Group of Companies\"},\"image\":{\"@id\":\"https:\\\/\\\/web-uat.b2be.com\\\/#\\\/schema\\\/logo\\\/image\\\/\"},\"sameAs\":[\"https:\\\/\\\/www.facebook.com\\\/B2BE-1522220608096071\\\/\",\"https:\\\/\\\/x.com\\\/B2BeSolutions\",\"https:\\\/\\\/www.linkedin.com\\\/company\\\/b2be\"]}]}<\/script>\n<!-- \/ Yoast SEO plugin. -->","yoast_head_json":{"title":"Employee B2BE Cyber Security Incident Update - B2BE","robots":{"index":"noindex","follow":"follow","max-snippet":"max-snippet:-1","max-image-preview":"max-image-preview:large","max-video-preview":"max-video-preview:-1"},"og_locale":"fr_FR","og_type":"article","og_title":"Employee B2BE Cyber Security Incident Update - B2BE","og_description":"Back to News 17\/12\/2025 Employee B2BE Cyber Security Incident Update B2BE is providing an update on a recent cybersecurity incident involving unauthorised access to certain internal systems. On 9 December 2025, we detected malware deployed by a malicious actor on one of our internal servers. We immediately activated our incident response protocols, isolated the affected [&hellip;]","og_url":"https:\/\/web-uat.b2be.com\/fr\/news\/employee-b2be-cyber-security-incident-update\/","og_site_name":"B2BE","article_publisher":"https:\/\/www.facebook.com\/B2BE-1522220608096071\/","article_modified_time":"2026-04-09T06:40:20+00:00","twitter_card":"summary_large_image","twitter_site":"@B2BeSolutions","twitter_misc":{"Dur\u00e9e de lecture estim\u00e9e":"3 minutes"},"schema":{"@context":"https:\/\/schema.org","@graph":[{"@type":"WebPage","@id":"https:\/\/web-uat.b2be.com\/news\/employee-b2be-cyber-security-incident-update\/","url":"https:\/\/web-uat.b2be.com\/news\/employee-b2be-cyber-security-incident-update\/","name":"Employee B2BE Cyber Security Incident Update - B2BE","isPartOf":{"@id":"https:\/\/web-uat.b2be.com\/#website"},"datePublished":"2026-02-24T08:13:52+00:00","dateModified":"2026-04-09T06:40:20+00:00","breadcrumb":{"@id":"https:\/\/web-uat.b2be.com\/news\/employee-b2be-cyber-security-incident-update\/#breadcrumb"},"inLanguage":"fr-FR","potentialAction":[{"@type":"ReadAction","target":["https:\/\/web-uat.b2be.com\/news\/employee-b2be-cyber-security-incident-update\/"]}]},{"@type":"BreadcrumbList","@id":"https:\/\/web-uat.b2be.com\/news\/employee-b2be-cyber-security-incident-update\/#breadcrumb","itemListElement":[{"@type":"ListItem","position":1,"name":"Home","item":"https:\/\/web-uat.b2be.com\/"},{"@type":"ListItem","position":2,"name":"News","item":"https:\/\/web-uat.b2be.com\/news\/"},{"@type":"ListItem","position":3,"name":"Employee B2BE Cyber Security Incident Update"}]},{"@type":"WebSite","@id":"https:\/\/web-uat.b2be.com\/#website","url":"https:\/\/web-uat.b2be.com\/","name":"B2BE e-Solutions","description":"","publisher":{"@id":"https:\/\/web-uat.b2be.com\/#organization"},"potentialAction":[{"@type":"SearchAction","target":{"@type":"EntryPoint","urlTemplate":"https:\/\/web-uat.b2be.com\/?s={search_term_string}"},"query-input":{"@type":"PropertyValueSpecification","valueRequired":true,"valueName":"search_term_string"}}],"inLanguage":"fr-FR"},{"@type":"Organization","@id":"https:\/\/web-uat.b2be.com\/#organization","name":"B2BE Group of Companies","url":"https:\/\/web-uat.b2be.com\/","logo":{"@type":"ImageObject","inLanguage":"fr-FR","@id":"https:\/\/web-uat.b2be.com\/#\/schema\/logo\/image\/","url":"https:\/\/web-uat.b2be.com\/wp-content\/uploads\/2026\/01\/converted-image.png","contentUrl":"https:\/\/web-uat.b2be.com\/wp-content\/uploads\/2026\/01\/converted-image.png","width":600,"height":228,"caption":"B2BE Group of Companies"},"image":{"@id":"https:\/\/web-uat.b2be.com\/#\/schema\/logo\/image\/"},"sameAs":["https:\/\/www.facebook.com\/B2BE-1522220608096071\/","https:\/\/x.com\/B2BeSolutions","https:\/\/www.linkedin.com\/company\/b2be"]}]}},"_links":{"self":[{"href":"https:\/\/web-uat.b2be.com\/fr\/wp-json\/wp\/v2\/pages\/4577","targetHints":{"allow":["GET"]}}],"collection":[{"href":"https:\/\/web-uat.b2be.com\/fr\/wp-json\/wp\/v2\/pages"}],"about":[{"href":"https:\/\/web-uat.b2be.com\/fr\/wp-json\/wp\/v2\/types\/page"}],"author":[{"embeddable":true,"href":"https:\/\/web-uat.b2be.com\/fr\/wp-json\/wp\/v2\/users\/1"}],"replies":[{"embeddable":true,"href":"https:\/\/web-uat.b2be.com\/fr\/wp-json\/wp\/v2\/comments?post=4577"}],"version-history":[{"count":16,"href":"https:\/\/web-uat.b2be.com\/fr\/wp-json\/wp\/v2\/pages\/4577\/revisions"}],"predecessor-version":[{"id":9337,"href":"https:\/\/web-uat.b2be.com\/fr\/wp-json\/wp\/v2\/pages\/4577\/revisions\/9337"}],"up":[{"embeddable":true,"href":"https:\/\/web-uat.b2be.com\/fr\/wp-json\/wp\/v2\/pages\/3831"}],"wp:attachment":[{"href":"https:\/\/web-uat.b2be.com\/fr\/wp-json\/wp\/v2\/media?parent=4577"}],"curies":[{"name":"wp","href":"https:\/\/api.w.org\/{rel}","templated":true}]}}