{"id":4576,"date":"2026-02-24T08:10:38","date_gmt":"2026-02-24T08:10:38","guid":{"rendered":"https:\/\/web-uat.b2be.com\/?page_id=4576"},"modified":"2026-04-09T06:35:46","modified_gmt":"2026-04-09T06:35:46","slug":"customer-supplier-b2be-cyber-security-incident-update","status":"publish","type":"page","link":"https:\/\/web-uat.b2be.com\/fr\/news\/customer-supplier-b2be-cyber-security-incident-update\/","title":{"rendered":"Customer &#038; Supplier B2BE Cyber Security Incident Update"},"content":{"rendered":"<div data-elementor-type=\"wp-page\" data-elementor-id=\"4576\" class=\"elementor elementor-4576\" data-elementor-post-type=\"page\">\n\t\t\t\t<div class=\"elementor-element elementor-element-6051966 e-flex e-con-boxed e-con e-parent\" data-id=\"6051966\" data-element_type=\"container\" data-e-type=\"container\">\t\t\t<div class=\"e-con-inner\">\r\n\t\t<div class=\"elementor-element elementor-element-5541ca6 e-con-full e-flex e-con e-child\" data-id=\"5541ca6\" data-element_type=\"container\" data-e-type=\"container\" data-settings=\"{&quot;background_background&quot;:&quot;classic&quot;}\"><div class=\"elementor-element elementor-element-a8d5f04 e-flex e-con-boxed e-con e-child\" data-id=\"a8d5f04\" data-element_type=\"container\" data-e-type=\"container\">\t\t\t<div class=\"e-con-inner\">\r\n\t\t<div class=\"elementor-element elementor-element-5951c2d e-con-full e-flex e-con e-child\" data-id=\"5951c2d\" data-element_type=\"container\" data-e-type=\"container\">\t\t<div class=\"elementor-element elementor-element-97177cc elementor-position-inline-start elementor-view-default elementor-mobile-position-block-start elementor-widget elementor-widget-icon-box\" data-id=\"97177cc\" data-element_type=\"widget\" data-e-type=\"widget\" data-widget_type=\"icon-box.default\">\n\t\t\t\t\t\t\t<div class=\"elementor-icon-box-wrapper\">\n\n\t\t\t\t\t\t<div class=\"elementor-icon-box-icon\">\n\t\t\t\t<a href=\"\/fr\/news\/\" class=\"elementor-icon\" tabindex=\"-1\" aria-label=\"Retour aux actualit\u00e9s\">\n\t\t\t\t<i aria-hidden=\"true\" class=\"far fa-angle-left\"><\/i>\t\t\t\t<\/a>\n\t\t\t<\/div>\n\t\t\t\n\t\t\t\t\t\t<div class=\"elementor-icon-box-content\">\n\n\t\t\t\t\t\t\t\t\t<h3 class=\"elementor-icon-box-title\">\n\t\t\t\t\t\t<a href=\"\/fr\/news\/\" >\n\t\t\t\t\t\t\tRetour aux actualit\u00e9s\t\t\t\t\t\t<\/a>\n\t\t\t\t\t<\/h3>\n\t\t\t\t\n\t\t\t\t\n\t\t\t<\/div>\n\t\t\t\n\t\t<\/div>\n\t\t\t\t\t\t<\/div>\n\t\t\t\t<\/div>\r\n\t\t\t\t<div class=\"elementor-element elementor-element-35bd769 elementor-widget elementor-widget-heading\" data-id=\"35bd769\" data-element_type=\"widget\" data-e-type=\"widget\" data-widget_type=\"heading.default\">\n\t\t\t\t\t<div class=\"elementor-heading-title elementor-size-default\">17\/12\/2025<\/div>\t\t\t\t<\/div>\n\t\t\t\t<div class=\"elementor-element elementor-element-4929841 elementor-widget elementor-widget-heading\" data-id=\"4929841\" data-element_type=\"widget\" data-e-type=\"widget\" data-widget_type=\"heading.default\">\n\t\t\t\t\t<h1 class=\"elementor-heading-title elementor-size-default\">Mise \u00e0 jour sur l'incident de cybers\u00e9curit\u00e9 de B2BE pour les clients et les fournisseurs<\/h1>\t\t\t\t<\/div>\n\t\t<div class=\"elementor-element elementor-element-6fa5a58 e-con-full e-flex e-con e-child\" data-id=\"6fa5a58\" data-element_type=\"container\" data-e-type=\"container\">\t\t<div class=\"elementor-element elementor-element-51d1329 elementor-widget elementor-widget-text-editor\" data-id=\"51d1329\" data-element_type=\"widget\" data-e-type=\"widget\" data-widget_type=\"text-editor.default\">\n\t\t\t\t\t\t\t\t\t<p class=\"x_MsoNormal\">B2BE a r\u00e9cemment pris connaissance d'un incident de cybers\u00e9curit\u00e9 impliquant un acc\u00e8s non autoris\u00e9 \u00e0 certains syst\u00e8mes internes.\u00a0<\/p><p class=\"x_MsoNormal\">Le 9 d\u00e9cembre 2025, nous avons identifi\u00e9 une publication en ligne sur un site de fuite de donn\u00e9es pr\u00e9tendant contenir des informations provenant de notre r\u00e9seau. Nous avons imm\u00e9diatement lanc\u00e9 une r\u00e9ponse compl\u00e8te, faisant appel \u00e0 des experts leaders en cybers\u00e9curit\u00e9 pour enqu\u00eater sur la nature et l'\u00e9tendue de l'incident. Nous coop\u00e9rons \u00e9galement pleinement avec les autorit\u00e9s gouvernementales et les r\u00e9gulateurs comp\u00e9tents.<\/p><p class=\"x_MsoNormal\">Notre enqu\u00eate en cours indique que l'incident est limit\u00e9 aux syst\u00e8mes internes de B2BE. \u00c0 l'heure actuelle, nous pensons qu'aucun syst\u00e8me de production ni aucune donn\u00e9e client n'ont \u00e9t\u00e9 affect\u00e9s. Les investigations se poursuivent et, dans le cas improbable o\u00f9 des donn\u00e9es client de nos syst\u00e8mes de production auraient \u00e9t\u00e9 compromises, nous contacterons directement les parties affect\u00e9es.<\/p><p class=\"x_MsoNormal\"><b>Informations pour les clients<\/b><\/p><p class=\"x_MsoNormal\"><i>La s\u00e9curit\u00e9 et la confidentialit\u00e9 de nos clients et partenaires restent notre priorit\u00e9 absolue. Nous vous remercions de votre compr\u00e9hension pendant que nous traitons cette question et nous vous fournirons des mises \u00e0 jour en temps voulu.<\/i><\/p><p class=\"x_MsoNormal\"><b>Informations pour les fournisseurs B2BE<\/b><\/p><p class=\"x_MsoNormal\"><i>Comme l'incident concernait les syst\u00e8mes internes de B2BE, certaines informations relatives \u00e0 nos fournisseurs ont pu \u00eatre consult\u00e9es. Nous continuons d'\u00e9valuer les d\u00e9tails sp\u00e9cifiques et informerons directement les fournisseurs concern\u00e9s lorsque cela sera appropri\u00e9.<\/i><\/p><p class=\"x_MsoNormal\">Si vous avez des questions ou des pr\u00e9occupations, veuillez contacter notre \u00e9quipe d\u00e9di\u00e9e \u00e0 l'adresse\u00a0<strong><a title=\"mailto:security@b2be.com\" href=\"mailto:security@b2be.com\" data-outlook-id=\"48e59059-34cc-43bd-a78f-209b049418ab\" data-linkindex=\"1\">security@b2be.com<\/a><\/strong><\/p><p class=\"x_MsoNormal\">Nous prenons cet incident tr\u00e8s au s\u00e9rieux et nous nous engageons \u00e0 renforcer nos mesures de s\u00e9curit\u00e9 pour pr\u00e9venir de futurs incidents.<\/p><p class=\"x_MsoNormal\">Merci de votre confiance continue envers B2BE.<\/p><p class=\"x_MsoNormal\"><b>L'\u00e9quipe de direction de B2BE<\/b><\/p>\t\t\t\t\t\t\t\t<\/div>\n\t\t\t\t<\/div>\r\n\t\t<div class=\"elementor-element elementor-element-9db4eb9 e-con-full e-flex e-con e-child\" data-id=\"9db4eb9\" data-element_type=\"container\" data-e-type=\"container\">\t\t<\/div>\r\n\t\t\t\t\t<\/div>\r\n\t\t\t\t<\/div>\r\n\t\t\t\t<\/div>\r\n\t\t\t\t\t<\/div>\r\n\t\t\t\t<\/div>\r\n\t\t\t\t<\/div>","protected":false},"excerpt":{"rendered":"<p>Back to News 17\/12\/2025 Customer &amp; Supplier B2BE Cyber Security Incident Update B2BE has recently become aware of a cybersecurity incident involving unauthorised access to certain internal systems.\u00a0 On December 9, 2025, we identified an online post on a data leak site claiming to contain information removed from our network. We immediately initiated a comprehensive [&hellip;]<\/p>\n","protected":false},"author":1,"featured_media":0,"parent":3831,"menu_order":0,"comment_status":"closed","ping_status":"closed","template":"","meta":{"footnotes":""},"class_list":["post-4576","page","type-page","status-publish","hentry"],"yoast_head":"<!-- This site is optimized with the Yoast SEO plugin v27.3 - https:\/\/yoast.com\/product\/yoast-seo-wordpress\/ -->\n<title>Customer &amp; Supplier B2BE Cyber Security Incident Update - B2BE<\/title>\n<meta name=\"robots\" content=\"noindex, follow, max-snippet:-1, max-image-preview:large, max-video-preview:-1\" \/>\n<meta property=\"og:locale\" content=\"fr_FR\" \/>\n<meta property=\"og:type\" content=\"article\" \/>\n<meta property=\"og:title\" content=\"Customer &amp; Supplier B2BE Cyber Security Incident Update - B2BE\" \/>\n<meta property=\"og:description\" content=\"Back to News 17\/12\/2025 Customer &amp; Supplier B2BE Cyber Security Incident Update B2BE has recently become aware of a cybersecurity incident involving unauthorised access to certain internal systems.\u00a0 On December 9, 2025, we identified an online post on a data leak site claiming to contain information removed from our network. We immediately initiated a comprehensive [&hellip;]\" \/>\n<meta property=\"og:url\" content=\"https:\/\/web-uat.b2be.com\/fr\/news\/customer-supplier-b2be-cyber-security-incident-update\/\" \/>\n<meta property=\"og:site_name\" content=\"B2BE\" \/>\n<meta property=\"article:publisher\" content=\"https:\/\/www.facebook.com\/B2BE-1522220608096071\/\" \/>\n<meta property=\"article:modified_time\" content=\"2026-04-09T06:35:46+00:00\" \/>\n<meta name=\"twitter:card\" content=\"summary_large_image\" \/>\n<meta name=\"twitter:site\" content=\"@B2BeSolutions\" \/>\n<meta name=\"twitter:label1\" content=\"Dur\u00e9e de lecture estim\u00e9e\" \/>\n\t<meta name=\"twitter:data1\" content=\"1 minute\" \/>\n<script type=\"application\/ld+json\" class=\"yoast-schema-graph\">{\"@context\":\"https:\\\/\\\/schema.org\",\"@graph\":[{\"@type\":\"WebPage\",\"@id\":\"https:\\\/\\\/web-uat.b2be.com\\\/news\\\/customer-supplier-b2be-cyber-security-incident-update\\\/\",\"url\":\"https:\\\/\\\/web-uat.b2be.com\\\/news\\\/customer-supplier-b2be-cyber-security-incident-update\\\/\",\"name\":\"Customer & Supplier B2BE Cyber Security Incident Update - B2BE\",\"isPartOf\":{\"@id\":\"https:\\\/\\\/web-uat.b2be.com\\\/#website\"},\"datePublished\":\"2026-02-24T08:10:38+00:00\",\"dateModified\":\"2026-04-09T06:35:46+00:00\",\"breadcrumb\":{\"@id\":\"https:\\\/\\\/web-uat.b2be.com\\\/news\\\/customer-supplier-b2be-cyber-security-incident-update\\\/#breadcrumb\"},\"inLanguage\":\"fr-FR\",\"potentialAction\":[{\"@type\":\"ReadAction\",\"target\":[\"https:\\\/\\\/web-uat.b2be.com\\\/news\\\/customer-supplier-b2be-cyber-security-incident-update\\\/\"]}]},{\"@type\":\"BreadcrumbList\",\"@id\":\"https:\\\/\\\/web-uat.b2be.com\\\/news\\\/customer-supplier-b2be-cyber-security-incident-update\\\/#breadcrumb\",\"itemListElement\":[{\"@type\":\"ListItem\",\"position\":1,\"name\":\"Home\",\"item\":\"https:\\\/\\\/web-uat.b2be.com\\\/\"},{\"@type\":\"ListItem\",\"position\":2,\"name\":\"News\",\"item\":\"https:\\\/\\\/web-uat.b2be.com\\\/news\\\/\"},{\"@type\":\"ListItem\",\"position\":3,\"name\":\"Customer &#038; Supplier B2BE Cyber Security Incident Update\"}]},{\"@type\":\"WebSite\",\"@id\":\"https:\\\/\\\/web-uat.b2be.com\\\/#website\",\"url\":\"https:\\\/\\\/web-uat.b2be.com\\\/\",\"name\":\"B2BE e-Solutions\",\"description\":\"\",\"publisher\":{\"@id\":\"https:\\\/\\\/web-uat.b2be.com\\\/#organization\"},\"potentialAction\":[{\"@type\":\"SearchAction\",\"target\":{\"@type\":\"EntryPoint\",\"urlTemplate\":\"https:\\\/\\\/web-uat.b2be.com\\\/?s={search_term_string}\"},\"query-input\":{\"@type\":\"PropertyValueSpecification\",\"valueRequired\":true,\"valueName\":\"search_term_string\"}}],\"inLanguage\":\"fr-FR\"},{\"@type\":\"Organization\",\"@id\":\"https:\\\/\\\/web-uat.b2be.com\\\/#organization\",\"name\":\"B2BE Group of Companies\",\"url\":\"https:\\\/\\\/web-uat.b2be.com\\\/\",\"logo\":{\"@type\":\"ImageObject\",\"inLanguage\":\"fr-FR\",\"@id\":\"https:\\\/\\\/web-uat.b2be.com\\\/#\\\/schema\\\/logo\\\/image\\\/\",\"url\":\"https:\\\/\\\/web-uat.b2be.com\\\/wp-content\\\/uploads\\\/2026\\\/01\\\/converted-image.png\",\"contentUrl\":\"https:\\\/\\\/web-uat.b2be.com\\\/wp-content\\\/uploads\\\/2026\\\/01\\\/converted-image.png\",\"width\":600,\"height\":228,\"caption\":\"B2BE Group of Companies\"},\"image\":{\"@id\":\"https:\\\/\\\/web-uat.b2be.com\\\/#\\\/schema\\\/logo\\\/image\\\/\"},\"sameAs\":[\"https:\\\/\\\/www.facebook.com\\\/B2BE-1522220608096071\\\/\",\"https:\\\/\\\/x.com\\\/B2BeSolutions\",\"https:\\\/\\\/www.linkedin.com\\\/company\\\/b2be\"]}]}<\/script>\n<!-- \/ Yoast SEO plugin. -->","yoast_head_json":{"title":"Customer & Supplier B2BE Cyber Security Incident Update - B2BE","robots":{"index":"noindex","follow":"follow","max-snippet":"max-snippet:-1","max-image-preview":"max-image-preview:large","max-video-preview":"max-video-preview:-1"},"og_locale":"fr_FR","og_type":"article","og_title":"Customer & Supplier B2BE Cyber Security Incident Update - B2BE","og_description":"Back to News 17\/12\/2025 Customer &amp; Supplier B2BE Cyber Security Incident Update B2BE has recently become aware of a cybersecurity incident involving unauthorised access to certain internal systems.\u00a0 On December 9, 2025, we identified an online post on a data leak site claiming to contain information removed from our network. We immediately initiated a comprehensive [&hellip;]","og_url":"https:\/\/web-uat.b2be.com\/fr\/news\/customer-supplier-b2be-cyber-security-incident-update\/","og_site_name":"B2BE","article_publisher":"https:\/\/www.facebook.com\/B2BE-1522220608096071\/","article_modified_time":"2026-04-09T06:35:46+00:00","twitter_card":"summary_large_image","twitter_site":"@B2BeSolutions","twitter_misc":{"Dur\u00e9e de lecture estim\u00e9e":"1 minute"},"schema":{"@context":"https:\/\/schema.org","@graph":[{"@type":"WebPage","@id":"https:\/\/web-uat.b2be.com\/news\/customer-supplier-b2be-cyber-security-incident-update\/","url":"https:\/\/web-uat.b2be.com\/news\/customer-supplier-b2be-cyber-security-incident-update\/","name":"Customer & Supplier B2BE Cyber Security Incident Update - B2BE","isPartOf":{"@id":"https:\/\/web-uat.b2be.com\/#website"},"datePublished":"2026-02-24T08:10:38+00:00","dateModified":"2026-04-09T06:35:46+00:00","breadcrumb":{"@id":"https:\/\/web-uat.b2be.com\/news\/customer-supplier-b2be-cyber-security-incident-update\/#breadcrumb"},"inLanguage":"fr-FR","potentialAction":[{"@type":"ReadAction","target":["https:\/\/web-uat.b2be.com\/news\/customer-supplier-b2be-cyber-security-incident-update\/"]}]},{"@type":"BreadcrumbList","@id":"https:\/\/web-uat.b2be.com\/news\/customer-supplier-b2be-cyber-security-incident-update\/#breadcrumb","itemListElement":[{"@type":"ListItem","position":1,"name":"Home","item":"https:\/\/web-uat.b2be.com\/"},{"@type":"ListItem","position":2,"name":"News","item":"https:\/\/web-uat.b2be.com\/news\/"},{"@type":"ListItem","position":3,"name":"Customer &#038; Supplier B2BE Cyber Security Incident Update"}]},{"@type":"WebSite","@id":"https:\/\/web-uat.b2be.com\/#website","url":"https:\/\/web-uat.b2be.com\/","name":"B2BE e-Solutions","description":"","publisher":{"@id":"https:\/\/web-uat.b2be.com\/#organization"},"potentialAction":[{"@type":"SearchAction","target":{"@type":"EntryPoint","urlTemplate":"https:\/\/web-uat.b2be.com\/?s={search_term_string}"},"query-input":{"@type":"PropertyValueSpecification","valueRequired":true,"valueName":"search_term_string"}}],"inLanguage":"fr-FR"},{"@type":"Organization","@id":"https:\/\/web-uat.b2be.com\/#organization","name":"B2BE Group of Companies","url":"https:\/\/web-uat.b2be.com\/","logo":{"@type":"ImageObject","inLanguage":"fr-FR","@id":"https:\/\/web-uat.b2be.com\/#\/schema\/logo\/image\/","url":"https:\/\/web-uat.b2be.com\/wp-content\/uploads\/2026\/01\/converted-image.png","contentUrl":"https:\/\/web-uat.b2be.com\/wp-content\/uploads\/2026\/01\/converted-image.png","width":600,"height":228,"caption":"B2BE Group of Companies"},"image":{"@id":"https:\/\/web-uat.b2be.com\/#\/schema\/logo\/image\/"},"sameAs":["https:\/\/www.facebook.com\/B2BE-1522220608096071\/","https:\/\/x.com\/B2BeSolutions","https:\/\/www.linkedin.com\/company\/b2be"]}]}},"_links":{"self":[{"href":"https:\/\/web-uat.b2be.com\/fr\/wp-json\/wp\/v2\/pages\/4576","targetHints":{"allow":["GET"]}}],"collection":[{"href":"https:\/\/web-uat.b2be.com\/fr\/wp-json\/wp\/v2\/pages"}],"about":[{"href":"https:\/\/web-uat.b2be.com\/fr\/wp-json\/wp\/v2\/types\/page"}],"author":[{"embeddable":true,"href":"https:\/\/web-uat.b2be.com\/fr\/wp-json\/wp\/v2\/users\/1"}],"replies":[{"embeddable":true,"href":"https:\/\/web-uat.b2be.com\/fr\/wp-json\/wp\/v2\/comments?post=4576"}],"version-history":[{"count":40,"href":"https:\/\/web-uat.b2be.com\/fr\/wp-json\/wp\/v2\/pages\/4576\/revisions"}],"predecessor-version":[{"id":9330,"href":"https:\/\/web-uat.b2be.com\/fr\/wp-json\/wp\/v2\/pages\/4576\/revisions\/9330"}],"up":[{"embeddable":true,"href":"https:\/\/web-uat.b2be.com\/fr\/wp-json\/wp\/v2\/pages\/3831"}],"wp:attachment":[{"href":"https:\/\/web-uat.b2be.com\/fr\/wp-json\/wp\/v2\/media?parent=4576"}],"curies":[{"name":"wp","href":"https:\/\/api.w.org\/{rel}","templated":true}]}}