{"id":4580,"date":"2026-02-24T08:31:58","date_gmt":"2026-02-24T08:31:58","guid":{"rendered":"https:\/\/web-uat.b2be.com\/?page_id=4580"},"modified":"2026-04-09T07:58:10","modified_gmt":"2026-04-09T07:58:10","slug":"b2be-partners-with-eda","status":"publish","type":"page","link":"https:\/\/web-uat.b2be.com\/de\/news\/b2be-partners-with-eda\/","title":{"rendered":"B2BE schlie\u00dft sich mit EDA zusammen"},"content":{"rendered":"<div data-elementor-type=\"wp-page\" data-elementor-id=\"4580\" class=\"elementor elementor-4580\" data-elementor-post-type=\"page\">\n\t\t\t\t<div class=\"elementor-element elementor-element-6051966 e-flex e-con-boxed e-con e-parent\" data-id=\"6051966\" data-element_type=\"container\" data-e-type=\"container\">\t\t\t<div class=\"e-con-inner\">\r\n\t\t<div class=\"elementor-element elementor-element-5541ca6 e-con-full e-flex e-con e-child\" data-id=\"5541ca6\" data-element_type=\"container\" data-e-type=\"container\" data-settings=\"{&quot;background_background&quot;:&quot;classic&quot;}\"><div class=\"elementor-element elementor-element-a8d5f04 e-flex e-con-boxed e-con e-child\" data-id=\"a8d5f04\" data-element_type=\"container\" data-e-type=\"container\">\t\t\t<div class=\"e-con-inner\">\r\n\t\t<div class=\"elementor-element elementor-element-5951c2d e-con-full e-flex e-con e-child\" data-id=\"5951c2d\" data-element_type=\"container\" data-e-type=\"container\">\t\t<div class=\"elementor-element elementor-element-97177cc elementor-position-inline-start elementor-view-default elementor-mobile-position-block-start elementor-widget elementor-widget-icon-box\" data-id=\"97177cc\" data-element_type=\"widget\" data-e-type=\"widget\" data-widget_type=\"icon-box.default\">\n\t\t\t\t\t\t\t<div class=\"elementor-icon-box-wrapper\">\n\n\t\t\t\t\t\t<div class=\"elementor-icon-box-icon\">\n\t\t\t\t<a href=\"\/de\/news\/\" class=\"elementor-icon\" tabindex=\"-1\" aria-label=\"Zur\u00fcck zu den Nachrichten\">\n\t\t\t\t<i aria-hidden=\"true\" class=\"far fa-angle-left\"><\/i>\t\t\t\t<\/a>\n\t\t\t<\/div>\n\t\t\t\n\t\t\t\t\t\t<div class=\"elementor-icon-box-content\">\n\n\t\t\t\t\t\t\t\t\t<h3 class=\"elementor-icon-box-title\">\n\t\t\t\t\t\t<a href=\"\/de\/news\/\" >\n\t\t\t\t\t\t\tZur\u00fcck zu den Nachrichten\t\t\t\t\t\t<\/a>\n\t\t\t\t\t<\/h3>\n\t\t\t\t\n\t\t\t\t\n\t\t\t<\/div>\n\t\t\t\n\t\t<\/div>\n\t\t\t\t\t\t<\/div>\n\t\t\t\t<\/div>\r\n\t\t\t\t<div class=\"elementor-element elementor-element-35bd769 elementor-widget elementor-widget-heading\" data-id=\"35bd769\" data-element_type=\"widget\" data-e-type=\"widget\" data-widget_type=\"heading.default\">\n\t\t\t\t\t<div class=\"elementor-heading-title elementor-size-default\">05\/08\/2022<\/div>\t\t\t\t<\/div>\n\t\t\t\t<div class=\"elementor-element elementor-element-4929841 elementor-widget elementor-widget-heading\" data-id=\"4929841\" data-element_type=\"widget\" data-e-type=\"widget\" data-widget_type=\"heading.default\">\n\t\t\t\t\t<h1 class=\"elementor-heading-title elementor-size-default\">B2BE schlie\u00dft sich mit EDA zusammen<\/h1>\t\t\t\t<\/div>\n\t\t<div class=\"elementor-element elementor-element-474dff6 e-con-full e-flex e-con e-child\" data-id=\"474dff6\" data-element_type=\"container\" data-e-type=\"container\">\t\t<div class=\"elementor-element elementor-element-bdcc39f elementor-widget elementor-widget-image\" data-id=\"bdcc39f\" data-element_type=\"widget\" data-e-type=\"widget\" data-widget_type=\"image.default\">\n\t\t\t\t\t\t\t\t\t\t\t\t\t\t\t<img fetchpriority=\"high\" decoding=\"async\" width=\"1024\" height=\"308\" src=\"https:\/\/web-uat.b2be.com\/wp-content\/uploads\/2026\/02\/EDA-logo-1024x308.webp\" class=\"attachment-large size-large wp-image-4719\" alt=\"\" srcset=\"https:\/\/web-uat.b2be.com\/wp-content\/uploads\/2026\/02\/EDA-logo-1024x308.webp 1024w, https:\/\/web-uat.b2be.com\/wp-content\/uploads\/2026\/02\/EDA-logo-300x90.webp 300w, https:\/\/web-uat.b2be.com\/wp-content\/uploads\/2026\/02\/EDA-logo-768x231.webp 768w, https:\/\/web-uat.b2be.com\/wp-content\/uploads\/2026\/02\/EDA-logo-600x181.webp 600w, https:\/\/web-uat.b2be.com\/wp-content\/uploads\/2026\/02\/EDA-logo.webp 1030w\" sizes=\"(max-width: 1024px) 100vw, 1024px\" \/>\t\t\t\t\t\t\t\t\t\t\t\t\t\t\t<\/div>\n\t\t\t\t<\/div>\r\n\t\t<div class=\"elementor-element elementor-element-6fa5a58 e-con-full e-flex e-con e-child\" data-id=\"6fa5a58\" data-element_type=\"container\" data-e-type=\"container\">\t\t<div class=\"elementor-element elementor-element-51d1329 elementor-widget elementor-widget-text-editor\" data-id=\"51d1329\" data-element_type=\"widget\" data-e-type=\"widget\" data-widget_type=\"text-editor.default\">\n\t\t\t\t\t\t\t\t\t<p>B2BE freut sich, bekannt zu geben, dass wir eine Partnerschaft mit dem eingegangen sind\u00a0<a href=\"https:\/\/www.eda.org.uk\/\" target=\"_blank\" rel=\"noopener\"><em>Verband der Elektroh\u00e4ndler (EDA)<\/em><\/a>. Die EDA ist der Verband in Gro\u00dfbritannien f\u00fcr Elektrogro\u00dfh\u00e4ndler und -distributoren. Sie legen Wert darauf, die wichtige Verbindung zwischen Distributoren von elektrotechnischen Produkten, Herstellern, Elektrikern und Elektroinstallateuren hervorzuheben. Die Mitgliedschaft der EDA besteht aus britischen Gro\u00dfh\u00e4ndlern. Angegliederte Mitgliedschaften sind auch f\u00fcr Hersteller sowie L\u00f6sungs- und Dienstleister verf\u00fcgbar.<\/p><p>Ein Beitrag von Joe Pettit, dem eigenen Chief Operating Officer von B2BE f\u00fcr Europa und Nordamerika, \u00fcber die Zukunft der Elektroindustrie und die Digitalisierung wird seine Meinung zum Zustand der Branche in ihrer jeweiligen Publikation darlegen.,\u00a0<a href=\"https:\/\/wed-mag.co.uk\/\" target=\"_blank\" rel=\"noopener\"><em>Gro\u00dfh\u00e4ndler &amp; Elektro-Distributor (G&amp;ED)<\/em><\/a>. W&amp;ED erscheint viermal im Jahr. Es befasst sich mit einer Vielzahl von Nachrichten, Meinungen, Artikeln und Produktinformationen sowie neuen Gro\u00dfh\u00e4ndlerideen und ist damit eine unverzichtbare Lekt\u00fcre f\u00fcr alle, die in diesem spannenden Sektor t\u00e4tig sind.<\/p><p>Im Juni,\u00a0<a href=\"https:\/\/webuat.b2be.com\/blog\/digital-transformation-and-the-electrical-sector\/\" target=\"_blank\" rel=\"noopener\">Joe sprach auf dem EDA Regional Business Forum in Manchester<\/a>\u00a0wo er diese Themen besprochen hat. Auf dieser Pr\u00e4sentation zerlegte er drei gro\u00dfe Fragen: Muss sich mein Unternehmen Sorgen \u00fcber diese Ver\u00e4nderung machen? Welche Markttrends nach COVID werden mein Unternehmen beeinflussen? Was sollte mein Unternehmen dagegen tun und wann sollten wir es tun?<\/p>\t\t\t\t\t\t\t\t<\/div>\n\t\t\t\t<\/div>\r\n\t\t<div class=\"elementor-element elementor-element-9db4eb9 e-con-full e-flex e-con e-child\" data-id=\"9db4eb9\" data-element_type=\"container\" data-e-type=\"container\">\t\t<\/div>\r\n\t\t\t\t\t<\/div>\r\n\t\t\t\t<\/div>\r\n\t\t\t\t<\/div>\r\n\t\t\t\t\t<\/div>\r\n\t\t\t\t<\/div>\r\n\t\t\t\t<\/div>","protected":false},"excerpt":{"rendered":"<p>Back to news 05\/08\/2022 B2BE partners with EDA B2BE are excited to announce that we have partnered with the\u00a0Electrical Distributors Association (EDA). The EDA is the trade association in the UK for electrical wholesalers and distributors. They believe in highlighting the important link between distributors of electrotechnical products, manufacturers, electricians, and electrical contractors. The EDA\u2019s [&hellip;]<\/p>\n","protected":false},"author":1,"featured_media":0,"parent":3831,"menu_order":0,"comment_status":"closed","ping_status":"closed","template":"","meta":{"footnotes":""},"class_list":["post-4580","page","type-page","status-publish","hentry"],"yoast_head":"<!-- This site is optimized with the Yoast SEO plugin v27.3 - https:\/\/yoast.com\/product\/yoast-seo-wordpress\/ -->\n<title>B2BE partners with EDA - B2BE<\/title>\n<meta name=\"robots\" content=\"noindex, follow, max-snippet:-1, max-image-preview:large, max-video-preview:-1\" \/>\n<meta property=\"og:locale\" content=\"de_DE\" \/>\n<meta property=\"og:type\" content=\"article\" \/>\n<meta property=\"og:title\" content=\"B2BE partners with EDA - B2BE\" \/>\n<meta property=\"og:description\" content=\"Back to news 05\/08\/2022 B2BE partners with EDA B2BE are excited to announce that we have partnered with the\u00a0Electrical Distributors Association (EDA). The EDA is the trade association in the UK for electrical wholesalers and distributors. They believe in highlighting the important link between distributors of electrotechnical products, manufacturers, electricians, and electrical contractors. The EDA\u2019s [&hellip;]\" \/>\n<meta property=\"og:url\" content=\"https:\/\/web-uat.b2be.com\/de\/news\/b2be-partners-with-eda\/\" \/>\n<meta property=\"og:site_name\" content=\"B2BE\" \/>\n<meta property=\"article:publisher\" content=\"https:\/\/www.facebook.com\/B2BE-1522220608096071\/\" \/>\n<meta property=\"article:modified_time\" content=\"2026-04-09T07:58:10+00:00\" \/>\n<meta property=\"og:image\" content=\"https:\/\/web-uat.b2be.com\/wp-content\/uploads\/2026\/02\/EDA-logo.webp\" \/>\n\t<meta property=\"og:image:width\" content=\"1030\" \/>\n\t<meta property=\"og:image:height\" content=\"310\" \/>\n\t<meta property=\"og:image:type\" content=\"image\/webp\" \/>\n<meta name=\"twitter:card\" content=\"summary_large_image\" \/>\n<meta name=\"twitter:site\" content=\"@B2BeSolutions\" \/>\n<meta name=\"twitter:label1\" content=\"Gesch\u00e4tzte Lesezeit\" \/>\n\t<meta name=\"twitter:data1\" content=\"1\u00a0Minute\" \/>\n<script type=\"application\/ld+json\" class=\"yoast-schema-graph\">{\"@context\":\"https:\\\/\\\/schema.org\",\"@graph\":[{\"@type\":\"WebPage\",\"@id\":\"https:\\\/\\\/web-uat.b2be.com\\\/news\\\/b2be-partners-with-eda\\\/\",\"url\":\"https:\\\/\\\/web-uat.b2be.com\\\/news\\\/b2be-partners-with-eda\\\/\",\"name\":\"B2BE partners with EDA - B2BE\",\"isPartOf\":{\"@id\":\"https:\\\/\\\/web-uat.b2be.com\\\/#website\"},\"primaryImageOfPage\":{\"@id\":\"https:\\\/\\\/web-uat.b2be.com\\\/news\\\/b2be-partners-with-eda\\\/#primaryimage\"},\"image\":{\"@id\":\"https:\\\/\\\/web-uat.b2be.com\\\/news\\\/b2be-partners-with-eda\\\/#primaryimage\"},\"thumbnailUrl\":\"https:\\\/\\\/web-uat.b2be.com\\\/wp-content\\\/uploads\\\/2026\\\/02\\\/EDA-logo-1024x308.webp\",\"datePublished\":\"2026-02-24T08:31:58+00:00\",\"dateModified\":\"2026-04-09T07:58:10+00:00\",\"breadcrumb\":{\"@id\":\"https:\\\/\\\/web-uat.b2be.com\\\/news\\\/b2be-partners-with-eda\\\/#breadcrumb\"},\"inLanguage\":\"de\",\"potentialAction\":[{\"@type\":\"ReadAction\",\"target\":[\"https:\\\/\\\/web-uat.b2be.com\\\/news\\\/b2be-partners-with-eda\\\/\"]}]},{\"@type\":\"ImageObject\",\"inLanguage\":\"de\",\"@id\":\"https:\\\/\\\/web-uat.b2be.com\\\/news\\\/b2be-partners-with-eda\\\/#primaryimage\",\"url\":\"https:\\\/\\\/web-uat.b2be.com\\\/wp-content\\\/uploads\\\/2026\\\/02\\\/EDA-logo-1024x308.webp\",\"contentUrl\":\"https:\\\/\\\/web-uat.b2be.com\\\/wp-content\\\/uploads\\\/2026\\\/02\\\/EDA-logo-1024x308.webp\"},{\"@type\":\"BreadcrumbList\",\"@id\":\"https:\\\/\\\/web-uat.b2be.com\\\/news\\\/b2be-partners-with-eda\\\/#breadcrumb\",\"itemListElement\":[{\"@type\":\"ListItem\",\"position\":1,\"name\":\"Home\",\"item\":\"https:\\\/\\\/web-uat.b2be.com\\\/\"},{\"@type\":\"ListItem\",\"position\":2,\"name\":\"News\",\"item\":\"https:\\\/\\\/web-uat.b2be.com\\\/news\\\/\"},{\"@type\":\"ListItem\",\"position\":3,\"name\":\"B2BE partners with EDA\"}]},{\"@type\":\"WebSite\",\"@id\":\"https:\\\/\\\/web-uat.b2be.com\\\/#website\",\"url\":\"https:\\\/\\\/web-uat.b2be.com\\\/\",\"name\":\"B2BE e-Solutions\",\"description\":\"\",\"publisher\":{\"@id\":\"https:\\\/\\\/web-uat.b2be.com\\\/#organization\"},\"potentialAction\":[{\"@type\":\"SearchAction\",\"target\":{\"@type\":\"EntryPoint\",\"urlTemplate\":\"https:\\\/\\\/web-uat.b2be.com\\\/?s={search_term_string}\"},\"query-input\":{\"@type\":\"PropertyValueSpecification\",\"valueRequired\":true,\"valueName\":\"search_term_string\"}}],\"inLanguage\":\"de\"},{\"@type\":\"Organization\",\"@id\":\"https:\\\/\\\/web-uat.b2be.com\\\/#organization\",\"name\":\"B2BE Group of Companies\",\"url\":\"https:\\\/\\\/web-uat.b2be.com\\\/\",\"logo\":{\"@type\":\"ImageObject\",\"inLanguage\":\"de\",\"@id\":\"https:\\\/\\\/web-uat.b2be.com\\\/#\\\/schema\\\/logo\\\/image\\\/\",\"url\":\"https:\\\/\\\/web-uat.b2be.com\\\/wp-content\\\/uploads\\\/2026\\\/01\\\/converted-image.png\",\"contentUrl\":\"https:\\\/\\\/web-uat.b2be.com\\\/wp-content\\\/uploads\\\/2026\\\/01\\\/converted-image.png\",\"width\":600,\"height\":228,\"caption\":\"B2BE Group of Companies\"},\"image\":{\"@id\":\"https:\\\/\\\/web-uat.b2be.com\\\/#\\\/schema\\\/logo\\\/image\\\/\"},\"sameAs\":[\"https:\\\/\\\/www.facebook.com\\\/B2BE-1522220608096071\\\/\",\"https:\\\/\\\/x.com\\\/B2BeSolutions\",\"https:\\\/\\\/www.linkedin.com\\\/company\\\/b2be\"]}]}<\/script>\n<!-- \/ Yoast SEO plugin. -->","yoast_head_json":{"title":"B2BE partners with EDA - B2BE","robots":{"index":"noindex","follow":"follow","max-snippet":"max-snippet:-1","max-image-preview":"max-image-preview:large","max-video-preview":"max-video-preview:-1"},"og_locale":"de_DE","og_type":"article","og_title":"B2BE partners with EDA - B2BE","og_description":"Back to news 05\/08\/2022 B2BE partners with EDA B2BE are excited to announce that we have partnered with the\u00a0Electrical Distributors Association (EDA). The EDA is the trade association in the UK for electrical wholesalers and distributors. They believe in highlighting the important link between distributors of electrotechnical products, manufacturers, electricians, and electrical contractors. The EDA\u2019s [&hellip;]","og_url":"https:\/\/web-uat.b2be.com\/de\/news\/b2be-partners-with-eda\/","og_site_name":"B2BE","article_publisher":"https:\/\/www.facebook.com\/B2BE-1522220608096071\/","article_modified_time":"2026-04-09T07:58:10+00:00","og_image":[{"width":1030,"height":310,"url":"https:\/\/web-uat.b2be.com\/wp-content\/uploads\/2026\/02\/EDA-logo.webp","type":"image\/webp"}],"twitter_card":"summary_large_image","twitter_site":"@B2BeSolutions","twitter_misc":{"Gesch\u00e4tzte Lesezeit":"1\u00a0Minute"},"schema":{"@context":"https:\/\/schema.org","@graph":[{"@type":"WebPage","@id":"https:\/\/web-uat.b2be.com\/news\/b2be-partners-with-eda\/","url":"https:\/\/web-uat.b2be.com\/news\/b2be-partners-with-eda\/","name":"B2BE partners with EDA - B2BE","isPartOf":{"@id":"https:\/\/web-uat.b2be.com\/#website"},"primaryImageOfPage":{"@id":"https:\/\/web-uat.b2be.com\/news\/b2be-partners-with-eda\/#primaryimage"},"image":{"@id":"https:\/\/web-uat.b2be.com\/news\/b2be-partners-with-eda\/#primaryimage"},"thumbnailUrl":"https:\/\/web-uat.b2be.com\/wp-content\/uploads\/2026\/02\/EDA-logo-1024x308.webp","datePublished":"2026-02-24T08:31:58+00:00","dateModified":"2026-04-09T07:58:10+00:00","breadcrumb":{"@id":"https:\/\/web-uat.b2be.com\/news\/b2be-partners-with-eda\/#breadcrumb"},"inLanguage":"de","potentialAction":[{"@type":"ReadAction","target":["https:\/\/web-uat.b2be.com\/news\/b2be-partners-with-eda\/"]}]},{"@type":"ImageObject","inLanguage":"de","@id":"https:\/\/web-uat.b2be.com\/news\/b2be-partners-with-eda\/#primaryimage","url":"https:\/\/web-uat.b2be.com\/wp-content\/uploads\/2026\/02\/EDA-logo-1024x308.webp","contentUrl":"https:\/\/web-uat.b2be.com\/wp-content\/uploads\/2026\/02\/EDA-logo-1024x308.webp"},{"@type":"BreadcrumbList","@id":"https:\/\/web-uat.b2be.com\/news\/b2be-partners-with-eda\/#breadcrumb","itemListElement":[{"@type":"ListItem","position":1,"name":"Home","item":"https:\/\/web-uat.b2be.com\/"},{"@type":"ListItem","position":2,"name":"News","item":"https:\/\/web-uat.b2be.com\/news\/"},{"@type":"ListItem","position":3,"name":"B2BE partners with EDA"}]},{"@type":"WebSite","@id":"https:\/\/web-uat.b2be.com\/#website","url":"https:\/\/web-uat.b2be.com\/","name":"B2BE e-Solutions","description":"","publisher":{"@id":"https:\/\/web-uat.b2be.com\/#organization"},"potentialAction":[{"@type":"SearchAction","target":{"@type":"EntryPoint","urlTemplate":"https:\/\/web-uat.b2be.com\/?s={search_term_string}"},"query-input":{"@type":"PropertyValueSpecification","valueRequired":true,"valueName":"search_term_string"}}],"inLanguage":"de"},{"@type":"Organization","@id":"https:\/\/web-uat.b2be.com\/#organization","name":"B2BE Group of Companies","url":"https:\/\/web-uat.b2be.com\/","logo":{"@type":"ImageObject","inLanguage":"de","@id":"https:\/\/web-uat.b2be.com\/#\/schema\/logo\/image\/","url":"https:\/\/web-uat.b2be.com\/wp-content\/uploads\/2026\/01\/converted-image.png","contentUrl":"https:\/\/web-uat.b2be.com\/wp-content\/uploads\/2026\/01\/converted-image.png","width":600,"height":228,"caption":"B2BE Group of Companies"},"image":{"@id":"https:\/\/web-uat.b2be.com\/#\/schema\/logo\/image\/"},"sameAs":["https:\/\/www.facebook.com\/B2BE-1522220608096071\/","https:\/\/x.com\/B2BeSolutions","https:\/\/www.linkedin.com\/company\/b2be"]}]}},"_links":{"self":[{"href":"https:\/\/web-uat.b2be.com\/de\/wp-json\/wp\/v2\/pages\/4580","targetHints":{"allow":["GET"]}}],"collection":[{"href":"https:\/\/web-uat.b2be.com\/de\/wp-json\/wp\/v2\/pages"}],"about":[{"href":"https:\/\/web-uat.b2be.com\/de\/wp-json\/wp\/v2\/types\/page"}],"author":[{"embeddable":true,"href":"https:\/\/web-uat.b2be.com\/de\/wp-json\/wp\/v2\/users\/1"}],"replies":[{"embeddable":true,"href":"https:\/\/web-uat.b2be.com\/de\/wp-json\/wp\/v2\/comments?post=4580"}],"version-history":[{"count":17,"href":"https:\/\/web-uat.b2be.com\/de\/wp-json\/wp\/v2\/pages\/4580\/revisions"}],"predecessor-version":[{"id":9399,"href":"https:\/\/web-uat.b2be.com\/de\/wp-json\/wp\/v2\/pages\/4580\/revisions\/9399"}],"up":[{"embeddable":true,"href":"https:\/\/web-uat.b2be.com\/de\/wp-json\/wp\/v2\/pages\/3831"}],"wp:attachment":[{"href":"https:\/\/web-uat.b2be.com\/de\/wp-json\/wp\/v2\/media?parent=4580"}],"curies":[{"name":"wp","href":"https:\/\/api.w.org\/{rel}","templated":true}]}}