{"id":4579,"date":"2026-02-24T08:31:22","date_gmt":"2026-02-24T08:31:22","guid":{"rendered":"https:\/\/web-uat.b2be.com\/?page_id=4579"},"modified":"2026-04-09T07:56:59","modified_gmt":"2026-04-09T07:56:59","slug":"b2be-announce-exciting-new-project-with-crisp","status":"publish","type":"page","link":"https:\/\/web-uat.b2be.com\/de\/news\/b2be-announce-exciting-new-project-with-crisp\/","title":{"rendered":"B2BE announce exciting new project with Crisp"},"content":{"rendered":"<div data-elementor-type=\"wp-page\" data-elementor-id=\"4579\" class=\"elementor elementor-4579\" data-elementor-post-type=\"page\">\n\t\t\t\t<div class=\"elementor-element elementor-element-6051966 e-flex e-con-boxed e-con e-parent\" data-id=\"6051966\" data-element_type=\"container\" data-e-type=\"container\">\t\t\t<div class=\"e-con-inner\">\r\n\t\t<div class=\"elementor-element elementor-element-5541ca6 e-con-full e-flex e-con e-child\" data-id=\"5541ca6\" data-element_type=\"container\" data-e-type=\"container\" data-settings=\"{&quot;background_background&quot;:&quot;classic&quot;}\"><div class=\"elementor-element elementor-element-a8d5f04 e-flex e-con-boxed e-con e-child\" data-id=\"a8d5f04\" data-element_type=\"container\" data-e-type=\"container\">\t\t\t<div class=\"e-con-inner\">\r\n\t\t<div class=\"elementor-element elementor-element-5951c2d e-con-full e-flex e-con e-child\" data-id=\"5951c2d\" data-element_type=\"container\" data-e-type=\"container\">\t\t<div class=\"elementor-element elementor-element-97177cc elementor-position-inline-start elementor-view-default elementor-mobile-position-block-start elementor-widget elementor-widget-icon-box\" data-id=\"97177cc\" data-element_type=\"widget\" data-e-type=\"widget\" data-widget_type=\"icon-box.default\">\n\t\t\t\t\t\t\t<div class=\"elementor-icon-box-wrapper\">\n\n\t\t\t\t\t\t<div class=\"elementor-icon-box-icon\">\n\t\t\t\t<a href=\"\/de\/news\/\" class=\"elementor-icon\" tabindex=\"-1\" aria-label=\"Zur\u00fcck zu den Nachrichten\">\n\t\t\t\t<i aria-hidden=\"true\" class=\"far fa-angle-left\"><\/i>\t\t\t\t<\/a>\n\t\t\t<\/div>\n\t\t\t\n\t\t\t\t\t\t<div class=\"elementor-icon-box-content\">\n\n\t\t\t\t\t\t\t\t\t<h3 class=\"elementor-icon-box-title\">\n\t\t\t\t\t\t<a href=\"\/de\/news\/\" >\n\t\t\t\t\t\t\tZur\u00fcck zu den Nachrichten\t\t\t\t\t\t<\/a>\n\t\t\t\t\t<\/h3>\n\t\t\t\t\n\t\t\t\t\n\t\t\t<\/div>\n\t\t\t\n\t\t<\/div>\n\t\t\t\t\t\t<\/div>\n\t\t\t\t<\/div>\r\n\t\t\t\t<div class=\"elementor-element elementor-element-35bd769 elementor-widget elementor-widget-heading\" data-id=\"35bd769\" data-element_type=\"widget\" data-e-type=\"widget\" data-widget_type=\"heading.default\">\n\t\t\t\t\t<div class=\"elementor-heading-title elementor-size-default\">22\/06\/2022<\/div>\t\t\t\t<\/div>\n\t\t\t\t<div class=\"elementor-element elementor-element-4929841 elementor-widget elementor-widget-heading\" data-id=\"4929841\" data-element_type=\"widget\" data-e-type=\"widget\" data-widget_type=\"heading.default\">\n\t\t\t\t\t<h1 class=\"elementor-heading-title elementor-size-default\">B2BE startet Managed Customer Invoice Distribution-L\u00f6sung<\/h1>\t\t\t\t<\/div>\n\t\t<div class=\"elementor-element elementor-element-474dff6 e-con-full e-flex e-con e-child\" data-id=\"474dff6\" data-element_type=\"container\" data-e-type=\"container\">\t\t<div class=\"elementor-element elementor-element-53ebfb0 elementor-widget elementor-widget-image\" data-id=\"53ebfb0\" data-element_type=\"widget\" data-e-type=\"widget\" data-widget_type=\"image.default\">\n\t\t\t\t\t\t\t\t\t\t\t\t\t\t\t<img fetchpriority=\"high\" decoding=\"async\" width=\"1024\" height=\"266\" src=\"https:\/\/web-uat.b2be.com\/wp-content\/uploads\/2026\/02\/B2BE-announce-exciting-new-partnership-with-Crisp-Crisp-1030x268-1-1024x266.webp\" class=\"attachment-large size-large wp-image-4624\" alt=\"\" srcset=\"https:\/\/web-uat.b2be.com\/wp-content\/uploads\/2026\/02\/B2BE-announce-exciting-new-partnership-with-Crisp-Crisp-1030x268-1-1024x266.webp 1024w, https:\/\/web-uat.b2be.com\/wp-content\/uploads\/2026\/02\/B2BE-announce-exciting-new-partnership-with-Crisp-Crisp-1030x268-1-300x78.webp 300w, https:\/\/web-uat.b2be.com\/wp-content\/uploads\/2026\/02\/B2BE-announce-exciting-new-partnership-with-Crisp-Crisp-1030x268-1-768x200.webp 768w, https:\/\/web-uat.b2be.com\/wp-content\/uploads\/2026\/02\/B2BE-announce-exciting-new-partnership-with-Crisp-Crisp-1030x268-1-600x156.webp 600w, https:\/\/web-uat.b2be.com\/wp-content\/uploads\/2026\/02\/B2BE-announce-exciting-new-partnership-with-Crisp-Crisp-1030x268-1.webp 1030w\" sizes=\"(max-width: 1024px) 100vw, 1024px\" \/>\t\t\t\t\t\t\t\t\t\t\t\t\t\t\t<\/div>\n\t\t\t\t<\/div>\r\n\t\t<div class=\"elementor-element elementor-element-6fa5a58 e-con-full e-flex e-con e-child\" data-id=\"6fa5a58\" data-element_type=\"container\" data-e-type=\"container\">\t\t<div class=\"elementor-element elementor-element-51d1329 elementor-widget elementor-widget-text-editor\" data-id=\"51d1329\" data-element_type=\"widget\" data-e-type=\"widget\" data-widget_type=\"text-editor.default\">\n\t\t\t\t\t\t\t\t\t<p>B2BE freut sich, sein neues und spannendes Projekt zur besseren Verwaltung von E-Trading-Lieferanten f\u00fcr Crisp bekannt zu geben, w\u00e4hrend es sich in der Benelux-Union ausdehnt.<\/p><p>Der Amsterdamer Online-Supermarkt Crisp verzeichnete ein anhaltendes Wachstum seines Gesch\u00e4fts. Dies wird gr\u00f6\u00dfere Erfolge in den Niederlanden erm\u00f6glichen und hoffentlich vor der Expansion der Organisation in Europa. Um die neuen Herausforderungen und Chancen zu meistern, hat sich Crisp mit B2BE zusammengeschlossen, um seine Kommunikation und Daten\u00fcbertragung mit einem st\u00e4ndig wachsenden Netzwerk von Lieferanten und anderen Partnern in der Lieferkette zu verwalten. Mit B2BE kann Crisp seine Lieferantenbeziehungen auf eine ma\u00dfgeschneiderte elektronische Plattform verlagern. Dies erm\u00f6glicht es ihnen, <a href=\"https:\/\/webuat.b2be.com\/solutions\/sales-order-automation\/\" target=\"_blank\" rel=\"noopener noreferrer\">Bestellungen<\/a> schneller, ihre Kernsysteme fehlerfrei aktualisieren, ihre Auftragsantworten integrieren und fehlerfrei implementieren <a href=\"https:\/\/webuat.b2be.com\/solutions\/accounts-payable\/\" target=\"_blank\" rel=\"noopener noreferrer\">Kreditoren-Buchhaltung<\/a> Prozesse mit elektronischen Rechnungen.<\/p><p>In den kommenden Monaten werden Crisp und B2BE gemeinsam mit Lieferanten deren Onboarding-Prozesse abschlie\u00dfen, mit dem Ziel, die Effizienz, Produktivit\u00e4t und den Service ihrer Lieferketten f\u00fcr ihre Partner zu steigern. B2BE wird mit Crisp zusammenarbeiten, um sowohl bestehende als auch neue Lieferanten f\u00fcr das System zu gewinnen <a href=\"https:\/\/webuat.b2be.com\/solutions\/document-management\/edi\/\" target=\"_blank\" rel=\"noopener noreferrer\">B2BEs EDI-Netzwerk<\/a>, damit Handelspartner \u00fcber ihre eigenen personalisierten Dateiformate eine Verbindung herstellen k\u00f6nnen. Das EDI-Netzwerk wird diesen Prozess grundlegend einfach und unkompliziert gestalten. Crisp wird au\u00dferdem die vollst\u00e4ndige Kontrolle und \u00dcberwachung des Nachrichtenaustauschs \u00fcber das Online-Portal gew\u00e4hrleisten, das Echtzeit-\u00dcbersichten \u00fcber den Nachrichtenstatus zwischen dem Unternehmen und seinen Lieferanten bietet.<\/p>\t\t\t\t\t\t\t\t<\/div>\n\t\t\t\t<\/div>\r\n\t\t<div class=\"elementor-element elementor-element-93ce25d e-con-full e-flex e-con e-child\" data-id=\"93ce25d\" data-element_type=\"container\" data-e-type=\"container\">\t\t<\/div>\r\n\t\t<div class=\"elementor-element elementor-element-9db4eb9 e-con-full e-flex e-con e-child\" data-id=\"9db4eb9\" data-element_type=\"container\" data-e-type=\"container\">\t\t<\/div>\r\n\t\t\t\t\t<\/div>\r\n\t\t\t\t<\/div>\r\n\t\t\t\t<\/div>\r\n\t\t\t\t\t<\/div>\r\n\t\t\t\t<\/div>\r\n\t\t\t\t<\/div>","protected":false},"excerpt":{"rendered":"<p>Back to news 22\/06\/2022 B2BE launches Managed Customer Invoice Distribution solution B2BE is thrilled to announce their new and exciting project to equip Crisp with greater e-Trading Supplier management as they expand in the Benelux Union. Amsterdam-based online supermarket Crisp has experienced continued growth in its business. This will allow greater success across the Netherlands [&hellip;]<\/p>\n","protected":false},"author":1,"featured_media":0,"parent":3831,"menu_order":0,"comment_status":"closed","ping_status":"closed","template":"","meta":{"footnotes":""},"class_list":["post-4579","page","type-page","status-publish","hentry"],"yoast_head":"<!-- This site is optimized with the Yoast SEO plugin v27.3 - https:\/\/yoast.com\/product\/yoast-seo-wordpress\/ -->\n<title>B2BE announce exciting new project with Crisp - B2BE<\/title>\n<meta name=\"robots\" content=\"noindex, follow, max-snippet:-1, max-image-preview:large, max-video-preview:-1\" \/>\n<meta property=\"og:locale\" content=\"de_DE\" \/>\n<meta property=\"og:type\" content=\"article\" \/>\n<meta property=\"og:title\" content=\"B2BE announce exciting new project with Crisp - B2BE\" \/>\n<meta property=\"og:description\" content=\"Back to news 22\/06\/2022 B2BE launches Managed Customer Invoice Distribution solution B2BE is thrilled to announce their new and exciting project to equip Crisp with greater e-Trading Supplier management as they expand in the Benelux Union. Amsterdam-based online supermarket Crisp has experienced continued growth in its business. This will allow greater success across the Netherlands [&hellip;]\" \/>\n<meta property=\"og:url\" content=\"https:\/\/web-uat.b2be.com\/de\/news\/b2be-announce-exciting-new-project-with-crisp\/\" \/>\n<meta property=\"og:site_name\" content=\"B2BE\" \/>\n<meta property=\"article:publisher\" content=\"https:\/\/www.facebook.com\/B2BE-1522220608096071\/\" \/>\n<meta property=\"article:modified_time\" content=\"2026-04-09T07:56:59+00:00\" \/>\n<meta property=\"og:image\" content=\"https:\/\/web-uat.b2be.com\/wp-content\/uploads\/2026\/02\/B2BE-announce-exciting-new-partnership-with-Crisp-Crisp-1030x268-1.webp\" \/>\n\t<meta property=\"og:image:width\" content=\"1030\" \/>\n\t<meta property=\"og:image:height\" content=\"268\" \/>\n\t<meta property=\"og:image:type\" content=\"image\/webp\" \/>\n<meta name=\"twitter:card\" content=\"summary_large_image\" \/>\n<meta name=\"twitter:site\" content=\"@B2BeSolutions\" \/>\n<meta name=\"twitter:label1\" content=\"Gesch\u00e4tzte Lesezeit\" \/>\n\t<meta name=\"twitter:data1\" content=\"2\u00a0Minuten\" \/>\n<script type=\"application\/ld+json\" class=\"yoast-schema-graph\">{\"@context\":\"https:\\\/\\\/schema.org\",\"@graph\":[{\"@type\":\"WebPage\",\"@id\":\"https:\\\/\\\/web-uat.b2be.com\\\/news\\\/b2be-announce-exciting-new-project-with-crisp\\\/\",\"url\":\"https:\\\/\\\/web-uat.b2be.com\\\/news\\\/b2be-announce-exciting-new-project-with-crisp\\\/\",\"name\":\"B2BE announce exciting new project with Crisp - B2BE\",\"isPartOf\":{\"@id\":\"https:\\\/\\\/web-uat.b2be.com\\\/#website\"},\"primaryImageOfPage\":{\"@id\":\"https:\\\/\\\/web-uat.b2be.com\\\/news\\\/b2be-announce-exciting-new-project-with-crisp\\\/#primaryimage\"},\"image\":{\"@id\":\"https:\\\/\\\/web-uat.b2be.com\\\/news\\\/b2be-announce-exciting-new-project-with-crisp\\\/#primaryimage\"},\"thumbnailUrl\":\"https:\\\/\\\/web-uat.b2be.com\\\/wp-content\\\/uploads\\\/2026\\\/02\\\/B2BE-announce-exciting-new-partnership-with-Crisp-Crisp-1030x268-1-1024x266.webp\",\"datePublished\":\"2026-02-24T08:31:22+00:00\",\"dateModified\":\"2026-04-09T07:56:59+00:00\",\"breadcrumb\":{\"@id\":\"https:\\\/\\\/web-uat.b2be.com\\\/news\\\/b2be-announce-exciting-new-project-with-crisp\\\/#breadcrumb\"},\"inLanguage\":\"de\",\"potentialAction\":[{\"@type\":\"ReadAction\",\"target\":[\"https:\\\/\\\/web-uat.b2be.com\\\/news\\\/b2be-announce-exciting-new-project-with-crisp\\\/\"]}]},{\"@type\":\"ImageObject\",\"inLanguage\":\"de\",\"@id\":\"https:\\\/\\\/web-uat.b2be.com\\\/news\\\/b2be-announce-exciting-new-project-with-crisp\\\/#primaryimage\",\"url\":\"https:\\\/\\\/web-uat.b2be.com\\\/wp-content\\\/uploads\\\/2026\\\/02\\\/B2BE-announce-exciting-new-partnership-with-Crisp-Crisp-1030x268-1-1024x266.webp\",\"contentUrl\":\"https:\\\/\\\/web-uat.b2be.com\\\/wp-content\\\/uploads\\\/2026\\\/02\\\/B2BE-announce-exciting-new-partnership-with-Crisp-Crisp-1030x268-1-1024x266.webp\"},{\"@type\":\"BreadcrumbList\",\"@id\":\"https:\\\/\\\/web-uat.b2be.com\\\/news\\\/b2be-announce-exciting-new-project-with-crisp\\\/#breadcrumb\",\"itemListElement\":[{\"@type\":\"ListItem\",\"position\":1,\"name\":\"Home\",\"item\":\"https:\\\/\\\/web-uat.b2be.com\\\/\"},{\"@type\":\"ListItem\",\"position\":2,\"name\":\"News\",\"item\":\"https:\\\/\\\/web-uat.b2be.com\\\/news\\\/\"},{\"@type\":\"ListItem\",\"position\":3,\"name\":\"B2BE announce exciting new project with Crisp\"}]},{\"@type\":\"WebSite\",\"@id\":\"https:\\\/\\\/web-uat.b2be.com\\\/#website\",\"url\":\"https:\\\/\\\/web-uat.b2be.com\\\/\",\"name\":\"B2BE e-Solutions\",\"description\":\"\",\"publisher\":{\"@id\":\"https:\\\/\\\/web-uat.b2be.com\\\/#organization\"},\"potentialAction\":[{\"@type\":\"SearchAction\",\"target\":{\"@type\":\"EntryPoint\",\"urlTemplate\":\"https:\\\/\\\/web-uat.b2be.com\\\/?s={search_term_string}\"},\"query-input\":{\"@type\":\"PropertyValueSpecification\",\"valueRequired\":true,\"valueName\":\"search_term_string\"}}],\"inLanguage\":\"de\"},{\"@type\":\"Organization\",\"@id\":\"https:\\\/\\\/web-uat.b2be.com\\\/#organization\",\"name\":\"B2BE Group of Companies\",\"url\":\"https:\\\/\\\/web-uat.b2be.com\\\/\",\"logo\":{\"@type\":\"ImageObject\",\"inLanguage\":\"de\",\"@id\":\"https:\\\/\\\/web-uat.b2be.com\\\/#\\\/schema\\\/logo\\\/image\\\/\",\"url\":\"https:\\\/\\\/web-uat.b2be.com\\\/wp-content\\\/uploads\\\/2026\\\/01\\\/converted-image.png\",\"contentUrl\":\"https:\\\/\\\/web-uat.b2be.com\\\/wp-content\\\/uploads\\\/2026\\\/01\\\/converted-image.png\",\"width\":600,\"height\":228,\"caption\":\"B2BE Group of Companies\"},\"image\":{\"@id\":\"https:\\\/\\\/web-uat.b2be.com\\\/#\\\/schema\\\/logo\\\/image\\\/\"},\"sameAs\":[\"https:\\\/\\\/www.facebook.com\\\/B2BE-1522220608096071\\\/\",\"https:\\\/\\\/x.com\\\/B2BeSolutions\",\"https:\\\/\\\/www.linkedin.com\\\/company\\\/b2be\"]}]}<\/script>\n<!-- \/ Yoast SEO plugin. -->","yoast_head_json":{"title":"B2BE announce exciting new project with Crisp - B2BE","robots":{"index":"noindex","follow":"follow","max-snippet":"max-snippet:-1","max-image-preview":"max-image-preview:large","max-video-preview":"max-video-preview:-1"},"og_locale":"de_DE","og_type":"article","og_title":"B2BE announce exciting new project with Crisp - B2BE","og_description":"Back to news 22\/06\/2022 B2BE launches Managed Customer Invoice Distribution solution B2BE is thrilled to announce their new and exciting project to equip Crisp with greater e-Trading Supplier management as they expand in the Benelux Union. Amsterdam-based online supermarket Crisp has experienced continued growth in its business. This will allow greater success across the Netherlands [&hellip;]","og_url":"https:\/\/web-uat.b2be.com\/de\/news\/b2be-announce-exciting-new-project-with-crisp\/","og_site_name":"B2BE","article_publisher":"https:\/\/www.facebook.com\/B2BE-1522220608096071\/","article_modified_time":"2026-04-09T07:56:59+00:00","og_image":[{"width":1030,"height":268,"url":"https:\/\/web-uat.b2be.com\/wp-content\/uploads\/2026\/02\/B2BE-announce-exciting-new-partnership-with-Crisp-Crisp-1030x268-1.webp","type":"image\/webp"}],"twitter_card":"summary_large_image","twitter_site":"@B2BeSolutions","twitter_misc":{"Gesch\u00e4tzte Lesezeit":"2\u00a0Minuten"},"schema":{"@context":"https:\/\/schema.org","@graph":[{"@type":"WebPage","@id":"https:\/\/web-uat.b2be.com\/news\/b2be-announce-exciting-new-project-with-crisp\/","url":"https:\/\/web-uat.b2be.com\/news\/b2be-announce-exciting-new-project-with-crisp\/","name":"B2BE announce exciting new project with Crisp - B2BE","isPartOf":{"@id":"https:\/\/web-uat.b2be.com\/#website"},"primaryImageOfPage":{"@id":"https:\/\/web-uat.b2be.com\/news\/b2be-announce-exciting-new-project-with-crisp\/#primaryimage"},"image":{"@id":"https:\/\/web-uat.b2be.com\/news\/b2be-announce-exciting-new-project-with-crisp\/#primaryimage"},"thumbnailUrl":"https:\/\/web-uat.b2be.com\/wp-content\/uploads\/2026\/02\/B2BE-announce-exciting-new-partnership-with-Crisp-Crisp-1030x268-1-1024x266.webp","datePublished":"2026-02-24T08:31:22+00:00","dateModified":"2026-04-09T07:56:59+00:00","breadcrumb":{"@id":"https:\/\/web-uat.b2be.com\/news\/b2be-announce-exciting-new-project-with-crisp\/#breadcrumb"},"inLanguage":"de","potentialAction":[{"@type":"ReadAction","target":["https:\/\/web-uat.b2be.com\/news\/b2be-announce-exciting-new-project-with-crisp\/"]}]},{"@type":"ImageObject","inLanguage":"de","@id":"https:\/\/web-uat.b2be.com\/news\/b2be-announce-exciting-new-project-with-crisp\/#primaryimage","url":"https:\/\/web-uat.b2be.com\/wp-content\/uploads\/2026\/02\/B2BE-announce-exciting-new-partnership-with-Crisp-Crisp-1030x268-1-1024x266.webp","contentUrl":"https:\/\/web-uat.b2be.com\/wp-content\/uploads\/2026\/02\/B2BE-announce-exciting-new-partnership-with-Crisp-Crisp-1030x268-1-1024x266.webp"},{"@type":"BreadcrumbList","@id":"https:\/\/web-uat.b2be.com\/news\/b2be-announce-exciting-new-project-with-crisp\/#breadcrumb","itemListElement":[{"@type":"ListItem","position":1,"name":"Home","item":"https:\/\/web-uat.b2be.com\/"},{"@type":"ListItem","position":2,"name":"News","item":"https:\/\/web-uat.b2be.com\/news\/"},{"@type":"ListItem","position":3,"name":"B2BE announce exciting new project with Crisp"}]},{"@type":"WebSite","@id":"https:\/\/web-uat.b2be.com\/#website","url":"https:\/\/web-uat.b2be.com\/","name":"B2BE e-Solutions","description":"","publisher":{"@id":"https:\/\/web-uat.b2be.com\/#organization"},"potentialAction":[{"@type":"SearchAction","target":{"@type":"EntryPoint","urlTemplate":"https:\/\/web-uat.b2be.com\/?s={search_term_string}"},"query-input":{"@type":"PropertyValueSpecification","valueRequired":true,"valueName":"search_term_string"}}],"inLanguage":"de"},{"@type":"Organization","@id":"https:\/\/web-uat.b2be.com\/#organization","name":"B2BE Group of Companies","url":"https:\/\/web-uat.b2be.com\/","logo":{"@type":"ImageObject","inLanguage":"de","@id":"https:\/\/web-uat.b2be.com\/#\/schema\/logo\/image\/","url":"https:\/\/web-uat.b2be.com\/wp-content\/uploads\/2026\/01\/converted-image.png","contentUrl":"https:\/\/web-uat.b2be.com\/wp-content\/uploads\/2026\/01\/converted-image.png","width":600,"height":228,"caption":"B2BE Group of Companies"},"image":{"@id":"https:\/\/web-uat.b2be.com\/#\/schema\/logo\/image\/"},"sameAs":["https:\/\/www.facebook.com\/B2BE-1522220608096071\/","https:\/\/x.com\/B2BeSolutions","https:\/\/www.linkedin.com\/company\/b2be"]}]}},"_links":{"self":[{"href":"https:\/\/web-uat.b2be.com\/de\/wp-json\/wp\/v2\/pages\/4579","targetHints":{"allow":["GET"]}}],"collection":[{"href":"https:\/\/web-uat.b2be.com\/de\/wp-json\/wp\/v2\/pages"}],"about":[{"href":"https:\/\/web-uat.b2be.com\/de\/wp-json\/wp\/v2\/types\/page"}],"author":[{"embeddable":true,"href":"https:\/\/web-uat.b2be.com\/de\/wp-json\/wp\/v2\/users\/1"}],"replies":[{"embeddable":true,"href":"https:\/\/web-uat.b2be.com\/de\/wp-json\/wp\/v2\/comments?post=4579"}],"version-history":[{"count":13,"href":"https:\/\/web-uat.b2be.com\/de\/wp-json\/wp\/v2\/pages\/4579\/revisions"}],"predecessor-version":[{"id":9395,"href":"https:\/\/web-uat.b2be.com\/de\/wp-json\/wp\/v2\/pages\/4579\/revisions\/9395"}],"up":[{"embeddable":true,"href":"https:\/\/web-uat.b2be.com\/de\/wp-json\/wp\/v2\/pages\/3831"}],"wp:attachment":[{"href":"https:\/\/web-uat.b2be.com\/de\/wp-json\/wp\/v2\/media?parent=4579"}],"curies":[{"name":"wp","href":"https:\/\/api.w.org\/{rel}","templated":true}]}}