{"id":4578,"date":"2026-02-24T08:24:35","date_gmt":"2026-02-24T08:24:35","guid":{"rendered":"https:\/\/web-uat.b2be.com\/?page_id=4578"},"modified":"2026-04-09T07:59:05","modified_gmt":"2026-04-09T07:59:05","slug":"announcing-the-release-of-b2bes-dynamic-discounting","status":"publish","type":"page","link":"https:\/\/web-uat.b2be.com\/de\/news\/announcing-the-release-of-b2bes-dynamic-discounting\/","title":{"rendered":"Ank\u00fcndigung der Ver\u00f6ffentlichung von B2BEs Dynamic Discounting"},"content":{"rendered":"<div data-elementor-type=\"wp-page\" data-elementor-id=\"4578\" class=\"elementor elementor-4578\" data-elementor-post-type=\"page\">\n\t\t\t\t<div class=\"elementor-element elementor-element-6051966 e-flex e-con-boxed e-con e-parent\" data-id=\"6051966\" data-element_type=\"container\" data-e-type=\"container\">\t\t\t<div class=\"e-con-inner\">\r\n\t\t<div class=\"elementor-element elementor-element-5541ca6 e-con-full e-flex e-con e-child\" data-id=\"5541ca6\" data-element_type=\"container\" data-e-type=\"container\" data-settings=\"{&quot;background_background&quot;:&quot;classic&quot;}\"><div class=\"elementor-element elementor-element-a8d5f04 e-flex e-con-boxed e-con e-child\" data-id=\"a8d5f04\" data-element_type=\"container\" data-e-type=\"container\">\t\t\t<div class=\"e-con-inner\">\r\n\t\t<div class=\"elementor-element elementor-element-5951c2d e-con-full e-flex e-con e-child\" data-id=\"5951c2d\" data-element_type=\"container\" data-e-type=\"container\">\t\t<div class=\"elementor-element elementor-element-97177cc elementor-position-inline-start elementor-view-default elementor-mobile-position-block-start elementor-widget elementor-widget-icon-box\" data-id=\"97177cc\" data-element_type=\"widget\" data-e-type=\"widget\" data-widget_type=\"icon-box.default\">\n\t\t\t\t\t\t\t<div class=\"elementor-icon-box-wrapper\">\n\n\t\t\t\t\t\t<div class=\"elementor-icon-box-icon\">\n\t\t\t\t<a href=\"\/de\/news\/\" class=\"elementor-icon\" tabindex=\"-1\" aria-label=\"Zur\u00fcck zu den Nachrichten\">\n\t\t\t\t<i aria-hidden=\"true\" class=\"far fa-angle-left\"><\/i>\t\t\t\t<\/a>\n\t\t\t<\/div>\n\t\t\t\n\t\t\t\t\t\t<div class=\"elementor-icon-box-content\">\n\n\t\t\t\t\t\t\t\t\t<h3 class=\"elementor-icon-box-title\">\n\t\t\t\t\t\t<a href=\"\/de\/news\/\" >\n\t\t\t\t\t\t\tZur\u00fcck zu den Nachrichten\t\t\t\t\t\t<\/a>\n\t\t\t\t\t<\/h3>\n\t\t\t\t\n\t\t\t\t\n\t\t\t<\/div>\n\t\t\t\n\t\t<\/div>\n\t\t\t\t\t\t<\/div>\n\t\t\t\t<\/div>\r\n\t\t\t\t<div class=\"elementor-element elementor-element-35bd769 elementor-widget elementor-widget-heading\" data-id=\"35bd769\" data-element_type=\"widget\" data-e-type=\"widget\" data-widget_type=\"heading.default\">\n\t\t\t\t\t<div class=\"elementor-heading-title elementor-size-default\">14\/07\/2023<\/div>\t\t\t\t<\/div>\n\t\t\t\t<div class=\"elementor-element elementor-element-4929841 elementor-widget elementor-widget-heading\" data-id=\"4929841\" data-element_type=\"widget\" data-e-type=\"widget\" data-widget_type=\"heading.default\">\n\t\t\t\t\t<h1 class=\"elementor-heading-title elementor-size-default\">Ank\u00fcndigung der Ver\u00f6ffentlichung von B2BEs Dynamic Discounting<\/h1>\t\t\t\t<\/div>\n\t\t<div class=\"elementor-element elementor-element-474dff6 e-con-full e-flex e-con e-child\" data-id=\"474dff6\" data-element_type=\"container\" data-e-type=\"container\">\t\t<div class=\"elementor-element elementor-element-257020e elementor-widget elementor-widget-video\" data-id=\"257020e\" data-element_type=\"widget\" data-e-type=\"widget\" data-settings=\"{&quot;youtube_url&quot;:&quot;https:\\\/\\\/www.youtube.com\\\/watch?v=3HR5Hbua8nw&quot;,&quot;video_type&quot;:&quot;youtube&quot;,&quot;controls&quot;:&quot;yes&quot;}\" data-widget_type=\"video.default\">\n\t\t\t\t\t\t\t<div class=\"elementor-wrapper elementor-open-inline\">\n\t\t\t<div class=\"elementor-video\"><\/div>\t\t<\/div>\n\t\t\t\t\t\t<\/div>\n\t\t\t\t<\/div>\r\n\t\t<div class=\"elementor-element elementor-element-6fa5a58 e-con-full e-flex e-con e-child\" data-id=\"6fa5a58\" data-element_type=\"container\" data-e-type=\"container\">\t\t<div class=\"elementor-element elementor-element-51d1329 elementor-widget elementor-widget-text-editor\" data-id=\"51d1329\" data-element_type=\"widget\" data-e-type=\"widget\" data-widget_type=\"text-editor.default\">\n\t\t\t\t\t\t\t\t\t<p>Spannende Neuigkeiten f\u00fcr Unternehmen, die ihr Cashflow-Management verbessern m\u00f6chten! Wir freuen uns, die Ver\u00f6ffentlichung unserer neuesten L\u00f6sung, Dynamic Discounting, bekannt zu geben. Mit diesem neuen Angebot k\u00f6nnen sowohl K\u00e4ufer als auch Lieferanten von Rabatten f\u00fcr vorzeitige Zahlungen und einer verbesserten Rechnungsbearbeitung profitieren.<\/p><p>Dynamisches Skontieren ist die perfekte L\u00f6sung f\u00fcr Unternehmen jeder Gr\u00f6\u00dfe, die ihr Betriebskapital optimieren und ihre Zahlungsprozesse straffen m\u00f6chten. Unsere Plattform bietet eine schnelle, flexible und sichere M\u00f6glichkeit, Skontopakete f\u00fcr Fr\u00fchzahlungen zu nutzen und erm\u00f6glicht gleichzeitig Lieferanten, schneller bezahlt zu werden und ihren Cashflow zu verbessern.<\/p><p>Besuchen Sie unsere L\u00f6sungsseite, um mehr \u00fcber Dynamic Discounting zu erfahren und wie Ihr Unternehmen davon profitieren kann. Wir haben auch Whitepaper f\u00fcr K\u00e4ufer und Lieferanten, die einen detaillierteren \u00dcberblick \u00fcber die Vorteile und Funktionen unserer Plattform bieten.<\/p><p>F\u00fcr K\u00e4ufer erkl\u00e4rt unser Whitepaper, wie Dynamic Discounting Ihnen helfen kann, Kosten zu senken und Lieferantenbeziehungen zu verbessern. F\u00fcr Lieferanten beschreibt unser Whitepaper im Detail, wie die Plattform Ihnen helfen kann, schneller bezahlt zu werden und Ihren Cashflow zu verbessern.<\/p><p>Und wenn Sie daran interessiert sind, Dynamic Discounting in Aktion zu sehen, sollten Sie sich das folgende kurze Video ansehen. Es bietet einen schnellen und informativen \u00dcberblick dar\u00fcber, wie die Plattform funktioniert und was sie f\u00fcr Ihr Unternehmen tun kann.<\/p><p>Warten Sie also nicht \u2013 beginnen Sie noch heute mit Dynamic Discounting von B2BE mit der Optimierung Ihres Cashflow-Managements.<\/p>\t\t\t\t\t\t\t\t<\/div>\n\t\t\t\t<\/div>\r\n\t\t<div class=\"elementor-element elementor-element-93ce25d e-con-full e-flex e-con e-child\" data-id=\"93ce25d\" data-element_type=\"container\" data-e-type=\"container\">\t\t<div class=\"elementor-element elementor-element-3cebb58 elementor-align-left elementor-widget elementor-widget-pxl_button\" data-id=\"3cebb58\" data-element_type=\"widget\" data-e-type=\"widget\" data-widget_type=\"pxl_button.default\">\n\t\t\t\t<div class=\"elementor-widget-container\">\n\t\t\t\t\t<div id=\"pxl-pxl_button-3cebb58-6907\" class=\"pxl-button pxl-atc-link\" data-wow-delay=\"ms\">\r\n    <a href=\"\/de\/purchase-to-pay\/finex\/dynamic-discounting\/\" class=\"btn pxl-icon-active btn-block-inline  btn-default pxl-icon--left\">\r\n                <span class=\"pxl--btn-text\" data-text=\"Learn more\">\r\n            Mehr erfahren        <\/span>\r\n    <\/a>\r\n<\/div>\t\t\t\t<\/div>\n\t\t\t\t<\/div>\n\t\t\t\t<\/div>\r\n\t\t<div class=\"elementor-element elementor-element-9db4eb9 e-con-full e-flex e-con e-child\" data-id=\"9db4eb9\" data-element_type=\"container\" data-e-type=\"container\">\t\t<\/div>\r\n\t\t\t\t\t<\/div>\r\n\t\t\t\t<\/div>\r\n\t\t\t\t<\/div>\r\n\t\t\t\t\t<\/div>\r\n\t\t\t\t<\/div>\r\n\t\t\t\t<\/div>","protected":false},"excerpt":{"rendered":"<p>Back to news 14\/07\/2023 Announcing the release of B2BE\u2019s Dynamic Discounting https:\/\/www.youtube.com\/watch?v=3HR5Hbua8nw Exciting news for businesses looking to improve their cash flow management! We&#8217;re thrilled to announce the release of our latest solution, Dynamic Discounting. With this new offering, buyers and suppliers alike can take advantage of early payment discounts and improved invoice processing. Dynamic [&hellip;]<\/p>\n","protected":false},"author":1,"featured_media":0,"parent":3831,"menu_order":0,"comment_status":"closed","ping_status":"closed","template":"","meta":{"footnotes":""},"class_list":["post-4578","page","type-page","status-publish","hentry"],"yoast_head":"<!-- This site is optimized with the Yoast SEO plugin v27.3 - https:\/\/yoast.com\/product\/yoast-seo-wordpress\/ -->\n<title>Announcing the release of B2BE\u2019s Dynamic Discounting - B2BE<\/title>\n<meta name=\"robots\" content=\"noindex, follow, max-snippet:-1, max-image-preview:large, max-video-preview:-1\" \/>\n<meta property=\"og:locale\" content=\"de_DE\" \/>\n<meta property=\"og:type\" content=\"article\" \/>\n<meta property=\"og:title\" content=\"Announcing the release of B2BE\u2019s Dynamic Discounting - B2BE\" \/>\n<meta property=\"og:description\" content=\"Back to news 14\/07\/2023 Announcing the release of B2BE\u2019s Dynamic Discounting https:\/\/www.youtube.com\/watch?v=3HR5Hbua8nw Exciting news for businesses looking to improve their cash flow management! We&#8217;re thrilled to announce the release of our latest solution, Dynamic Discounting. With this new offering, buyers and suppliers alike can take advantage of early payment discounts and improved invoice processing. Dynamic [&hellip;]\" \/>\n<meta property=\"og:url\" content=\"https:\/\/web-uat.b2be.com\/de\/news\/announcing-the-release-of-b2bes-dynamic-discounting\/\" \/>\n<meta property=\"og:site_name\" content=\"B2BE\" \/>\n<meta property=\"article:publisher\" content=\"https:\/\/www.facebook.com\/B2BE-1522220608096071\/\" \/>\n<meta property=\"article:modified_time\" content=\"2026-04-09T07:59:05+00:00\" \/>\n<meta name=\"twitter:card\" content=\"summary_large_image\" \/>\n<meta name=\"twitter:site\" content=\"@B2BeSolutions\" \/>\n<meta name=\"twitter:label1\" content=\"Gesch\u00e4tzte Lesezeit\" \/>\n\t<meta name=\"twitter:data1\" content=\"1\u00a0Minute\" \/>\n<script type=\"application\/ld+json\" class=\"yoast-schema-graph\">{\"@context\":\"https:\\\/\\\/schema.org\",\"@graph\":[{\"@type\":\"WebPage\",\"@id\":\"https:\\\/\\\/web-uat.b2be.com\\\/news\\\/announcing-the-release-of-b2bes-dynamic-discounting\\\/\",\"url\":\"https:\\\/\\\/web-uat.b2be.com\\\/news\\\/announcing-the-release-of-b2bes-dynamic-discounting\\\/\",\"name\":\"Announcing the release of B2BE\u2019s Dynamic Discounting - B2BE\",\"isPartOf\":{\"@id\":\"https:\\\/\\\/web-uat.b2be.com\\\/#website\"},\"datePublished\":\"2026-02-24T08:24:35+00:00\",\"dateModified\":\"2026-04-09T07:59:05+00:00\",\"breadcrumb\":{\"@id\":\"https:\\\/\\\/web-uat.b2be.com\\\/news\\\/announcing-the-release-of-b2bes-dynamic-discounting\\\/#breadcrumb\"},\"inLanguage\":\"de\",\"potentialAction\":[{\"@type\":\"ReadAction\",\"target\":[\"https:\\\/\\\/web-uat.b2be.com\\\/news\\\/announcing-the-release-of-b2bes-dynamic-discounting\\\/\"]}]},{\"@type\":\"BreadcrumbList\",\"@id\":\"https:\\\/\\\/web-uat.b2be.com\\\/news\\\/announcing-the-release-of-b2bes-dynamic-discounting\\\/#breadcrumb\",\"itemListElement\":[{\"@type\":\"ListItem\",\"position\":1,\"name\":\"Home\",\"item\":\"https:\\\/\\\/web-uat.b2be.com\\\/\"},{\"@type\":\"ListItem\",\"position\":2,\"name\":\"News\",\"item\":\"https:\\\/\\\/web-uat.b2be.com\\\/news\\\/\"},{\"@type\":\"ListItem\",\"position\":3,\"name\":\"Announcing the release of B2BE\u2019s Dynamic Discounting\"}]},{\"@type\":\"WebSite\",\"@id\":\"https:\\\/\\\/web-uat.b2be.com\\\/#website\",\"url\":\"https:\\\/\\\/web-uat.b2be.com\\\/\",\"name\":\"B2BE e-Solutions\",\"description\":\"\",\"publisher\":{\"@id\":\"https:\\\/\\\/web-uat.b2be.com\\\/#organization\"},\"potentialAction\":[{\"@type\":\"SearchAction\",\"target\":{\"@type\":\"EntryPoint\",\"urlTemplate\":\"https:\\\/\\\/web-uat.b2be.com\\\/?s={search_term_string}\"},\"query-input\":{\"@type\":\"PropertyValueSpecification\",\"valueRequired\":true,\"valueName\":\"search_term_string\"}}],\"inLanguage\":\"de\"},{\"@type\":\"Organization\",\"@id\":\"https:\\\/\\\/web-uat.b2be.com\\\/#organization\",\"name\":\"B2BE Group of Companies\",\"url\":\"https:\\\/\\\/web-uat.b2be.com\\\/\",\"logo\":{\"@type\":\"ImageObject\",\"inLanguage\":\"de\",\"@id\":\"https:\\\/\\\/web-uat.b2be.com\\\/#\\\/schema\\\/logo\\\/image\\\/\",\"url\":\"https:\\\/\\\/web-uat.b2be.com\\\/wp-content\\\/uploads\\\/2026\\\/01\\\/converted-image.png\",\"contentUrl\":\"https:\\\/\\\/web-uat.b2be.com\\\/wp-content\\\/uploads\\\/2026\\\/01\\\/converted-image.png\",\"width\":600,\"height\":228,\"caption\":\"B2BE Group of Companies\"},\"image\":{\"@id\":\"https:\\\/\\\/web-uat.b2be.com\\\/#\\\/schema\\\/logo\\\/image\\\/\"},\"sameAs\":[\"https:\\\/\\\/www.facebook.com\\\/B2BE-1522220608096071\\\/\",\"https:\\\/\\\/x.com\\\/B2BeSolutions\",\"https:\\\/\\\/www.linkedin.com\\\/company\\\/b2be\"]}]}<\/script>\n<!-- \/ Yoast SEO plugin. -->","yoast_head_json":{"title":"Announcing the release of B2BE\u2019s Dynamic Discounting - B2BE","robots":{"index":"noindex","follow":"follow","max-snippet":"max-snippet:-1","max-image-preview":"max-image-preview:large","max-video-preview":"max-video-preview:-1"},"og_locale":"de_DE","og_type":"article","og_title":"Announcing the release of B2BE\u2019s Dynamic Discounting - B2BE","og_description":"Back to news 14\/07\/2023 Announcing the release of B2BE\u2019s Dynamic Discounting https:\/\/www.youtube.com\/watch?v=3HR5Hbua8nw Exciting news for businesses looking to improve their cash flow management! We&#8217;re thrilled to announce the release of our latest solution, Dynamic Discounting. With this new offering, buyers and suppliers alike can take advantage of early payment discounts and improved invoice processing. Dynamic [&hellip;]","og_url":"https:\/\/web-uat.b2be.com\/de\/news\/announcing-the-release-of-b2bes-dynamic-discounting\/","og_site_name":"B2BE","article_publisher":"https:\/\/www.facebook.com\/B2BE-1522220608096071\/","article_modified_time":"2026-04-09T07:59:05+00:00","twitter_card":"summary_large_image","twitter_site":"@B2BeSolutions","twitter_misc":{"Gesch\u00e4tzte Lesezeit":"1\u00a0Minute"},"schema":{"@context":"https:\/\/schema.org","@graph":[{"@type":"WebPage","@id":"https:\/\/web-uat.b2be.com\/news\/announcing-the-release-of-b2bes-dynamic-discounting\/","url":"https:\/\/web-uat.b2be.com\/news\/announcing-the-release-of-b2bes-dynamic-discounting\/","name":"Announcing the release of B2BE\u2019s Dynamic Discounting - B2BE","isPartOf":{"@id":"https:\/\/web-uat.b2be.com\/#website"},"datePublished":"2026-02-24T08:24:35+00:00","dateModified":"2026-04-09T07:59:05+00:00","breadcrumb":{"@id":"https:\/\/web-uat.b2be.com\/news\/announcing-the-release-of-b2bes-dynamic-discounting\/#breadcrumb"},"inLanguage":"de","potentialAction":[{"@type":"ReadAction","target":["https:\/\/web-uat.b2be.com\/news\/announcing-the-release-of-b2bes-dynamic-discounting\/"]}]},{"@type":"BreadcrumbList","@id":"https:\/\/web-uat.b2be.com\/news\/announcing-the-release-of-b2bes-dynamic-discounting\/#breadcrumb","itemListElement":[{"@type":"ListItem","position":1,"name":"Home","item":"https:\/\/web-uat.b2be.com\/"},{"@type":"ListItem","position":2,"name":"News","item":"https:\/\/web-uat.b2be.com\/news\/"},{"@type":"ListItem","position":3,"name":"Announcing the release of B2BE\u2019s Dynamic Discounting"}]},{"@type":"WebSite","@id":"https:\/\/web-uat.b2be.com\/#website","url":"https:\/\/web-uat.b2be.com\/","name":"B2BE e-Solutions","description":"","publisher":{"@id":"https:\/\/web-uat.b2be.com\/#organization"},"potentialAction":[{"@type":"SearchAction","target":{"@type":"EntryPoint","urlTemplate":"https:\/\/web-uat.b2be.com\/?s={search_term_string}"},"query-input":{"@type":"PropertyValueSpecification","valueRequired":true,"valueName":"search_term_string"}}],"inLanguage":"de"},{"@type":"Organization","@id":"https:\/\/web-uat.b2be.com\/#organization","name":"B2BE Group of Companies","url":"https:\/\/web-uat.b2be.com\/","logo":{"@type":"ImageObject","inLanguage":"de","@id":"https:\/\/web-uat.b2be.com\/#\/schema\/logo\/image\/","url":"https:\/\/web-uat.b2be.com\/wp-content\/uploads\/2026\/01\/converted-image.png","contentUrl":"https:\/\/web-uat.b2be.com\/wp-content\/uploads\/2026\/01\/converted-image.png","width":600,"height":228,"caption":"B2BE Group of Companies"},"image":{"@id":"https:\/\/web-uat.b2be.com\/#\/schema\/logo\/image\/"},"sameAs":["https:\/\/www.facebook.com\/B2BE-1522220608096071\/","https:\/\/x.com\/B2BeSolutions","https:\/\/www.linkedin.com\/company\/b2be"]}]}},"_links":{"self":[{"href":"https:\/\/web-uat.b2be.com\/de\/wp-json\/wp\/v2\/pages\/4578","targetHints":{"allow":["GET"]}}],"collection":[{"href":"https:\/\/web-uat.b2be.com\/de\/wp-json\/wp\/v2\/pages"}],"about":[{"href":"https:\/\/web-uat.b2be.com\/de\/wp-json\/wp\/v2\/types\/page"}],"author":[{"embeddable":true,"href":"https:\/\/web-uat.b2be.com\/de\/wp-json\/wp\/v2\/users\/1"}],"replies":[{"embeddable":true,"href":"https:\/\/web-uat.b2be.com\/de\/wp-json\/wp\/v2\/comments?post=4578"}],"version-history":[{"count":10,"href":"https:\/\/web-uat.b2be.com\/de\/wp-json\/wp\/v2\/pages\/4578\/revisions"}],"predecessor-version":[{"id":9405,"href":"https:\/\/web-uat.b2be.com\/de\/wp-json\/wp\/v2\/pages\/4578\/revisions\/9405"}],"up":[{"embeddable":true,"href":"https:\/\/web-uat.b2be.com\/de\/wp-json\/wp\/v2\/pages\/3831"}],"wp:attachment":[{"href":"https:\/\/web-uat.b2be.com\/de\/wp-json\/wp\/v2\/media?parent=4578"}],"curies":[{"name":"wp","href":"https:\/\/api.w.org\/{rel}","templated":true}]}}