{"id":4577,"date":"2026-02-24T08:13:52","date_gmt":"2026-02-24T08:13:52","guid":{"rendered":"https:\/\/web-uat.b2be.com\/?page_id=4577"},"modified":"2026-04-09T06:40:20","modified_gmt":"2026-04-09T06:40:20","slug":"employee-b2be-cyber-security-incident-update","status":"publish","type":"page","link":"https:\/\/web-uat.b2be.com\/de\/news\/employee-b2be-cyber-security-incident-update\/","title":{"rendered":"Mitarbeiter-Cybersecurity-Vorfall Update B2BE"},"content":{"rendered":"<div data-elementor-type=\"wp-page\" data-elementor-id=\"4577\" class=\"elementor elementor-4577\" data-elementor-post-type=\"page\">\n\t\t\t\t<div class=\"elementor-element elementor-element-6051966 e-flex e-con-boxed e-con e-parent\" data-id=\"6051966\" data-element_type=\"container\" data-e-type=\"container\">\t\t\t<div class=\"e-con-inner\">\r\n\t\t<div class=\"elementor-element elementor-element-5541ca6 e-con-full e-flex e-con e-child\" data-id=\"5541ca6\" data-element_type=\"container\" data-e-type=\"container\" data-settings=\"{&quot;background_background&quot;:&quot;classic&quot;}\"><div class=\"elementor-element elementor-element-a8d5f04 e-flex e-con-boxed e-con e-child\" data-id=\"a8d5f04\" data-element_type=\"container\" data-e-type=\"container\">\t\t\t<div class=\"e-con-inner\">\r\n\t\t<div class=\"elementor-element elementor-element-5951c2d e-con-full e-flex e-con e-child\" data-id=\"5951c2d\" data-element_type=\"container\" data-e-type=\"container\">\t\t<div class=\"elementor-element elementor-element-97177cc elementor-position-inline-start elementor-view-default elementor-mobile-position-block-start elementor-widget elementor-widget-icon-box\" data-id=\"97177cc\" data-element_type=\"widget\" data-e-type=\"widget\" data-widget_type=\"icon-box.default\">\n\t\t\t\t\t\t\t<div class=\"elementor-icon-box-wrapper\">\n\n\t\t\t\t\t\t<div class=\"elementor-icon-box-icon\">\n\t\t\t\t<a href=\"\/de\/news\/\" class=\"elementor-icon\" tabindex=\"-1\" aria-label=\"Zur\u00fcck zu den Nachrichten\">\n\t\t\t\t<i aria-hidden=\"true\" class=\"far fa-angle-left\"><\/i>\t\t\t\t<\/a>\n\t\t\t<\/div>\n\t\t\t\n\t\t\t\t\t\t<div class=\"elementor-icon-box-content\">\n\n\t\t\t\t\t\t\t\t\t<h3 class=\"elementor-icon-box-title\">\n\t\t\t\t\t\t<a href=\"\/de\/news\/\" >\n\t\t\t\t\t\t\tZur\u00fcck zu den Nachrichten\t\t\t\t\t\t<\/a>\n\t\t\t\t\t<\/h3>\n\t\t\t\t\n\t\t\t\t\n\t\t\t<\/div>\n\t\t\t\n\t\t<\/div>\n\t\t\t\t\t\t<\/div>\n\t\t\t\t<\/div>\r\n\t\t\t\t<div class=\"elementor-element elementor-element-35bd769 elementor-widget elementor-widget-heading\" data-id=\"35bd769\" data-element_type=\"widget\" data-e-type=\"widget\" data-widget_type=\"heading.default\">\n\t\t\t\t\t<div class=\"elementor-heading-title elementor-size-default\">17\/12\/2025<\/div>\t\t\t\t<\/div>\n\t\t\t\t<div class=\"elementor-element elementor-element-4929841 elementor-widget elementor-widget-heading\" data-id=\"4929841\" data-element_type=\"widget\" data-e-type=\"widget\" data-widget_type=\"heading.default\">\n\t\t\t\t\t<h1 class=\"elementor-heading-title elementor-size-default\">Mitarbeiter-Cybersecurity-Vorfall Update B2BE<\/h1>\t\t\t\t<\/div>\n\t\t<div class=\"elementor-element elementor-element-6fa5a58 e-con-full e-flex e-con e-child\" data-id=\"6fa5a58\" data-element_type=\"container\" data-e-type=\"container\">\t\t<div class=\"elementor-element elementor-element-51d1329 elementor-widget elementor-widget-text-editor\" data-id=\"51d1329\" data-element_type=\"widget\" data-e-type=\"widget\" data-widget_type=\"text-editor.default\">\n\t\t\t\t\t\t\t\t\t<div class=\"elementor-element elementor-element-8103ff6 elementor-widget elementor-widget-text-editor\" data-id=\"8103ff6\" data-element_type=\"widget\" data-widget_type=\"text-editor.default\"><div class=\"elementor-widget-container\"><p class=\"x_MsoNormal\">B2BE gibt ein Update zu einem k\u00fcrzlichen Cybersicherheitsvorfall, der einen unbefugten Zugriff auf bestimmte interne Systeme beinhaltete.<\/p><p class=\"x_MsoNormal\">Am 9. Dezember 2025 haben wir Malware erkannt, die von einem b\u00f6sartigen Akteur auf einem unserer internen Server eingesetzt wurde. Wir haben umgehend unsere Notfallprotokolle aktiviert, die betroffenen Systeme isoliert und weiteren unbefugten Zugriff verhindert.<\/p><p class=\"x_MsoNormal\">Wir haben unabh\u00e4ngige Cybersicherheits- und Rechtsexperten engagiert, um unsere Ermittlungs- und Abhilfebem\u00fchungen zu unterst\u00fctzen. Wir sind der Ansicht, dass der Vorfall nun vollst\u00e4ndig einged\u00e4mmt und stabilisiert ist und keine Anzeichen f\u00fcr eine anhaltende Bedrohung oder weitere Kompromittierung vorliegen. Alle betroffenen Systeme sind sicher isoliert und werden kontinuierlich \u00fcberwacht. Bislang haben wir keine Berichte \u00fcber den Missbrauch der zugegriffenen Daten erhalten.<\/p><p class=\"x_MsoNormal\">B2BE hat alle relevanten Verpflichtungen gem\u00e4\u00df den verschiedenen Datenschutzgesetzen in jeder Region erf\u00fcllt, einschlie\u00dflich der Meldung an die zust\u00e4ndigen staatlichen Beh\u00f6rden, wo dies erforderlich war, und wir kooperieren vollumf\u00e4nglich mit diesen Beh\u00f6rden.<\/p><p class=\"x_MsoNormal\">Obwohl das Missbrauchsrisiko als sehr gering eingesch\u00e4tzt wird, ermutigen wir unsere Mitarbeiter, weiterhin wachsam gegen\u00fcber potenziellen Phishing-Versuchen, betr\u00fcgerischen Anrufen, verd\u00e4chtigen Nachrichten oder anderen betr\u00fcgerischen Aktivit\u00e4ten zu sein.<\/p><p class=\"x_MsoNormal\">Als Vorsichtsma\u00dfnahme empfehlen wir:<\/p><\/div><\/div><div class=\"elementor-element elementor-element-d1d97b7 elementor-widget elementor-widget-text-editor\" data-id=\"d1d97b7\" data-element_type=\"widget\" data-widget_type=\"text-editor.default\"><div class=\"elementor-widget-container\"><ul><li><span role=\"presentation\">Passw\u00f6rter f\u00fcr gesch\u00e4ftliche E-Mails und Systeme \u00e4ndern und, wo m\u00f6glich, die Zwei-Faktor-Authentifizierung aktivieren.<\/span><\/li><li><span role=\"presentation\">Vermeiden Sie das Klicken auf Links oder das \u00d6ffnen von Anh\u00e4ngen aus unbekannten oder verd\u00e4chtigen Quellen.<\/span><\/li><li><span role=\"presentation\">Keine Weitergabe pers\u00f6nlicher Daten an unbefugte Dritte.<\/span><\/li><li><span role=\"presentation\">Wenn Sie verd\u00e4chtige Aktivit\u00e4ten bemerken oder Bedenken haben, kontaktieren Sie uns bitte umgehend, damit wir dies untersuchen und Ihnen helfen k\u00f6nnen.<\/span><\/li><\/ul><\/div><\/div><div class=\"elementor-element elementor-element-2360ad7 elementor-widget elementor-widget-text-editor\" data-id=\"2360ad7\" data-element_type=\"widget\" data-widget_type=\"text-editor.default\"><div class=\"elementor-widget-container\"><p class=\"x_MsoNormal\">Wenn Ihnen etwas Verd\u00e4chtiges auff\u00e4llt oder Sie Bedenken haben, kontaktieren Sie uns bitte umgehend, damit wir alle notwendigen Schritte zur Untersuchung, Behebung und zum Schutz Ihrer pers\u00f6nlichen Daten einleiten k\u00f6nnen.\u00a0<\/p><p class=\"x_MsoNormal\">F\u00fcr Fragen oder Unterst\u00fctzung wenden Sie sich bitte an unseren Datenschutzbeauftragten:<\/p><\/div><\/div>\t\t\t\t\t\t\t\t<\/div>\n\t\t\t\t<\/div>\r\n\t\t<div class=\"elementor-element elementor-element-e8a03ac e-con-full e-flex e-con e-child\" data-id=\"e8a03ac\" data-element_type=\"container\" data-e-type=\"container\">\t\t<div class=\"elementor-element elementor-element-f871ac8 elementor-widget elementor-widget-html\" data-id=\"f871ac8\" data-element_type=\"widget\" data-e-type=\"widget\" data-widget_type=\"html.default\">\n\t\t\t\t\t<style>\n.custom-table {\n    border-collapse: collapse;\n    width: 100%;\n}\n\n.custom-table,\n.custom-table td,\n.custom-table th {\n    border: 1px solid #202020;\n}\n\n.custom-table td {\n    padding: 12px;\n    vertical-align: top;\n}\n<\/style>\n\n<table class=\"custom-table\">\n  <tbody>\n    <tr>\n      <td><strong>B2BE Ansprechpartner<\/strong><\/td>\n      <td>\n        Ye Tsun Wong<br>\n        Datenschutzbeauftragter\n      <\/td>\n    <\/tr>\n    <tr>\n      <td><strong>Postanschrift (pro Einheit)<\/strong><\/td>\n      <td>\n        B2BE Pty Ltd: 93 Palmerston Crescent, South Melbourne, VIC 3205<br><br>\n        B2BE Canada Ltd: 205 Placer Ct. Unit 203, North York, ON M2H 0A9<br><br>\n        B2BE CN Ltd: 205, 2. Stock, Geb\u00e4ude 2, Shangfeng Park, Baijatuan, Peking 100000<br><br>\n        B2BE France SAS: 19 Boulevard Malesherbes, 75008 Paris<br><br>\n        B2BE Germany GmbH: Alfred-Herrhausen-Allee 3\u20135, 65760 Eschborn<br><br>\n        B2BE Hong Kong Ltd: 5\/F 180 Hennessy Road, Wan Chai, Hong Kong<br><br>\n        B2BE.com India Private Ltd: Spaces Olympia, Olympia Technology Park, 10. Stock, Citius Block, 1-SIDCO Industrial Estate, Guindy, Chennai 600032<br><br>\n        PT B2BE Solutions Indonesien: Business Park Keborn Jeruk, Block H1-H2, Jl. Raya Meruya Ilir Nr. 88, Jakarta Barat 116220<br><br>\n        B2BE Japan Ltd: Ueuchi Bldg. 2A, 1-20-9, Nakacjo, Musashino-shi, Tokio 180-0006<br><br>\n        B2BE Malaysia SDN. BHD: Suite A809, Jalan 16\/11, Phileo Damansara 1, Off Jalan Damansara, 46350 Petaling Jaya, Selangor Darul Ehsan<br><br>\n        B2BE GSS (Mauritius) Ltd: LOT T06, Dritter Stock, Coeur de Ville Grand Bay, Commercial Centre, La Salette Road, Grand Bay<br><br>\n        B2BE B.V.: 4. Etage, Savannahweg 17, 3542AW Utrecht<br><br>\n        B2BE NZ Pty Ltd: Suite 7.02, Level 7, Building 5, Central Park Corporate Centre, 666 Great South Road, Ellerslie, Auckland 1051<br><br>\n        B2BE.com Philippines Inc.: Unit 302 Rufino VAR Building, 6784 Ayala Avenue Ecke V.A. Rufino Street, Makati City 1200<br><br>\n        B2BE Asia Pte Ltd: 120 Lower Delta Road #12-02, Cendex Centre, 169208<br><br>\n        B2BE SARL: Europaallee 41, 80212 Z\u00fcrich<br><br>\n        B2BE Ltd: Lyndon House, 62 Hagley Road, Birmingham, B16 8PE<br><br>\n        B2BE LLC: 1005 Congress Avenue, Suite 925, Austin 78701<br><br>\n        B2BE GSS (Vietnam) Co Ltd: 4. Stock Loyal Building, Nr. 151\u2013151 Bis Vo Thi Sau Street, Xuan Hoa Ward, Ho Chi Minh City\n      <\/td>\n    <\/tr>\n    <tr>\n      <td><strong>E-Mail-Adresse<\/strong><\/td>\n      <td>\n        <a href=\"mailto:privacy@b2be.com\">privacy@b2be.com<\/a>\n      <\/td>\n    <\/tr>\n  <\/tbody>\n<\/table>\n\t\t\t\t<\/div>\n\t\t\t\t<\/div>\r\n\t\t<div class=\"elementor-element elementor-element-4f2ad40 e-con-full e-flex e-con e-child\" data-id=\"4f2ad40\" data-element_type=\"container\" data-e-type=\"container\">\t\t<div class=\"elementor-element elementor-element-0557482 elementor-widget elementor-widget-text-editor\" data-id=\"0557482\" data-element_type=\"widget\" data-e-type=\"widget\" data-widget_type=\"text-editor.default\">\n\t\t\t\t\t\t\t\t\t<div class=\"elementor-element elementor-element-db01310 elementor-widget elementor-widget-text-editor\" data-id=\"db01310\" data-element_type=\"widget\" data-widget_type=\"text-editor.default\"><div class=\"elementor-widget-container\"><p class=\"x_MsoNormal\">Wir bleiben bestrebt, relevante Updates transparent und verantwortungsbewusst bereitzustellen, in voller \u00dcbereinstimmung mit den gesetzlichen Anforderungen gem\u00e4\u00df den einschl\u00e4gigen globalen Datenschutzgesetzen.\u00a0<\/p><p class=\"x_MsoNormal\">B2BE nimmt die Sicherheit und den Schutz personenbezogener Daten sehr ernst. Wir verpflichten uns zu kontinuierlicher \u00dcberwachung, Systemverbesserungen und zur Verhinderung zuk\u00fcnftiger Zwischenf\u00e4lle. Wir werden weitere Updates bereitstellen, sobald neue wesentliche Informationen verf\u00fcgbar sind.<\/p><p class=\"x_MsoNormal\">Vielen Dank f\u00fcr Ihr anhaltendes Vertrauen in B2BE.<\/p><p class=\"x_MsoNormal\">Ye Tsun Wong<br \/><b>Datenschutzbeauftragter\u00a0<br \/><\/b>B2BE<\/p><\/div><\/div>\t\t\t\t\t\t\t\t<\/div>\n\t\t\t\t<\/div>\r\n\t\t<div class=\"elementor-element elementor-element-9db4eb9 e-con-full e-flex e-con e-child\" data-id=\"9db4eb9\" data-element_type=\"container\" data-e-type=\"container\">\t\t<\/div>\r\n\t\t\t\t\t<\/div>\r\n\t\t\t\t<\/div>\r\n\t\t\t\t<\/div>\r\n\t\t\t\t\t<\/div>\r\n\t\t\t\t<\/div>\r\n\t\t\t\t<\/div>","protected":false},"excerpt":{"rendered":"<p>Back to News 17\/12\/2025 Employee B2BE Cyber Security Incident Update B2BE is providing an update on a recent cybersecurity incident involving unauthorised access to certain internal systems. On 9 December 2025, we detected malware deployed by a malicious actor on one of our internal servers. We immediately activated our incident response protocols, isolated the affected [&hellip;]<\/p>\n","protected":false},"author":1,"featured_media":0,"parent":3831,"menu_order":0,"comment_status":"closed","ping_status":"closed","template":"","meta":{"footnotes":""},"class_list":["post-4577","page","type-page","status-publish","hentry"],"yoast_head":"<!-- This site is optimized with the Yoast SEO plugin v27.3 - https:\/\/yoast.com\/product\/yoast-seo-wordpress\/ -->\n<title>Employee B2BE Cyber Security Incident Update - B2BE<\/title>\n<meta name=\"robots\" content=\"noindex, follow, max-snippet:-1, max-image-preview:large, max-video-preview:-1\" \/>\n<meta property=\"og:locale\" content=\"de_DE\" \/>\n<meta property=\"og:type\" content=\"article\" \/>\n<meta property=\"og:title\" content=\"Employee B2BE Cyber Security Incident Update - B2BE\" \/>\n<meta property=\"og:description\" content=\"Back to News 17\/12\/2025 Employee B2BE Cyber Security Incident Update B2BE is providing an update on a recent cybersecurity incident involving unauthorised access to certain internal systems. On 9 December 2025, we detected malware deployed by a malicious actor on one of our internal servers. We immediately activated our incident response protocols, isolated the affected [&hellip;]\" \/>\n<meta property=\"og:url\" content=\"https:\/\/web-uat.b2be.com\/de\/news\/employee-b2be-cyber-security-incident-update\/\" \/>\n<meta property=\"og:site_name\" content=\"B2BE\" \/>\n<meta property=\"article:publisher\" content=\"https:\/\/www.facebook.com\/B2BE-1522220608096071\/\" \/>\n<meta property=\"article:modified_time\" content=\"2026-04-09T06:40:20+00:00\" \/>\n<meta name=\"twitter:card\" content=\"summary_large_image\" \/>\n<meta name=\"twitter:site\" content=\"@B2BeSolutions\" \/>\n<meta name=\"twitter:label1\" content=\"Gesch\u00e4tzte Lesezeit\" \/>\n\t<meta name=\"twitter:data1\" content=\"3\u00a0Minuten\" \/>\n<script type=\"application\/ld+json\" class=\"yoast-schema-graph\">{\"@context\":\"https:\\\/\\\/schema.org\",\"@graph\":[{\"@type\":\"WebPage\",\"@id\":\"https:\\\/\\\/web-uat.b2be.com\\\/news\\\/employee-b2be-cyber-security-incident-update\\\/\",\"url\":\"https:\\\/\\\/web-uat.b2be.com\\\/news\\\/employee-b2be-cyber-security-incident-update\\\/\",\"name\":\"Employee B2BE Cyber Security Incident Update - B2BE\",\"isPartOf\":{\"@id\":\"https:\\\/\\\/web-uat.b2be.com\\\/#website\"},\"datePublished\":\"2026-02-24T08:13:52+00:00\",\"dateModified\":\"2026-04-09T06:40:20+00:00\",\"breadcrumb\":{\"@id\":\"https:\\\/\\\/web-uat.b2be.com\\\/news\\\/employee-b2be-cyber-security-incident-update\\\/#breadcrumb\"},\"inLanguage\":\"de\",\"potentialAction\":[{\"@type\":\"ReadAction\",\"target\":[\"https:\\\/\\\/web-uat.b2be.com\\\/news\\\/employee-b2be-cyber-security-incident-update\\\/\"]}]},{\"@type\":\"BreadcrumbList\",\"@id\":\"https:\\\/\\\/web-uat.b2be.com\\\/news\\\/employee-b2be-cyber-security-incident-update\\\/#breadcrumb\",\"itemListElement\":[{\"@type\":\"ListItem\",\"position\":1,\"name\":\"Home\",\"item\":\"https:\\\/\\\/web-uat.b2be.com\\\/\"},{\"@type\":\"ListItem\",\"position\":2,\"name\":\"News\",\"item\":\"https:\\\/\\\/web-uat.b2be.com\\\/news\\\/\"},{\"@type\":\"ListItem\",\"position\":3,\"name\":\"Employee B2BE Cyber Security Incident Update\"}]},{\"@type\":\"WebSite\",\"@id\":\"https:\\\/\\\/web-uat.b2be.com\\\/#website\",\"url\":\"https:\\\/\\\/web-uat.b2be.com\\\/\",\"name\":\"B2BE e-Solutions\",\"description\":\"\",\"publisher\":{\"@id\":\"https:\\\/\\\/web-uat.b2be.com\\\/#organization\"},\"potentialAction\":[{\"@type\":\"SearchAction\",\"target\":{\"@type\":\"EntryPoint\",\"urlTemplate\":\"https:\\\/\\\/web-uat.b2be.com\\\/?s={search_term_string}\"},\"query-input\":{\"@type\":\"PropertyValueSpecification\",\"valueRequired\":true,\"valueName\":\"search_term_string\"}}],\"inLanguage\":\"de\"},{\"@type\":\"Organization\",\"@id\":\"https:\\\/\\\/web-uat.b2be.com\\\/#organization\",\"name\":\"B2BE Group of Companies\",\"url\":\"https:\\\/\\\/web-uat.b2be.com\\\/\",\"logo\":{\"@type\":\"ImageObject\",\"inLanguage\":\"de\",\"@id\":\"https:\\\/\\\/web-uat.b2be.com\\\/#\\\/schema\\\/logo\\\/image\\\/\",\"url\":\"https:\\\/\\\/web-uat.b2be.com\\\/wp-content\\\/uploads\\\/2026\\\/01\\\/converted-image.png\",\"contentUrl\":\"https:\\\/\\\/web-uat.b2be.com\\\/wp-content\\\/uploads\\\/2026\\\/01\\\/converted-image.png\",\"width\":600,\"height\":228,\"caption\":\"B2BE Group of Companies\"},\"image\":{\"@id\":\"https:\\\/\\\/web-uat.b2be.com\\\/#\\\/schema\\\/logo\\\/image\\\/\"},\"sameAs\":[\"https:\\\/\\\/www.facebook.com\\\/B2BE-1522220608096071\\\/\",\"https:\\\/\\\/x.com\\\/B2BeSolutions\",\"https:\\\/\\\/www.linkedin.com\\\/company\\\/b2be\"]}]}<\/script>\n<!-- \/ Yoast SEO plugin. -->","yoast_head_json":{"title":"Employee B2BE Cyber Security Incident Update - B2BE","robots":{"index":"noindex","follow":"follow","max-snippet":"max-snippet:-1","max-image-preview":"max-image-preview:large","max-video-preview":"max-video-preview:-1"},"og_locale":"de_DE","og_type":"article","og_title":"Employee B2BE Cyber Security Incident Update - B2BE","og_description":"Back to News 17\/12\/2025 Employee B2BE Cyber Security Incident Update B2BE is providing an update on a recent cybersecurity incident involving unauthorised access to certain internal systems. On 9 December 2025, we detected malware deployed by a malicious actor on one of our internal servers. We immediately activated our incident response protocols, isolated the affected [&hellip;]","og_url":"https:\/\/web-uat.b2be.com\/de\/news\/employee-b2be-cyber-security-incident-update\/","og_site_name":"B2BE","article_publisher":"https:\/\/www.facebook.com\/B2BE-1522220608096071\/","article_modified_time":"2026-04-09T06:40:20+00:00","twitter_card":"summary_large_image","twitter_site":"@B2BeSolutions","twitter_misc":{"Gesch\u00e4tzte Lesezeit":"3\u00a0Minuten"},"schema":{"@context":"https:\/\/schema.org","@graph":[{"@type":"WebPage","@id":"https:\/\/web-uat.b2be.com\/news\/employee-b2be-cyber-security-incident-update\/","url":"https:\/\/web-uat.b2be.com\/news\/employee-b2be-cyber-security-incident-update\/","name":"Employee B2BE Cyber Security Incident Update - B2BE","isPartOf":{"@id":"https:\/\/web-uat.b2be.com\/#website"},"datePublished":"2026-02-24T08:13:52+00:00","dateModified":"2026-04-09T06:40:20+00:00","breadcrumb":{"@id":"https:\/\/web-uat.b2be.com\/news\/employee-b2be-cyber-security-incident-update\/#breadcrumb"},"inLanguage":"de","potentialAction":[{"@type":"ReadAction","target":["https:\/\/web-uat.b2be.com\/news\/employee-b2be-cyber-security-incident-update\/"]}]},{"@type":"BreadcrumbList","@id":"https:\/\/web-uat.b2be.com\/news\/employee-b2be-cyber-security-incident-update\/#breadcrumb","itemListElement":[{"@type":"ListItem","position":1,"name":"Home","item":"https:\/\/web-uat.b2be.com\/"},{"@type":"ListItem","position":2,"name":"News","item":"https:\/\/web-uat.b2be.com\/news\/"},{"@type":"ListItem","position":3,"name":"Employee B2BE Cyber Security Incident Update"}]},{"@type":"WebSite","@id":"https:\/\/web-uat.b2be.com\/#website","url":"https:\/\/web-uat.b2be.com\/","name":"B2BE e-Solutions","description":"","publisher":{"@id":"https:\/\/web-uat.b2be.com\/#organization"},"potentialAction":[{"@type":"SearchAction","target":{"@type":"EntryPoint","urlTemplate":"https:\/\/web-uat.b2be.com\/?s={search_term_string}"},"query-input":{"@type":"PropertyValueSpecification","valueRequired":true,"valueName":"search_term_string"}}],"inLanguage":"de"},{"@type":"Organization","@id":"https:\/\/web-uat.b2be.com\/#organization","name":"B2BE Group of Companies","url":"https:\/\/web-uat.b2be.com\/","logo":{"@type":"ImageObject","inLanguage":"de","@id":"https:\/\/web-uat.b2be.com\/#\/schema\/logo\/image\/","url":"https:\/\/web-uat.b2be.com\/wp-content\/uploads\/2026\/01\/converted-image.png","contentUrl":"https:\/\/web-uat.b2be.com\/wp-content\/uploads\/2026\/01\/converted-image.png","width":600,"height":228,"caption":"B2BE Group of Companies"},"image":{"@id":"https:\/\/web-uat.b2be.com\/#\/schema\/logo\/image\/"},"sameAs":["https:\/\/www.facebook.com\/B2BE-1522220608096071\/","https:\/\/x.com\/B2BeSolutions","https:\/\/www.linkedin.com\/company\/b2be"]}]}},"_links":{"self":[{"href":"https:\/\/web-uat.b2be.com\/de\/wp-json\/wp\/v2\/pages\/4577","targetHints":{"allow":["GET"]}}],"collection":[{"href":"https:\/\/web-uat.b2be.com\/de\/wp-json\/wp\/v2\/pages"}],"about":[{"href":"https:\/\/web-uat.b2be.com\/de\/wp-json\/wp\/v2\/types\/page"}],"author":[{"embeddable":true,"href":"https:\/\/web-uat.b2be.com\/de\/wp-json\/wp\/v2\/users\/1"}],"replies":[{"embeddable":true,"href":"https:\/\/web-uat.b2be.com\/de\/wp-json\/wp\/v2\/comments?post=4577"}],"version-history":[{"count":16,"href":"https:\/\/web-uat.b2be.com\/de\/wp-json\/wp\/v2\/pages\/4577\/revisions"}],"predecessor-version":[{"id":9337,"href":"https:\/\/web-uat.b2be.com\/de\/wp-json\/wp\/v2\/pages\/4577\/revisions\/9337"}],"up":[{"embeddable":true,"href":"https:\/\/web-uat.b2be.com\/de\/wp-json\/wp\/v2\/pages\/3831"}],"wp:attachment":[{"href":"https:\/\/web-uat.b2be.com\/de\/wp-json\/wp\/v2\/media?parent=4577"}],"curies":[{"name":"wp","href":"https:\/\/api.w.org\/{rel}","templated":true}]}}