{"id":4576,"date":"2026-02-24T08:10:38","date_gmt":"2026-02-24T08:10:38","guid":{"rendered":"https:\/\/web-uat.b2be.com\/?page_id=4576"},"modified":"2026-04-09T06:35:46","modified_gmt":"2026-04-09T06:35:46","slug":"customer-supplier-b2be-cyber-security-incident-update","status":"publish","type":"page","link":"https:\/\/web-uat.b2be.com\/de\/news\/customer-supplier-b2be-cyber-security-incident-update\/","title":{"rendered":"Customer &#038; Supplier B2BE Cyber Security Incident Update"},"content":{"rendered":"<div data-elementor-type=\"wp-page\" data-elementor-id=\"4576\" class=\"elementor elementor-4576\" data-elementor-post-type=\"page\">\n\t\t\t\t<div class=\"elementor-element elementor-element-6051966 e-flex e-con-boxed e-con e-parent\" data-id=\"6051966\" data-element_type=\"container\" data-e-type=\"container\">\t\t\t<div class=\"e-con-inner\">\r\n\t\t<div class=\"elementor-element elementor-element-5541ca6 e-con-full e-flex e-con e-child\" data-id=\"5541ca6\" data-element_type=\"container\" data-e-type=\"container\" data-settings=\"{&quot;background_background&quot;:&quot;classic&quot;}\"><div class=\"elementor-element elementor-element-a8d5f04 e-flex e-con-boxed e-con e-child\" data-id=\"a8d5f04\" data-element_type=\"container\" data-e-type=\"container\">\t\t\t<div class=\"e-con-inner\">\r\n\t\t<div class=\"elementor-element elementor-element-5951c2d e-con-full e-flex e-con e-child\" data-id=\"5951c2d\" data-element_type=\"container\" data-e-type=\"container\">\t\t<div class=\"elementor-element elementor-element-97177cc elementor-position-inline-start elementor-view-default elementor-mobile-position-block-start elementor-widget elementor-widget-icon-box\" data-id=\"97177cc\" data-element_type=\"widget\" data-e-type=\"widget\" data-widget_type=\"icon-box.default\">\n\t\t\t\t\t\t\t<div class=\"elementor-icon-box-wrapper\">\n\n\t\t\t\t\t\t<div class=\"elementor-icon-box-icon\">\n\t\t\t\t<a href=\"\/de\/news\/\" class=\"elementor-icon\" tabindex=\"-1\" aria-label=\"Zur\u00fcck zu den Nachrichten\">\n\t\t\t\t<i aria-hidden=\"true\" class=\"far fa-angle-left\"><\/i>\t\t\t\t<\/a>\n\t\t\t<\/div>\n\t\t\t\n\t\t\t\t\t\t<div class=\"elementor-icon-box-content\">\n\n\t\t\t\t\t\t\t\t\t<h3 class=\"elementor-icon-box-title\">\n\t\t\t\t\t\t<a href=\"\/de\/news\/\" >\n\t\t\t\t\t\t\tZur\u00fcck zu den Nachrichten\t\t\t\t\t\t<\/a>\n\t\t\t\t\t<\/h3>\n\t\t\t\t\n\t\t\t\t\n\t\t\t<\/div>\n\t\t\t\n\t\t<\/div>\n\t\t\t\t\t\t<\/div>\n\t\t\t\t<\/div>\r\n\t\t\t\t<div class=\"elementor-element elementor-element-35bd769 elementor-widget elementor-widget-heading\" data-id=\"35bd769\" data-element_type=\"widget\" data-e-type=\"widget\" data-widget_type=\"heading.default\">\n\t\t\t\t\t<div class=\"elementor-heading-title elementor-size-default\">17\/12\/2025<\/div>\t\t\t\t<\/div>\n\t\t\t\t<div class=\"elementor-element elementor-element-4929841 elementor-widget elementor-widget-heading\" data-id=\"4929841\" data-element_type=\"widget\" data-e-type=\"widget\" data-widget_type=\"heading.default\">\n\t\t\t\t\t<h1 class=\"elementor-heading-title elementor-size-default\">Update zu Sicherheitsvorf\u00e4llen bei Kunden und Lieferanten (B2BE)<\/h1>\t\t\t\t<\/div>\n\t\t<div class=\"elementor-element elementor-element-6fa5a58 e-con-full e-flex e-con e-child\" data-id=\"6fa5a58\" data-element_type=\"container\" data-e-type=\"container\">\t\t<div class=\"elementor-element elementor-element-51d1329 elementor-widget elementor-widget-text-editor\" data-id=\"51d1329\" data-element_type=\"widget\" data-e-type=\"widget\" data-widget_type=\"text-editor.default\">\n\t\t\t\t\t\t\t\t\t<p class=\"x_MsoNormal\">B2BE wurde k\u00fcrzlich auf einen Cybersicherheitsvorfall aufmerksam, der unbefugten Zugriff auf bestimmte interne Systeme beinhaltete.\u00a0<\/p><p class=\"x_MsoNormal\">Am 9. Dezember 2025 entdeckten wir einen Online-Beitrag auf einer Datenleckseite, der angeblich Informationen enthielt, die aus unserem Netzwerk entfernt wurden. Wir haben sofort eine umfassende Reaktion eingeleitet und f\u00fchrende unabh\u00e4ngige Cybersicherheitsexperten beauftragt, die Art und das Ausma\u00df des Vorfalls zu untersuchen. Wir kooperieren auch voll und ganz mit den zust\u00e4ndigen staatlichen Beh\u00f6rden und Aufsichtsbeh\u00f6rden.<\/p><p class=\"x_MsoNormal\">Unsere laufenden Untersuchungen deuten darauf hin, dass der Vorfall auf interne B2BE-Systeme beschr\u00e4nkt ist. Zum jetzigen Zeitpunkt gehen wir davon aus, dass keine Produktionssysteme oder Kundendaten betroffen sind. Die Untersuchungen werden fortgesetzt, und f\u00fcr den unwahrscheinlichen Fall, dass Kundendaten aus unseren Produktionssystemen kompromittiert wurden, werden wir die betroffenen Parteien direkt kontaktieren.<\/p><p class=\"x_MsoNormal\"><b>Informationen f\u00fcr Kunden<\/b><\/p><p class=\"x_MsoNormal\"><i>Die Sicherheit und der Datenschutz unserer Kunden und Partner bleiben unsere oberste Priorit\u00e4t. Wir bitten um Ihr Verst\u00e4ndnis w\u00e4hrend wir diese Angelegenheit bearbeiten und werden Sie bei Bedarf \u00fcber Neuigkeiten auf dem Laufenden halten.<\/i><\/p><p class=\"x_MsoNormal\"><b>Informationen f\u00fcr B2BE-Lieferanten<\/b><\/p><p class=\"x_MsoNormal\"><i>Da der Vorfall interne B2BE-Systeme betraf, k\u00f6nnten bestimmte Informationen \u00fcber unsere Lieferanten zug\u00e4nglich gewesen sein. Wir bewerten weiterhin die spezifischen Details und werden betroffene Lieferanten gegebenenfalls direkt informieren.<\/i><\/p><p class=\"x_MsoNormal\">Wenn Sie Fragen oder Bedenken haben, wenden Sie sich bitte an unser engagiertes Team unter\u00a0<strong><a title=\"mailto:security@b2be.com\" href=\"mailto:security@b2be.com\" data-outlook-id=\"48e59059-34cc-43bd-a78f-209b049418ab\" data-linkindex=\"1\">security@b2be.com<\/a><\/strong><\/p><p class=\"x_MsoNormal\">Wir nehmen diesen Vorfall \u00e4u\u00dferst ernst und sind bestrebt, unsere Sicherheitsma\u00dfnahmen zu verbessern, um zuk\u00fcnftige Vorf\u00e4lle zu verhindern.<\/p><p class=\"x_MsoNormal\">Vielen Dank f\u00fcr Ihr anhaltendes Vertrauen in B2BE.<\/p><p class=\"x_MsoNormal\"><b>B2BE Managementteam<\/b><\/p>\t\t\t\t\t\t\t\t<\/div>\n\t\t\t\t<\/div>\r\n\t\t<div class=\"elementor-element elementor-element-9db4eb9 e-con-full e-flex e-con e-child\" data-id=\"9db4eb9\" data-element_type=\"container\" data-e-type=\"container\">\t\t<\/div>\r\n\t\t\t\t\t<\/div>\r\n\t\t\t\t<\/div>\r\n\t\t\t\t<\/div>\r\n\t\t\t\t\t<\/div>\r\n\t\t\t\t<\/div>\r\n\t\t\t\t<\/div>","protected":false},"excerpt":{"rendered":"<p>Back to News 17\/12\/2025 Customer &amp; Supplier B2BE Cyber Security Incident Update B2BE has recently become aware of a cybersecurity incident involving unauthorised access to certain internal systems.\u00a0 On December 9, 2025, we identified an online post on a data leak site claiming to contain information removed from our network. We immediately initiated a comprehensive [&hellip;]<\/p>\n","protected":false},"author":1,"featured_media":0,"parent":3831,"menu_order":0,"comment_status":"closed","ping_status":"closed","template":"","meta":{"footnotes":""},"class_list":["post-4576","page","type-page","status-publish","hentry"],"yoast_head":"<!-- This site is optimized with the Yoast SEO plugin v27.3 - https:\/\/yoast.com\/product\/yoast-seo-wordpress\/ -->\n<title>Customer &amp; Supplier B2BE Cyber Security Incident Update - B2BE<\/title>\n<meta name=\"robots\" content=\"noindex, follow, max-snippet:-1, max-image-preview:large, max-video-preview:-1\" \/>\n<meta property=\"og:locale\" content=\"de_DE\" \/>\n<meta property=\"og:type\" content=\"article\" \/>\n<meta property=\"og:title\" content=\"Customer &amp; Supplier B2BE Cyber Security Incident Update - B2BE\" \/>\n<meta property=\"og:description\" content=\"Back to News 17\/12\/2025 Customer &amp; Supplier B2BE Cyber Security Incident Update B2BE has recently become aware of a cybersecurity incident involving unauthorised access to certain internal systems.\u00a0 On December 9, 2025, we identified an online post on a data leak site claiming to contain information removed from our network. We immediately initiated a comprehensive [&hellip;]\" \/>\n<meta property=\"og:url\" content=\"https:\/\/web-uat.b2be.com\/de\/news\/customer-supplier-b2be-cyber-security-incident-update\/\" \/>\n<meta property=\"og:site_name\" content=\"B2BE\" \/>\n<meta property=\"article:publisher\" content=\"https:\/\/www.facebook.com\/B2BE-1522220608096071\/\" \/>\n<meta property=\"article:modified_time\" content=\"2026-04-09T06:35:46+00:00\" \/>\n<meta name=\"twitter:card\" content=\"summary_large_image\" \/>\n<meta name=\"twitter:site\" content=\"@B2BeSolutions\" \/>\n<meta name=\"twitter:label1\" content=\"Gesch\u00e4tzte Lesezeit\" \/>\n\t<meta name=\"twitter:data1\" content=\"1\u00a0Minute\" \/>\n<script type=\"application\/ld+json\" class=\"yoast-schema-graph\">{\"@context\":\"https:\\\/\\\/schema.org\",\"@graph\":[{\"@type\":\"WebPage\",\"@id\":\"https:\\\/\\\/web-uat.b2be.com\\\/news\\\/customer-supplier-b2be-cyber-security-incident-update\\\/\",\"url\":\"https:\\\/\\\/web-uat.b2be.com\\\/news\\\/customer-supplier-b2be-cyber-security-incident-update\\\/\",\"name\":\"Customer & Supplier B2BE Cyber Security Incident Update - B2BE\",\"isPartOf\":{\"@id\":\"https:\\\/\\\/web-uat.b2be.com\\\/#website\"},\"datePublished\":\"2026-02-24T08:10:38+00:00\",\"dateModified\":\"2026-04-09T06:35:46+00:00\",\"breadcrumb\":{\"@id\":\"https:\\\/\\\/web-uat.b2be.com\\\/news\\\/customer-supplier-b2be-cyber-security-incident-update\\\/#breadcrumb\"},\"inLanguage\":\"de\",\"potentialAction\":[{\"@type\":\"ReadAction\",\"target\":[\"https:\\\/\\\/web-uat.b2be.com\\\/news\\\/customer-supplier-b2be-cyber-security-incident-update\\\/\"]}]},{\"@type\":\"BreadcrumbList\",\"@id\":\"https:\\\/\\\/web-uat.b2be.com\\\/news\\\/customer-supplier-b2be-cyber-security-incident-update\\\/#breadcrumb\",\"itemListElement\":[{\"@type\":\"ListItem\",\"position\":1,\"name\":\"Home\",\"item\":\"https:\\\/\\\/web-uat.b2be.com\\\/\"},{\"@type\":\"ListItem\",\"position\":2,\"name\":\"News\",\"item\":\"https:\\\/\\\/web-uat.b2be.com\\\/news\\\/\"},{\"@type\":\"ListItem\",\"position\":3,\"name\":\"Customer &#038; Supplier B2BE Cyber Security Incident Update\"}]},{\"@type\":\"WebSite\",\"@id\":\"https:\\\/\\\/web-uat.b2be.com\\\/#website\",\"url\":\"https:\\\/\\\/web-uat.b2be.com\\\/\",\"name\":\"B2BE e-Solutions\",\"description\":\"\",\"publisher\":{\"@id\":\"https:\\\/\\\/web-uat.b2be.com\\\/#organization\"},\"potentialAction\":[{\"@type\":\"SearchAction\",\"target\":{\"@type\":\"EntryPoint\",\"urlTemplate\":\"https:\\\/\\\/web-uat.b2be.com\\\/?s={search_term_string}\"},\"query-input\":{\"@type\":\"PropertyValueSpecification\",\"valueRequired\":true,\"valueName\":\"search_term_string\"}}],\"inLanguage\":\"de\"},{\"@type\":\"Organization\",\"@id\":\"https:\\\/\\\/web-uat.b2be.com\\\/#organization\",\"name\":\"B2BE Group of Companies\",\"url\":\"https:\\\/\\\/web-uat.b2be.com\\\/\",\"logo\":{\"@type\":\"ImageObject\",\"inLanguage\":\"de\",\"@id\":\"https:\\\/\\\/web-uat.b2be.com\\\/#\\\/schema\\\/logo\\\/image\\\/\",\"url\":\"https:\\\/\\\/web-uat.b2be.com\\\/wp-content\\\/uploads\\\/2026\\\/01\\\/converted-image.png\",\"contentUrl\":\"https:\\\/\\\/web-uat.b2be.com\\\/wp-content\\\/uploads\\\/2026\\\/01\\\/converted-image.png\",\"width\":600,\"height\":228,\"caption\":\"B2BE Group of Companies\"},\"image\":{\"@id\":\"https:\\\/\\\/web-uat.b2be.com\\\/#\\\/schema\\\/logo\\\/image\\\/\"},\"sameAs\":[\"https:\\\/\\\/www.facebook.com\\\/B2BE-1522220608096071\\\/\",\"https:\\\/\\\/x.com\\\/B2BeSolutions\",\"https:\\\/\\\/www.linkedin.com\\\/company\\\/b2be\"]}]}<\/script>\n<!-- \/ Yoast SEO plugin. -->","yoast_head_json":{"title":"Customer & Supplier B2BE Cyber Security Incident Update - B2BE","robots":{"index":"noindex","follow":"follow","max-snippet":"max-snippet:-1","max-image-preview":"max-image-preview:large","max-video-preview":"max-video-preview:-1"},"og_locale":"de_DE","og_type":"article","og_title":"Customer & Supplier B2BE Cyber Security Incident Update - B2BE","og_description":"Back to News 17\/12\/2025 Customer &amp; Supplier B2BE Cyber Security Incident Update B2BE has recently become aware of a cybersecurity incident involving unauthorised access to certain internal systems.\u00a0 On December 9, 2025, we identified an online post on a data leak site claiming to contain information removed from our network. We immediately initiated a comprehensive [&hellip;]","og_url":"https:\/\/web-uat.b2be.com\/de\/news\/customer-supplier-b2be-cyber-security-incident-update\/","og_site_name":"B2BE","article_publisher":"https:\/\/www.facebook.com\/B2BE-1522220608096071\/","article_modified_time":"2026-04-09T06:35:46+00:00","twitter_card":"summary_large_image","twitter_site":"@B2BeSolutions","twitter_misc":{"Gesch\u00e4tzte Lesezeit":"1\u00a0Minute"},"schema":{"@context":"https:\/\/schema.org","@graph":[{"@type":"WebPage","@id":"https:\/\/web-uat.b2be.com\/news\/customer-supplier-b2be-cyber-security-incident-update\/","url":"https:\/\/web-uat.b2be.com\/news\/customer-supplier-b2be-cyber-security-incident-update\/","name":"Customer & Supplier B2BE Cyber Security Incident Update - B2BE","isPartOf":{"@id":"https:\/\/web-uat.b2be.com\/#website"},"datePublished":"2026-02-24T08:10:38+00:00","dateModified":"2026-04-09T06:35:46+00:00","breadcrumb":{"@id":"https:\/\/web-uat.b2be.com\/news\/customer-supplier-b2be-cyber-security-incident-update\/#breadcrumb"},"inLanguage":"de","potentialAction":[{"@type":"ReadAction","target":["https:\/\/web-uat.b2be.com\/news\/customer-supplier-b2be-cyber-security-incident-update\/"]}]},{"@type":"BreadcrumbList","@id":"https:\/\/web-uat.b2be.com\/news\/customer-supplier-b2be-cyber-security-incident-update\/#breadcrumb","itemListElement":[{"@type":"ListItem","position":1,"name":"Home","item":"https:\/\/web-uat.b2be.com\/"},{"@type":"ListItem","position":2,"name":"News","item":"https:\/\/web-uat.b2be.com\/news\/"},{"@type":"ListItem","position":3,"name":"Customer &#038; Supplier B2BE Cyber Security Incident Update"}]},{"@type":"WebSite","@id":"https:\/\/web-uat.b2be.com\/#website","url":"https:\/\/web-uat.b2be.com\/","name":"B2BE e-Solutions","description":"","publisher":{"@id":"https:\/\/web-uat.b2be.com\/#organization"},"potentialAction":[{"@type":"SearchAction","target":{"@type":"EntryPoint","urlTemplate":"https:\/\/web-uat.b2be.com\/?s={search_term_string}"},"query-input":{"@type":"PropertyValueSpecification","valueRequired":true,"valueName":"search_term_string"}}],"inLanguage":"de"},{"@type":"Organization","@id":"https:\/\/web-uat.b2be.com\/#organization","name":"B2BE Group of Companies","url":"https:\/\/web-uat.b2be.com\/","logo":{"@type":"ImageObject","inLanguage":"de","@id":"https:\/\/web-uat.b2be.com\/#\/schema\/logo\/image\/","url":"https:\/\/web-uat.b2be.com\/wp-content\/uploads\/2026\/01\/converted-image.png","contentUrl":"https:\/\/web-uat.b2be.com\/wp-content\/uploads\/2026\/01\/converted-image.png","width":600,"height":228,"caption":"B2BE Group of Companies"},"image":{"@id":"https:\/\/web-uat.b2be.com\/#\/schema\/logo\/image\/"},"sameAs":["https:\/\/www.facebook.com\/B2BE-1522220608096071\/","https:\/\/x.com\/B2BeSolutions","https:\/\/www.linkedin.com\/company\/b2be"]}]}},"_links":{"self":[{"href":"https:\/\/web-uat.b2be.com\/de\/wp-json\/wp\/v2\/pages\/4576","targetHints":{"allow":["GET"]}}],"collection":[{"href":"https:\/\/web-uat.b2be.com\/de\/wp-json\/wp\/v2\/pages"}],"about":[{"href":"https:\/\/web-uat.b2be.com\/de\/wp-json\/wp\/v2\/types\/page"}],"author":[{"embeddable":true,"href":"https:\/\/web-uat.b2be.com\/de\/wp-json\/wp\/v2\/users\/1"}],"replies":[{"embeddable":true,"href":"https:\/\/web-uat.b2be.com\/de\/wp-json\/wp\/v2\/comments?post=4576"}],"version-history":[{"count":40,"href":"https:\/\/web-uat.b2be.com\/de\/wp-json\/wp\/v2\/pages\/4576\/revisions"}],"predecessor-version":[{"id":9330,"href":"https:\/\/web-uat.b2be.com\/de\/wp-json\/wp\/v2\/pages\/4576\/revisions\/9330"}],"up":[{"embeddable":true,"href":"https:\/\/web-uat.b2be.com\/de\/wp-json\/wp\/v2\/pages\/3831"}],"wp:attachment":[{"href":"https:\/\/web-uat.b2be.com\/de\/wp-json\/wp\/v2\/media?parent=4576"}],"curies":[{"name":"wp","href":"https:\/\/api.w.org\/{rel}","templated":true}]}}