{"id":4277,"date":"2026-02-24T02:37:58","date_gmt":"2026-02-24T02:37:58","guid":{"rendered":"https:\/\/web-uat.b2be.com\/?page_id=4277"},"modified":"2026-04-09T07:42:10","modified_gmt":"2026-04-09T07:42:10","slug":"b2be-launches-managed-customer-invoice-distribution-solution","status":"publish","type":"page","link":"https:\/\/web-uat.b2be.com\/de\/news\/b2be-launches-managed-customer-invoice-distribution-solution\/","title":{"rendered":"B2BE startet Managed Customer Invoice Distribution-L\u00f6sung"},"content":{"rendered":"<div data-elementor-type=\"wp-page\" data-elementor-id=\"4277\" class=\"elementor elementor-4277\" data-elementor-post-type=\"page\">\n\t\t\t\t<div class=\"elementor-element elementor-element-6051966 e-flex e-con-boxed e-con e-parent\" data-id=\"6051966\" data-element_type=\"container\" data-e-type=\"container\">\t\t\t<div class=\"e-con-inner\">\r\n\t\t<div class=\"elementor-element elementor-element-5541ca6 e-con-full e-flex e-con e-child\" data-id=\"5541ca6\" data-element_type=\"container\" data-e-type=\"container\" data-settings=\"{&quot;background_background&quot;:&quot;classic&quot;}\"><div class=\"elementor-element elementor-element-a8d5f04 e-flex e-con-boxed e-con e-child\" data-id=\"a8d5f04\" data-element_type=\"container\" data-e-type=\"container\">\t\t\t<div class=\"e-con-inner\">\r\n\t\t<div class=\"elementor-element elementor-element-5951c2d e-con-full e-flex e-con e-child\" data-id=\"5951c2d\" data-element_type=\"container\" data-e-type=\"container\">\t\t<div class=\"elementor-element elementor-element-97177cc elementor-position-inline-start elementor-view-default elementor-mobile-position-block-start elementor-widget elementor-widget-icon-box\" data-id=\"97177cc\" data-element_type=\"widget\" data-e-type=\"widget\" data-widget_type=\"icon-box.default\">\n\t\t\t\t\t\t\t<div class=\"elementor-icon-box-wrapper\">\n\n\t\t\t\t\t\t<div class=\"elementor-icon-box-icon\">\n\t\t\t\t<a href=\"\/de\/news\/\" class=\"elementor-icon\" tabindex=\"-1\" aria-label=\"Zur\u00fcck zu den Nachrichten\">\n\t\t\t\t<i aria-hidden=\"true\" class=\"far fa-angle-left\"><\/i>\t\t\t\t<\/a>\n\t\t\t<\/div>\n\t\t\t\n\t\t\t\t\t\t<div class=\"elementor-icon-box-content\">\n\n\t\t\t\t\t\t\t\t\t<h3 class=\"elementor-icon-box-title\">\n\t\t\t\t\t\t<a href=\"\/de\/news\/\" >\n\t\t\t\t\t\t\tZur\u00fcck zu den Nachrichten\t\t\t\t\t\t<\/a>\n\t\t\t\t\t<\/h3>\n\t\t\t\t\n\t\t\t\t\n\t\t\t<\/div>\n\t\t\t\n\t\t<\/div>\n\t\t\t\t\t\t<\/div>\n\t\t\t\t<\/div>\r\n\t\t\t\t<div class=\"elementor-element elementor-element-35bd769 elementor-widget elementor-widget-heading\" data-id=\"35bd769\" data-element_type=\"widget\" data-e-type=\"widget\" data-widget_type=\"heading.default\">\n\t\t\t\t\t<div class=\"elementor-heading-title elementor-size-default\">11\/09\/2024<\/div>\t\t\t\t<\/div>\n\t\t\t\t<div class=\"elementor-element elementor-element-4929841 elementor-widget elementor-widget-heading\" data-id=\"4929841\" data-element_type=\"widget\" data-e-type=\"widget\" data-widget_type=\"heading.default\">\n\t\t\t\t\t<h1 class=\"elementor-heading-title elementor-size-default\">B2BE startet Managed Customer Invoice Distribution-L\u00f6sung<\/h1>\t\t\t\t<\/div>\n\t\t<div class=\"elementor-element elementor-element-474dff6 e-con-full e-flex e-con e-child\" data-id=\"474dff6\" data-element_type=\"container\" data-e-type=\"container\">\t\t<div class=\"elementor-element elementor-element-257020e elementor-widget elementor-widget-video\" data-id=\"257020e\" data-element_type=\"widget\" data-e-type=\"widget\" data-settings=\"{&quot;youtube_url&quot;:&quot;https:\\\/\\\/www.youtube.com\\\/watch?v=atbDiiP1UKA&amp;t=1s&quot;,&quot;video_type&quot;:&quot;youtube&quot;,&quot;controls&quot;:&quot;yes&quot;}\" data-widget_type=\"video.default\">\n\t\t\t\t\t\t\t<div class=\"elementor-wrapper elementor-open-inline\">\n\t\t\t<div class=\"elementor-video\"><\/div>\t\t<\/div>\n\t\t\t\t\t\t<\/div>\n\t\t\t\t<\/div>\r\n\t\t<div class=\"elementor-element elementor-element-6fa5a58 e-con-full e-flex e-con e-child\" data-id=\"6fa5a58\" data-element_type=\"container\" data-e-type=\"container\">\t\t<div class=\"elementor-element elementor-element-51d1329 elementor-widget elementor-widget-text-editor\" data-id=\"51d1329\" data-element_type=\"widget\" data-e-type=\"widget\" data-widget_type=\"text-editor.default\">\n\t\t\t\t\t\t\t\t\t<p>B2BE freut sich, die Einf\u00fchrung von Managed Customer Invoice Distribution bekannt zu geben. Diese L\u00f6sung zielt darauf ab, ein effektives Rechnungs-Tracking und -Management f\u00fcr Unternehmen zu erm\u00f6glichen.<\/p><p>Diese L\u00f6sung stellt proaktiv sicher, dass die Rechnungen beim Kunden eingehen, damit sie rechtzeitig bearbeitet und zugestellt werden k\u00f6nnen. Welche Methode oder welches Format Kunden auch bevorzugen, B2BE bietet mehrere Optionen: E-Mail, EDI, E-Invoicing, Fax oder Druck und Post. B2BE gew\u00e4hrleistet die Einhaltung der E-Invoicing-Vorschriften.<\/p><p>\u201cWir freuen uns, der Welt die Managed Customer Invoice Distribution-L\u00f6sung vorstellen zu k\u00f6nnen\u201d, sagte Joe Chng, Executive Chairman &amp; CEO bei B2BE. \u201cMit unserem Managed Service k\u00f6nnen Unternehmen eine bessere Kontrolle \u00fcber ihren Rechnungsstellungsprozess erwarten. Dies wird durch proaktive Benachrichtigungen erreicht, wenn der Kunde die Rechnungen nicht eingesehen oder erhalten hat. Das Ergebnis ist, dass die Kunden ihren Zahlungszyklus verbessern k\u00f6nnen.\u201d<\/p>\t\t\t\t\t\t\t\t<\/div>\n\t\t\t\t<\/div>\r\n\t\t<div class=\"elementor-element elementor-element-93ce25d e-con-full e-flex e-con e-child\" data-id=\"93ce25d\" data-element_type=\"container\" data-e-type=\"container\">\t\t<div class=\"elementor-element elementor-element-3cebb58 elementor-align-left elementor-widget elementor-widget-pxl_button\" data-id=\"3cebb58\" data-element_type=\"widget\" data-e-type=\"widget\" data-widget_type=\"pxl_button.default\">\n\t\t\t\t<div class=\"elementor-widget-container\">\n\t\t\t\t\t<div id=\"pxl-pxl_button-3cebb58-7336\" class=\"pxl-button pxl-atc-link\" data-wow-delay=\"ms\">\r\n    <a href=\"\/de\/order-to-cash\/managed-invoice-distribution\/\" class=\"btn pxl-icon-active btn-block-inline  btn-default pxl-icon--left\">\r\n                <span class=\"pxl--btn-text\" data-text=\"Learn more\">\r\n            Mehr erfahren        <\/span>\r\n    <\/a>\r\n<\/div>\t\t\t\t<\/div>\n\t\t\t\t<\/div>\n\t\t\t\t<\/div>\r\n\t\t<div class=\"elementor-element elementor-element-9db4eb9 e-con-full e-flex e-con e-child\" data-id=\"9db4eb9\" data-element_type=\"container\" data-e-type=\"container\">\t\t<\/div>\r\n\t\t\t\t\t<\/div>\r\n\t\t\t\t<\/div>\r\n\t\t\t\t<\/div>\r\n\t\t\t\t\t<\/div>\r\n\t\t\t\t<\/div>\r\n\t\t\t\t<\/div>","protected":false},"excerpt":{"rendered":"<p>Back to news 11\/09\/2024 B2BE launches Managed Customer Invoice Distribution solution https:\/\/www.youtube.com\/watch?v=atbDiiP1UKA&#038;t=1s B2BE is excited to announce the launch of Managed Customer Invoice Distribution. This solution aims to bring effective invoice tracking and management for businesses. This solution proactively ensures that the invoices are received by the customers so that it can be processed and [&hellip;]<\/p>\n","protected":false},"author":1,"featured_media":0,"parent":3831,"menu_order":0,"comment_status":"closed","ping_status":"closed","template":"","meta":{"footnotes":""},"class_list":["post-4277","page","type-page","status-publish","hentry"],"yoast_head":"<!-- This site is optimized with the Yoast SEO plugin v27.3 - https:\/\/yoast.com\/product\/yoast-seo-wordpress\/ -->\n<title>B2BE launches Managed Customer Invoice Distribution solution - B2BE<\/title>\n<meta name=\"robots\" content=\"noindex, follow, max-snippet:-1, max-image-preview:large, max-video-preview:-1\" \/>\n<meta property=\"og:locale\" content=\"de_DE\" \/>\n<meta property=\"og:type\" content=\"article\" \/>\n<meta property=\"og:title\" content=\"B2BE launches Managed Customer Invoice Distribution solution - B2BE\" \/>\n<meta property=\"og:description\" content=\"Back to news 11\/09\/2024 B2BE launches Managed Customer Invoice Distribution solution https:\/\/www.youtube.com\/watch?v=atbDiiP1UKA&#038;t=1s B2BE is excited to announce the launch of Managed Customer Invoice Distribution. This solution aims to bring effective invoice tracking and management for businesses. This solution proactively ensures that the invoices are received by the customers so that it can be processed and [&hellip;]\" \/>\n<meta property=\"og:url\" content=\"https:\/\/web-uat.b2be.com\/de\/news\/b2be-launches-managed-customer-invoice-distribution-solution\/\" \/>\n<meta property=\"og:site_name\" content=\"B2BE\" \/>\n<meta property=\"article:publisher\" content=\"https:\/\/www.facebook.com\/B2BE-1522220608096071\/\" \/>\n<meta property=\"article:modified_time\" content=\"2026-04-09T07:42:10+00:00\" \/>\n<meta name=\"twitter:card\" content=\"summary_large_image\" \/>\n<meta name=\"twitter:site\" content=\"@B2BeSolutions\" \/>\n<meta name=\"twitter:label1\" content=\"Gesch\u00e4tzte Lesezeit\" \/>\n\t<meta name=\"twitter:data1\" content=\"1\u00a0Minute\" \/>\n<script type=\"application\/ld+json\" class=\"yoast-schema-graph\">{\"@context\":\"https:\\\/\\\/schema.org\",\"@graph\":[{\"@type\":\"WebPage\",\"@id\":\"https:\\\/\\\/web-uat.b2be.com\\\/news\\\/b2be-launches-managed-customer-invoice-distribution-solution\\\/\",\"url\":\"https:\\\/\\\/web-uat.b2be.com\\\/news\\\/b2be-launches-managed-customer-invoice-distribution-solution\\\/\",\"name\":\"B2BE launches Managed Customer Invoice Distribution solution - B2BE\",\"isPartOf\":{\"@id\":\"https:\\\/\\\/web-uat.b2be.com\\\/#website\"},\"datePublished\":\"2026-02-24T02:37:58+00:00\",\"dateModified\":\"2026-04-09T07:42:10+00:00\",\"breadcrumb\":{\"@id\":\"https:\\\/\\\/web-uat.b2be.com\\\/news\\\/b2be-launches-managed-customer-invoice-distribution-solution\\\/#breadcrumb\"},\"inLanguage\":\"de\",\"potentialAction\":[{\"@type\":\"ReadAction\",\"target\":[\"https:\\\/\\\/web-uat.b2be.com\\\/news\\\/b2be-launches-managed-customer-invoice-distribution-solution\\\/\"]}]},{\"@type\":\"BreadcrumbList\",\"@id\":\"https:\\\/\\\/web-uat.b2be.com\\\/news\\\/b2be-launches-managed-customer-invoice-distribution-solution\\\/#breadcrumb\",\"itemListElement\":[{\"@type\":\"ListItem\",\"position\":1,\"name\":\"Home\",\"item\":\"https:\\\/\\\/web-uat.b2be.com\\\/\"},{\"@type\":\"ListItem\",\"position\":2,\"name\":\"News\",\"item\":\"https:\\\/\\\/web-uat.b2be.com\\\/news\\\/\"},{\"@type\":\"ListItem\",\"position\":3,\"name\":\"B2BE launches Managed Customer Invoice Distribution solution\"}]},{\"@type\":\"WebSite\",\"@id\":\"https:\\\/\\\/web-uat.b2be.com\\\/#website\",\"url\":\"https:\\\/\\\/web-uat.b2be.com\\\/\",\"name\":\"B2BE e-Solutions\",\"description\":\"\",\"publisher\":{\"@id\":\"https:\\\/\\\/web-uat.b2be.com\\\/#organization\"},\"potentialAction\":[{\"@type\":\"SearchAction\",\"target\":{\"@type\":\"EntryPoint\",\"urlTemplate\":\"https:\\\/\\\/web-uat.b2be.com\\\/?s={search_term_string}\"},\"query-input\":{\"@type\":\"PropertyValueSpecification\",\"valueRequired\":true,\"valueName\":\"search_term_string\"}}],\"inLanguage\":\"de\"},{\"@type\":\"Organization\",\"@id\":\"https:\\\/\\\/web-uat.b2be.com\\\/#organization\",\"name\":\"B2BE Group of Companies\",\"url\":\"https:\\\/\\\/web-uat.b2be.com\\\/\",\"logo\":{\"@type\":\"ImageObject\",\"inLanguage\":\"de\",\"@id\":\"https:\\\/\\\/web-uat.b2be.com\\\/#\\\/schema\\\/logo\\\/image\\\/\",\"url\":\"https:\\\/\\\/web-uat.b2be.com\\\/wp-content\\\/uploads\\\/2026\\\/01\\\/converted-image.png\",\"contentUrl\":\"https:\\\/\\\/web-uat.b2be.com\\\/wp-content\\\/uploads\\\/2026\\\/01\\\/converted-image.png\",\"width\":600,\"height\":228,\"caption\":\"B2BE Group of Companies\"},\"image\":{\"@id\":\"https:\\\/\\\/web-uat.b2be.com\\\/#\\\/schema\\\/logo\\\/image\\\/\"},\"sameAs\":[\"https:\\\/\\\/www.facebook.com\\\/B2BE-1522220608096071\\\/\",\"https:\\\/\\\/x.com\\\/B2BeSolutions\",\"https:\\\/\\\/www.linkedin.com\\\/company\\\/b2be\"]}]}<\/script>\n<!-- \/ Yoast SEO plugin. -->","yoast_head_json":{"title":"B2BE launches Managed Customer Invoice Distribution solution - B2BE","robots":{"index":"noindex","follow":"follow","max-snippet":"max-snippet:-1","max-image-preview":"max-image-preview:large","max-video-preview":"max-video-preview:-1"},"og_locale":"de_DE","og_type":"article","og_title":"B2BE launches Managed Customer Invoice Distribution solution - B2BE","og_description":"Back to news 11\/09\/2024 B2BE launches Managed Customer Invoice Distribution solution https:\/\/www.youtube.com\/watch?v=atbDiiP1UKA&#038;t=1s B2BE is excited to announce the launch of Managed Customer Invoice Distribution. This solution aims to bring effective invoice tracking and management for businesses. This solution proactively ensures that the invoices are received by the customers so that it can be processed and [&hellip;]","og_url":"https:\/\/web-uat.b2be.com\/de\/news\/b2be-launches-managed-customer-invoice-distribution-solution\/","og_site_name":"B2BE","article_publisher":"https:\/\/www.facebook.com\/B2BE-1522220608096071\/","article_modified_time":"2026-04-09T07:42:10+00:00","twitter_card":"summary_large_image","twitter_site":"@B2BeSolutions","twitter_misc":{"Gesch\u00e4tzte Lesezeit":"1\u00a0Minute"},"schema":{"@context":"https:\/\/schema.org","@graph":[{"@type":"WebPage","@id":"https:\/\/web-uat.b2be.com\/news\/b2be-launches-managed-customer-invoice-distribution-solution\/","url":"https:\/\/web-uat.b2be.com\/news\/b2be-launches-managed-customer-invoice-distribution-solution\/","name":"B2BE launches Managed Customer Invoice Distribution solution - B2BE","isPartOf":{"@id":"https:\/\/web-uat.b2be.com\/#website"},"datePublished":"2026-02-24T02:37:58+00:00","dateModified":"2026-04-09T07:42:10+00:00","breadcrumb":{"@id":"https:\/\/web-uat.b2be.com\/news\/b2be-launches-managed-customer-invoice-distribution-solution\/#breadcrumb"},"inLanguage":"de","potentialAction":[{"@type":"ReadAction","target":["https:\/\/web-uat.b2be.com\/news\/b2be-launches-managed-customer-invoice-distribution-solution\/"]}]},{"@type":"BreadcrumbList","@id":"https:\/\/web-uat.b2be.com\/news\/b2be-launches-managed-customer-invoice-distribution-solution\/#breadcrumb","itemListElement":[{"@type":"ListItem","position":1,"name":"Home","item":"https:\/\/web-uat.b2be.com\/"},{"@type":"ListItem","position":2,"name":"News","item":"https:\/\/web-uat.b2be.com\/news\/"},{"@type":"ListItem","position":3,"name":"B2BE launches Managed Customer Invoice Distribution solution"}]},{"@type":"WebSite","@id":"https:\/\/web-uat.b2be.com\/#website","url":"https:\/\/web-uat.b2be.com\/","name":"B2BE e-Solutions","description":"","publisher":{"@id":"https:\/\/web-uat.b2be.com\/#organization"},"potentialAction":[{"@type":"SearchAction","target":{"@type":"EntryPoint","urlTemplate":"https:\/\/web-uat.b2be.com\/?s={search_term_string}"},"query-input":{"@type":"PropertyValueSpecification","valueRequired":true,"valueName":"search_term_string"}}],"inLanguage":"de"},{"@type":"Organization","@id":"https:\/\/web-uat.b2be.com\/#organization","name":"B2BE Group of Companies","url":"https:\/\/web-uat.b2be.com\/","logo":{"@type":"ImageObject","inLanguage":"de","@id":"https:\/\/web-uat.b2be.com\/#\/schema\/logo\/image\/","url":"https:\/\/web-uat.b2be.com\/wp-content\/uploads\/2026\/01\/converted-image.png","contentUrl":"https:\/\/web-uat.b2be.com\/wp-content\/uploads\/2026\/01\/converted-image.png","width":600,"height":228,"caption":"B2BE Group of Companies"},"image":{"@id":"https:\/\/web-uat.b2be.com\/#\/schema\/logo\/image\/"},"sameAs":["https:\/\/www.facebook.com\/B2BE-1522220608096071\/","https:\/\/x.com\/B2BeSolutions","https:\/\/www.linkedin.com\/company\/b2be"]}]}},"_links":{"self":[{"href":"https:\/\/web-uat.b2be.com\/de\/wp-json\/wp\/v2\/pages\/4277","targetHints":{"allow":["GET"]}}],"collection":[{"href":"https:\/\/web-uat.b2be.com\/de\/wp-json\/wp\/v2\/pages"}],"about":[{"href":"https:\/\/web-uat.b2be.com\/de\/wp-json\/wp\/v2\/types\/page"}],"author":[{"embeddable":true,"href":"https:\/\/web-uat.b2be.com\/de\/wp-json\/wp\/v2\/users\/1"}],"replies":[{"embeddable":true,"href":"https:\/\/web-uat.b2be.com\/de\/wp-json\/wp\/v2\/comments?post=4277"}],"version-history":[{"count":130,"href":"https:\/\/web-uat.b2be.com\/de\/wp-json\/wp\/v2\/pages\/4277\/revisions"}],"predecessor-version":[{"id":9379,"href":"https:\/\/web-uat.b2be.com\/de\/wp-json\/wp\/v2\/pages\/4277\/revisions\/9379"}],"up":[{"embeddable":true,"href":"https:\/\/web-uat.b2be.com\/de\/wp-json\/wp\/v2\/pages\/3831"}],"wp:attachment":[{"href":"https:\/\/web-uat.b2be.com\/de\/wp-json\/wp\/v2\/media?parent=4277"}],"curies":[{"name":"wp","href":"https:\/\/api.w.org\/{rel}","templated":true}]}}